{"id":44544,"date":"2023-05-11T15:39:54","date_gmt":"2023-05-11T12:39:54","guid":{"rendered":"https:\/\/exlibris.ee\/toode\/genial-klick-b1-testheft-audio-cd\/"},"modified":"2026-04-04T03:09:29","modified_gmt":"2026-04-04T00:09:29","slug":"genial-klick-b1-testheft-audio-cd","status":"publish","type":"product","link":"https:\/\/exlibris.ee\/en\/product\/genial-klick-b1-testheft-audio-cd\/","title":{"rendered":"geni@l klick B1, Testheft + CD"},"content":{"rendered":"<p>Das Testheft zu geni@l klick B1 bietet zu jedem Kapitel einen Lernfortschrittstest bereitet auf die Pr\u00fcfungen \u201eZertifikat Deutsch\u201c und \u201eZertifikat B1\u201c vor \u2013 mit Modelltest zum \u201eZertifikat B1\u201c im Anhang trainiert alle vier Fertigkeiten gleicherma\u00dfen: H\u00f6ren, Schreiben, Lesen, Sprechen enth\u00e4lt eine Audio-CD und die Transkripte der H\u00f6rtexte bietet Musterl\u00f6sungen zu allen Tests.<\/p>\n","protected":false},"excerpt":{"rendered":"<p>Das Testheft zu geni@l klick B1 bietet zu jedem Kapitel einen Lernfortschrittstest bereitet auf die Pr\u00fcfungen \u201eZertifikat Deutsch\u201c und \u201eZertifikat B1\u201c vor \u2013 mit Modelltest zum \u201eZertifikat B1\u201c im Anhang trainiert alle vier Fertigkeiten gleicherma\u00dfen: H\u00f6ren, Schreiben, Lesen, Sprechen enth\u00e4lt&#8230;<\/p>\n","protected":false},"featured_media":55018,"template":"","meta":{"_acf_changed":false,"inline_featured_image":false},"product_brand":[],"product_cat":[477],"product_tag":[],"series":[{"id":856,"name":"Genial Klick B1","slug":"genial-klick-b1"}],"publisher":[{"id":473,"name":"Klett Verlag","slug":"klett-verlag"}],"class_list":{"0":"post-44544","1":"product","2":"type-product","3":"status-publish","4":"has-post-thumbnail","6":"product_cat-lehrwerke-fur-jugendliche","7":"series-genial-klick-b1","8":"publisher-klett-verlag","10":"first","11":"onbackorder","12":"taxable","13":"shipping-taxable","14":"purchasable","15":"product-type-simple"},"acf":[],"_links":{"self":[{"href":"https:\/\/exlibris.ee\/en\/wp-json\/wp\/v2\/product\/44544","targetHints":{"allow":["GET"]}}],"collection":[{"href":"https:\/\/exlibris.ee\/en\/wp-json\/wp\/v2\/product"}],"about":[{"href":"https:\/\/exlibris.ee\/en\/wp-json\/wp\/v2\/types\/product"}],"wp:featuredmedia":[{"embeddable":true,"href":"https:\/\/exlibris.ee\/en\/wp-json\/wp\/v2\/media\/55018"}],"wp:attachment":[{"href":"https:\/\/exlibris.ee\/en\/wp-json\/wp\/v2\/media?parent=44544"}],"wp:term":[{"taxonomy":"product_brand","embeddable":true,"href":"https:\/\/exlibris.ee\/en\/wp-json\/wp\/v2\/product_brand?post=44544"},{"taxonomy":"product_cat","embeddable":true,"href":"https:\/\/exlibris.ee\/en\/wp-json\/wp\/v2\/product_cat?post=44544"},{"taxonomy":"product_tag","embeddable":true,"href":"https:\/\/exlibris.ee\/en\/wp-json\/wp\/v2\/product_tag?post=44544"},{"taxonomy":"series","embeddable":true,"href":"https:\/\/exlibris.ee\/en\/wp-json\/wp\/v2\/series?post=44544"},{"taxonomy":"publisher","embeddable":true,"href":"https:\/\/exlibris.ee\/en\/wp-json\/wp\/v2\/publisher?post=44544"}],"curies":[{"name":"wp","href":"https:\/\/api.w.org\/{rel}","templated":true}]}}