{"id":44545,"date":"2023-05-11T15:39:54","date_gmt":"2023-05-11T12:39:54","guid":{"rendered":"https:\/\/exlibris.ee\/toode\/genial-klick-b1-intensivtrainer\/"},"modified":"2026-04-04T21:13:05","modified_gmt":"2026-04-04T18:13:05","slug":"genial-klick-b1-intensivtrainer","status":"publish","type":"product","link":"https:\/\/exlibris.ee\/en\/product\/genial-klick-b1-intensivtrainer\/","title":{"rendered":"geni@l klick B1, Intensivtrainer"},"content":{"rendered":"<p>Der Intensivtrainer zu genial klick B1 besteht aus einer Vielzahl zus\u00e4tzlicher \u00dcbungen erm\u00f6glicht das selbstst\u00e4ndige Wiederholen und Vertiefen von Wortschatz und Grammatik fasst die wichtigsten W\u00f6rter und S\u00e4tze am Ende jedes Kapitels zusammen enth\u00e4lt den Wortschatz des Kursbuchs in chronologischer Reihenfolge.<\/p>\n","protected":false},"excerpt":{"rendered":"<p>Der Intensivtrainer zu genial klick B1 besteht aus einer Vielzahl zus\u00e4tzlicher \u00dcbungen erm\u00f6glicht das selbstst\u00e4ndige Wiederholen und Vertiefen von Wortschatz und Grammatik fasst die wichtigsten W\u00f6rter und S\u00e4tze am Ende jedes Kapitels zusammen enth\u00e4lt den Wortschatz des Kursbuchs in chronologischer&#8230;<\/p>\n","protected":false},"featured_media":55021,"template":"","meta":{"_acf_changed":false,"inline_featured_image":false},"product_brand":[],"product_cat":[477],"product_tag":[],"series":[{"id":856,"name":"Genial Klick B1","slug":"genial-klick-b1"}],"publisher":[{"id":473,"name":"Klett Verlag","slug":"klett-verlag"}],"class_list":{"0":"post-44545","1":"product","2":"type-product","3":"status-publish","4":"has-post-thumbnail","6":"product_cat-lehrwerke-fur-jugendliche","7":"series-genial-klick-b1","8":"publisher-klett-verlag","10":"first","11":"onbackorder","12":"taxable","13":"shipping-taxable","14":"purchasable","15":"product-type-simple"},"acf":[],"_links":{"self":[{"href":"https:\/\/exlibris.ee\/en\/wp-json\/wp\/v2\/product\/44545","targetHints":{"allow":["GET"]}}],"collection":[{"href":"https:\/\/exlibris.ee\/en\/wp-json\/wp\/v2\/product"}],"about":[{"href":"https:\/\/exlibris.ee\/en\/wp-json\/wp\/v2\/types\/product"}],"wp:featuredmedia":[{"embeddable":true,"href":"https:\/\/exlibris.ee\/en\/wp-json\/wp\/v2\/media\/55021"}],"wp:attachment":[{"href":"https:\/\/exlibris.ee\/en\/wp-json\/wp\/v2\/media?parent=44545"}],"wp:term":[{"taxonomy":"product_brand","embeddable":true,"href":"https:\/\/exlibris.ee\/en\/wp-json\/wp\/v2\/product_brand?post=44545"},{"taxonomy":"product_cat","embeddable":true,"href":"https:\/\/exlibris.ee\/en\/wp-json\/wp\/v2\/product_cat?post=44545"},{"taxonomy":"product_tag","embeddable":true,"href":"https:\/\/exlibris.ee\/en\/wp-json\/wp\/v2\/product_tag?post=44545"},{"taxonomy":"series","embeddable":true,"href":"https:\/\/exlibris.ee\/en\/wp-json\/wp\/v2\/series?post=44545"},{"taxonomy":"publisher","embeddable":true,"href":"https:\/\/exlibris.ee\/en\/wp-json\/wp\/v2\/publisher?post=44545"}],"curies":[{"name":"wp","href":"https:\/\/api.w.org\/{rel}","templated":true}]}}