{"id":44546,"date":"2023-05-11T15:39:54","date_gmt":"2023-05-11T12:39:54","guid":{"rendered":"https:\/\/exlibris.ee\/toode\/neu-in-der-stadt-buch-cd\/"},"modified":"2026-04-04T03:09:29","modified_gmt":"2026-04-04T00:09:29","slug":"neu-in-der-stadt-buch-cd","status":"publish","type":"product","link":"https:\/\/exlibris.ee\/en\/product\/neu-in-der-stadt-buch-cd\/","title":{"rendered":"Neu in der Stadt,  Buch + CD"},"content":{"rendered":"<p>Kolja ist neu in der Stadt, deshalb ist er oft allein. Gern w\u00e4re er in der Clique um Pia, Nadja, Paul und Robbie dabei, doch davon kann er bislang nur tr\u00e4umen. Bis eines Tages etwas passiert, das alles ver\u00e4ndert \u2026<\/p>\n","protected":false},"excerpt":{"rendered":"<p>Kolja ist neu in der Stadt, deshalb ist er oft allein. Gern w\u00e4re er in der Clique um Pia, Nadja, Paul und Robbie dabei, doch davon kann er bislang nur tr\u00e4umen. Bis eines Tages etwas passiert, das alles ver\u00e4ndert \u2026<\/p>\n","protected":false},"featured_media":90966,"template":"","meta":{"_acf_changed":false,"inline_featured_image":false},"product_brand":[],"product_cat":[851],"product_tag":[],"series":[{"id":857,"name":"leicht &amp; logisch","slug":"leicht-logisch"}],"publisher":[{"id":473,"name":"Klett Verlag","slug":"klett-verlag"}],"class_list":{"0":"post-44546","1":"product","2":"type-product","3":"status-publish","4":"has-post-thumbnail","6":"product_cat-lesetexte-deutsch","7":"series-leicht-logisch","8":"publisher-klett-verlag","10":"first","11":"onbackorder","12":"taxable","13":"shipping-taxable","14":"purchasable","15":"product-type-simple"},"acf":[],"_links":{"self":[{"href":"https:\/\/exlibris.ee\/en\/wp-json\/wp\/v2\/product\/44546","targetHints":{"allow":["GET"]}}],"collection":[{"href":"https:\/\/exlibris.ee\/en\/wp-json\/wp\/v2\/product"}],"about":[{"href":"https:\/\/exlibris.ee\/en\/wp-json\/wp\/v2\/types\/product"}],"wp:featuredmedia":[{"embeddable":true,"href":"https:\/\/exlibris.ee\/en\/wp-json\/wp\/v2\/media\/90966"}],"wp:attachment":[{"href":"https:\/\/exlibris.ee\/en\/wp-json\/wp\/v2\/media?parent=44546"}],"wp:term":[{"taxonomy":"product_brand","embeddable":true,"href":"https:\/\/exlibris.ee\/en\/wp-json\/wp\/v2\/product_brand?post=44546"},{"taxonomy":"product_cat","embeddable":true,"href":"https:\/\/exlibris.ee\/en\/wp-json\/wp\/v2\/product_cat?post=44546"},{"taxonomy":"product_tag","embeddable":true,"href":"https:\/\/exlibris.ee\/en\/wp-json\/wp\/v2\/product_tag?post=44546"},{"taxonomy":"series","embeddable":true,"href":"https:\/\/exlibris.ee\/en\/wp-json\/wp\/v2\/series?post=44546"},{"taxonomy":"publisher","embeddable":true,"href":"https:\/\/exlibris.ee\/en\/wp-json\/wp\/v2\/publisher?post=44546"}],"curies":[{"name":"wp","href":"https:\/\/api.w.org\/{rel}","templated":true}]}}