{"id":44548,"date":"2023-05-11T15:39:54","date_gmt":"2023-05-11T12:39:54","guid":{"rendered":"https:\/\/exlibris.ee\/toode\/kommunikation-im-krankenhaus\/"},"modified":"2026-04-05T15:18:15","modified_gmt":"2026-04-05T12:18:15","slug":"kommunikation-im-krankenhaus","status":"publish","type":"product","link":"https:\/\/exlibris.ee\/en\/product\/kommunikation-im-krankenhaus\/","title":{"rendered":"Kommunikation im Krankenhaus"},"content":{"rendered":"<p>Kommunikation im Krankenhaus bietet n\u00fctzliche Redewendungenf\u00fcr f\u00fcr \u00c4rzte und Pflegepersonal zu zentralen Situationen im Krankenhaus und Glossare zu wichtigen Themenfeldern. Es ist als Begleitmaterial zu Deutsch im Krankenhaus Neu und lehrwerksunabh\u00e4ngig verwendbar.<\/p>\n","protected":false},"excerpt":{"rendered":"<p>Kommunikation im Krankenhaus bietet n\u00fctzliche Redewendungenf\u00fcr f\u00fcr \u00c4rzte und Pflegepersonal zu zentralen Situationen im Krankenhaus und Glossare zu wichtigen Themenfeldern. Es ist als Begleitmaterial zu Deutsch im Krankenhaus Neu und lehrwerksunabh\u00e4ngig verwendbar.<\/p>\n","protected":false},"featured_media":89474,"template":"","meta":{"_acf_changed":false,"inline_featured_image":false},"product_brand":[],"product_cat":[885],"product_tag":[],"series":[],"publisher":[{"id":473,"name":"Klett Verlag","slug":"klett-verlag"}],"class_list":{"0":"post-44548","1":"product","2":"type-product","3":"status-publish","4":"has-post-thumbnail","6":"product_cat-berufssprache","7":"publisher-klett-verlag","9":"first","10":"onbackorder","11":"taxable","12":"shipping-taxable","13":"purchasable","14":"product-type-simple"},"acf":[],"_links":{"self":[{"href":"https:\/\/exlibris.ee\/en\/wp-json\/wp\/v2\/product\/44548","targetHints":{"allow":["GET"]}}],"collection":[{"href":"https:\/\/exlibris.ee\/en\/wp-json\/wp\/v2\/product"}],"about":[{"href":"https:\/\/exlibris.ee\/en\/wp-json\/wp\/v2\/types\/product"}],"wp:featuredmedia":[{"embeddable":true,"href":"https:\/\/exlibris.ee\/en\/wp-json\/wp\/v2\/media\/89474"}],"wp:attachment":[{"href":"https:\/\/exlibris.ee\/en\/wp-json\/wp\/v2\/media?parent=44548"}],"wp:term":[{"taxonomy":"product_brand","embeddable":true,"href":"https:\/\/exlibris.ee\/en\/wp-json\/wp\/v2\/product_brand?post=44548"},{"taxonomy":"product_cat","embeddable":true,"href":"https:\/\/exlibris.ee\/en\/wp-json\/wp\/v2\/product_cat?post=44548"},{"taxonomy":"product_tag","embeddable":true,"href":"https:\/\/exlibris.ee\/en\/wp-json\/wp\/v2\/product_tag?post=44548"},{"taxonomy":"series","embeddable":true,"href":"https:\/\/exlibris.ee\/en\/wp-json\/wp\/v2\/series?post=44548"},{"taxonomy":"publisher","embeddable":true,"href":"https:\/\/exlibris.ee\/en\/wp-json\/wp\/v2\/publisher?post=44548"}],"curies":[{"name":"wp","href":"https:\/\/api.w.org\/{rel}","templated":true}]}}