{"id":44549,"date":"2023-05-11T15:39:54","date_gmt":"2023-05-11T12:39:54","guid":{"rendered":"https:\/\/exlibris.ee\/toode\/deutsch-im-krankenhaus-neu-intensivtrainer\/"},"modified":"2026-04-05T15:18:15","modified_gmt":"2026-04-05T12:18:15","slug":"deutsch-im-krankenhaus-neu-intensivtrainer","status":"publish","type":"product","link":"https:\/\/exlibris.ee\/en\/product\/deutsch-im-krankenhaus-neu-intensivtrainer\/","title":{"rendered":"Deutsch im Krankenhaus Neu Intensivtrainer"},"content":{"rendered":"<p>Der Intensivtrainer zu Deutsch im Krankenhaus Neu bietet zu jedem Kapitel f\u00fcr die wichtigsten Sprachhandlungen zus\u00e4tzliche \u00dcbungen zu allen Fertigkeiten, Wortschatz, Grammatik und Aussprache. L\u00f6sungsschl\u00fcssel im Anhang. Der Intensivtrainer eignet sich insbesondere zur Wiederholung und zur Vertiefung zu Hause.<\/p>\n","protected":false},"excerpt":{"rendered":"<p>Der Intensivtrainer zu Deutsch im Krankenhaus Neu bietet zu jedem Kapitel f\u00fcr die wichtigsten Sprachhandlungen zus\u00e4tzliche \u00dcbungen zu allen Fertigkeiten, Wortschatz, Grammatik und Aussprache. L\u00f6sungsschl\u00fcssel im Anhang. Der Intensivtrainer eignet sich insbesondere zur Wiederholung und zur Vertiefung zu Hause.<\/p>\n","protected":false},"featured_media":89477,"template":"","meta":{"_acf_changed":false,"inline_featured_image":false},"product_brand":[],"product_cat":[885],"product_tag":[],"series":[{"id":901,"name":"Deutsch im Krankenhaus","slug":"deutsch-im-krankenhaus"}],"publisher":[{"id":473,"name":"Klett Verlag","slug":"klett-verlag"}],"class_list":{"0":"post-44549","1":"product","2":"type-product","3":"status-publish","4":"has-post-thumbnail","6":"product_cat-berufssprache","7":"series-deutsch-im-krankenhaus","8":"publisher-klett-verlag","10":"first","11":"onbackorder","12":"taxable","13":"shipping-taxable","14":"purchasable","15":"product-type-simple"},"acf":[],"_links":{"self":[{"href":"https:\/\/exlibris.ee\/en\/wp-json\/wp\/v2\/product\/44549","targetHints":{"allow":["GET"]}}],"collection":[{"href":"https:\/\/exlibris.ee\/en\/wp-json\/wp\/v2\/product"}],"about":[{"href":"https:\/\/exlibris.ee\/en\/wp-json\/wp\/v2\/types\/product"}],"wp:featuredmedia":[{"embeddable":true,"href":"https:\/\/exlibris.ee\/en\/wp-json\/wp\/v2\/media\/89477"}],"wp:attachment":[{"href":"https:\/\/exlibris.ee\/en\/wp-json\/wp\/v2\/media?parent=44549"}],"wp:term":[{"taxonomy":"product_brand","embeddable":true,"href":"https:\/\/exlibris.ee\/en\/wp-json\/wp\/v2\/product_brand?post=44549"},{"taxonomy":"product_cat","embeddable":true,"href":"https:\/\/exlibris.ee\/en\/wp-json\/wp\/v2\/product_cat?post=44549"},{"taxonomy":"product_tag","embeddable":true,"href":"https:\/\/exlibris.ee\/en\/wp-json\/wp\/v2\/product_tag?post=44549"},{"taxonomy":"series","embeddable":true,"href":"https:\/\/exlibris.ee\/en\/wp-json\/wp\/v2\/series?post=44549"},{"taxonomy":"publisher","embeddable":true,"href":"https:\/\/exlibris.ee\/en\/wp-json\/wp\/v2\/publisher?post=44549"}],"curies":[{"name":"wp","href":"https:\/\/api.w.org\/{rel}","templated":true}]}}