{"id":44553,"date":"2023-05-11T15:39:55","date_gmt":"2023-05-11T12:39:55","guid":{"rendered":"https:\/\/exlibris.ee\/toode\/kontext-b1-ubungsbuch\/"},"modified":"2026-04-23T05:27:09","modified_gmt":"2026-04-23T02:27:09","slug":"kontext-b1-ubungsbuch","status":"publish","type":"product","link":"https:\/\/exlibris.ee\/en\/product\/kontext-b1-ubungsbuch\/","title":{"rendered":"Kontext B1+, \u00dcbungsbuch"},"content":{"rendered":"<p>Modularer und linearer Aufbau mit Fokus auf allen vier Fertigkeiten; Gro\u00dfe \u00dcbungsvielfalt mit Binnendifferenzierung, Fl\u00fcssigkeitstraining und Karaoke\u00fcbungen; Extraseiten zu Sprech- und Schreibtraining sowie zur Aussprache; Kapitelwortschatz mit \u00dcbungen und Lernstrategien; Zahlreiche Tipps zum effektiven Lernen; Breites digitales Zusatzangebot: Digitales Unterrichtspaket, Online-\u00dcbungen mit spielerischen Aktivit\u00e4ten wie W\u00f6rterquiz oder Lesequiz.<\/p>\n","protected":false},"excerpt":{"rendered":"<p>Modularer und linearer Aufbau mit Fokus auf allen vier Fertigkeiten; Gro\u00dfe \u00dcbungsvielfalt mit Binnendifferenzierung, Fl\u00fcssigkeitstraining und Karaoke\u00fcbungen; Extraseiten zu Sprech- und Schreibtraining sowie zur Aussprache; Kapitelwortschatz mit \u00dcbungen und Lernstrategien; Zahlreiche Tipps zum effektiven Lernen; Breites digitales Zusatzangebot: Digitales Unterrichtspaket,&#8230;<\/p>\n","protected":false},"featured_media":55033,"template":"","meta":{"_acf_changed":false,"inline_featured_image":false},"product_brand":[],"product_cat":[538],"product_tag":[],"series":[{"id":903,"name":"Kontext B1+","slug":"kontext-b1"}],"publisher":[{"id":473,"name":"Klett Verlag","slug":"klett-verlag"}],"class_list":{"0":"post-44553","1":"product","2":"type-product","3":"status-publish","4":"has-post-thumbnail","6":"product_cat-lehrwerke-fur-erwachsene","7":"series-kontext-b1","8":"publisher-klett-verlag","10":"first","11":"onbackorder","12":"taxable","13":"shipping-taxable","14":"purchasable","15":"product-type-simple"},"acf":[],"_links":{"self":[{"href":"https:\/\/exlibris.ee\/en\/wp-json\/wp\/v2\/product\/44553","targetHints":{"allow":["GET"]}}],"collection":[{"href":"https:\/\/exlibris.ee\/en\/wp-json\/wp\/v2\/product"}],"about":[{"href":"https:\/\/exlibris.ee\/en\/wp-json\/wp\/v2\/types\/product"}],"wp:featuredmedia":[{"embeddable":true,"href":"https:\/\/exlibris.ee\/en\/wp-json\/wp\/v2\/media\/55033"}],"wp:attachment":[{"href":"https:\/\/exlibris.ee\/en\/wp-json\/wp\/v2\/media?parent=44553"}],"wp:term":[{"taxonomy":"product_brand","embeddable":true,"href":"https:\/\/exlibris.ee\/en\/wp-json\/wp\/v2\/product_brand?post=44553"},{"taxonomy":"product_cat","embeddable":true,"href":"https:\/\/exlibris.ee\/en\/wp-json\/wp\/v2\/product_cat?post=44553"},{"taxonomy":"product_tag","embeddable":true,"href":"https:\/\/exlibris.ee\/en\/wp-json\/wp\/v2\/product_tag?post=44553"},{"taxonomy":"series","embeddable":true,"href":"https:\/\/exlibris.ee\/en\/wp-json\/wp\/v2\/series?post=44553"},{"taxonomy":"publisher","embeddable":true,"href":"https:\/\/exlibris.ee\/en\/wp-json\/wp\/v2\/publisher?post=44553"}],"curies":[{"name":"wp","href":"https:\/\/api.w.org\/{rel}","templated":true}]}}