{"id":44557,"date":"2023-05-11T15:39:55","date_gmt":"2023-05-11T12:39:55","guid":{"rendered":"https:\/\/exlibris.ee\/toode\/kontext-b1-testheft\/"},"modified":"2026-04-18T15:20:40","modified_gmt":"2026-04-18T12:20:40","slug":"kontext-b1-testheft","status":"publish","type":"product","link":"https:\/\/exlibris.ee\/en\/product\/kontext-b1-testheft\/","title":{"rendered":"Kontext B1+, Testheft"},"content":{"rendered":"<p>Lernfortschrittstest zu jedem Kapitel des Kurs- und \u00dcbungsbuchs; Training zu Wortschatz, Grammatik und Redemitteln; Testaufgaben zu den Fertigkeiten H\u00f6ren, Lesen, Schreiben, Sprechen im Pr\u00fcfungsformat; Vorbereitung auf die Pr\u00fcfungen Goethe-\/\u00d6SD-Zertifikat B1 und telc Deutsch B1; Audios zu den Testaufgaben; L\u00f6sungsschl\u00fcssel zur Selbstkontrolle; Hinweise zur Bewertung der Schreib- und Sprechaufgaben.<\/p>\n","protected":false},"excerpt":{"rendered":"<p>Lernfortschrittstest zu jedem Kapitel des Kurs- und \u00dcbungsbuchs; Training zu Wortschatz, Grammatik und Redemitteln; Testaufgaben zu den Fertigkeiten H\u00f6ren, Lesen, Schreiben, Sprechen im Pr\u00fcfungsformat; Vorbereitung auf die Pr\u00fcfungen Goethe-\/\u00d6SD-Zertifikat B1 und telc Deutsch B1; Audios zu den Testaufgaben; L\u00f6sungsschl\u00fcssel zur&#8230;<\/p>\n","protected":false},"featured_media":55045,"template":"","meta":{"_acf_changed":false,"inline_featured_image":false},"product_brand":[],"product_cat":[538],"product_tag":[],"series":[{"id":903,"name":"Kontext B1+","slug":"kontext-b1"}],"publisher":[{"id":473,"name":"Klett Verlag","slug":"klett-verlag"}],"class_list":{"0":"post-44557","1":"product","2":"type-product","3":"status-publish","4":"has-post-thumbnail","6":"product_cat-lehrwerke-fur-erwachsene","7":"series-kontext-b1","8":"publisher-klett-verlag","10":"first","11":"onbackorder","12":"taxable","13":"shipping-taxable","14":"purchasable","15":"product-type-simple"},"acf":[],"_links":{"self":[{"href":"https:\/\/exlibris.ee\/en\/wp-json\/wp\/v2\/product\/44557","targetHints":{"allow":["GET"]}}],"collection":[{"href":"https:\/\/exlibris.ee\/en\/wp-json\/wp\/v2\/product"}],"about":[{"href":"https:\/\/exlibris.ee\/en\/wp-json\/wp\/v2\/types\/product"}],"wp:featuredmedia":[{"embeddable":true,"href":"https:\/\/exlibris.ee\/en\/wp-json\/wp\/v2\/media\/55045"}],"wp:attachment":[{"href":"https:\/\/exlibris.ee\/en\/wp-json\/wp\/v2\/media?parent=44557"}],"wp:term":[{"taxonomy":"product_brand","embeddable":true,"href":"https:\/\/exlibris.ee\/en\/wp-json\/wp\/v2\/product_brand?post=44557"},{"taxonomy":"product_cat","embeddable":true,"href":"https:\/\/exlibris.ee\/en\/wp-json\/wp\/v2\/product_cat?post=44557"},{"taxonomy":"product_tag","embeddable":true,"href":"https:\/\/exlibris.ee\/en\/wp-json\/wp\/v2\/product_tag?post=44557"},{"taxonomy":"series","embeddable":true,"href":"https:\/\/exlibris.ee\/en\/wp-json\/wp\/v2\/series?post=44557"},{"taxonomy":"publisher","embeddable":true,"href":"https:\/\/exlibris.ee\/en\/wp-json\/wp\/v2\/publisher?post=44557"}],"curies":[{"name":"wp","href":"https:\/\/api.w.org\/{rel}","templated":true}]}}