{"id":44563,"date":"2023-05-11T15:39:56","date_gmt":"2023-05-11T12:39:56","guid":{"rendered":"https:\/\/exlibris.ee\/toode\/kontext-b2-intensivtrainer\/"},"modified":"2026-04-18T15:20:41","modified_gmt":"2026-04-18T12:20:41","slug":"kontext-b2-intensivtrainer","status":"publish","type":"product","link":"https:\/\/exlibris.ee\/en\/product\/kontext-b2-intensivtrainer\/","title":{"rendered":"KONTEXT B2 Intensivtrainer"},"content":{"rendered":"<p>Sechs Seiten mit abwechslungsreichen \u00dcbungen zu jedem Kapitel des Kurs- und \u00dcbungsbuchs; Selbstst\u00e4ndiges Training von Wortschatz, Grammatik und Redemitteln sowie gelenktem Schreiben; Zur Wiederholung und Vertiefung zu Hause oder zur Binnendifferenzierung im Unterricht; Mit L\u00f6sungsschl\u00fcssel zu allen \u00dcbungen.<\/p>\n","protected":false},"excerpt":{"rendered":"<p>Sechs Seiten mit abwechslungsreichen \u00dcbungen zu jedem Kapitel des Kurs- und \u00dcbungsbuchs; Selbstst\u00e4ndiges Training von Wortschatz, Grammatik und Redemitteln sowie gelenktem Schreiben; Zur Wiederholung und Vertiefung zu Hause oder zur Binnendifferenzierung im Unterricht; Mit L\u00f6sungsschl\u00fcssel zu allen \u00dcbungen.<\/p>\n","protected":false},"featured_media":55063,"template":"","meta":{"_acf_changed":false,"inline_featured_image":false},"product_brand":[],"product_cat":[538],"product_tag":[],"series":[{"id":904,"name":"KONTEXT B2","slug":"kontext-b2"}],"publisher":[{"id":473,"name":"Klett Verlag","slug":"klett-verlag"}],"class_list":{"0":"post-44563","1":"product","2":"type-product","3":"status-publish","4":"has-post-thumbnail","6":"product_cat-lehrwerke-fur-erwachsene","7":"series-kontext-b2","8":"publisher-klett-verlag","10":"first","11":"onbackorder","12":"taxable","13":"shipping-taxable","14":"purchasable","15":"product-type-simple"},"acf":[],"_links":{"self":[{"href":"https:\/\/exlibris.ee\/en\/wp-json\/wp\/v2\/product\/44563","targetHints":{"allow":["GET"]}}],"collection":[{"href":"https:\/\/exlibris.ee\/en\/wp-json\/wp\/v2\/product"}],"about":[{"href":"https:\/\/exlibris.ee\/en\/wp-json\/wp\/v2\/types\/product"}],"wp:featuredmedia":[{"embeddable":true,"href":"https:\/\/exlibris.ee\/en\/wp-json\/wp\/v2\/media\/55063"}],"wp:attachment":[{"href":"https:\/\/exlibris.ee\/en\/wp-json\/wp\/v2\/media?parent=44563"}],"wp:term":[{"taxonomy":"product_brand","embeddable":true,"href":"https:\/\/exlibris.ee\/en\/wp-json\/wp\/v2\/product_brand?post=44563"},{"taxonomy":"product_cat","embeddable":true,"href":"https:\/\/exlibris.ee\/en\/wp-json\/wp\/v2\/product_cat?post=44563"},{"taxonomy":"product_tag","embeddable":true,"href":"https:\/\/exlibris.ee\/en\/wp-json\/wp\/v2\/product_tag?post=44563"},{"taxonomy":"series","embeddable":true,"href":"https:\/\/exlibris.ee\/en\/wp-json\/wp\/v2\/series?post=44563"},{"taxonomy":"publisher","embeddable":true,"href":"https:\/\/exlibris.ee\/en\/wp-json\/wp\/v2\/publisher?post=44563"}],"curies":[{"name":"wp","href":"https:\/\/api.w.org\/{rel}","templated":true}]}}