{"id":44577,"date":"2023-05-11T15:39:58","date_gmt":"2023-05-11T12:39:58","guid":{"rendered":"https:\/\/exlibris.ee\/toode\/deutsch-im-krankenhaus-neu-lehr-arbeitsbuch\/"},"modified":"2026-04-05T15:19:51","modified_gmt":"2026-04-05T12:19:51","slug":"deutsch-im-krankenhaus-neu-lehr-arbeitsbuch","status":"publish","type":"product","link":"https:\/\/exlibris.ee\/en\/product\/deutsch-im-krankenhaus-neu-lehr-arbeitsbuch\/","title":{"rendered":"Deutsch im Krankenhaus Neu , Lehr-\/Arbeitsbuch"},"content":{"rendered":"<p>Die Neubearbeitung des erfolgreichen Lehrwerks wendet sich an \u00c4rzte und Pflegekr\u00e4fte gleicherma\u00dfen und trainiert sprachlich besonders wichtige berufliche Situationen \u2013 vom Aufnahmegespr\u00e4ch \u00fcber die Visite, Pflegema\u00dfnahmen, OP-Vorbereitung bis hin zur Dokumentation. Zwischen produktiv zu beherrschenden Strukturen und Redemitteln (ab A2) und rezeptiven (bis B2) wird dabei unterschieden. Sprachtipps f\u00fcr die Praxis sensibilisieren f\u00fcr m\u00f6gliche Missverst\u00e4ndnisse und ermuntern zu Nachfragen. Kurstragend oder kursbegleitend in Verbindung mit einem allgemeinsprachlichen Lehrwerk einsetzbar. Mit integrierter Ausspracheschulung.<\/p>\n","protected":false},"excerpt":{"rendered":"<p>Die Neubearbeitung des erfolgreichen Lehrwerks wendet sich an \u00c4rzte und Pflegekr\u00e4fte gleicherma\u00dfen und trainiert sprachlich besonders wichtige berufliche Situationen \u2013 vom Aufnahmegespr\u00e4ch \u00fcber die Visite, Pflegema\u00dfnahmen, OP-Vorbereitung bis hin zur Dokumentation. Zwischen produktiv zu beherrschenden Strukturen und Redemitteln (ab A2)&#8230;<\/p>\n","protected":false},"featured_media":89580,"template":"","meta":{"_acf_changed":false,"inline_featured_image":false},"product_brand":[],"product_cat":[885],"product_tag":[],"series":[{"id":901,"name":"Deutsch im Krankenhaus","slug":"deutsch-im-krankenhaus"}],"publisher":[{"id":473,"name":"Klett Verlag","slug":"klett-verlag"}],"class_list":{"0":"post-44577","1":"product","2":"type-product","3":"status-publish","4":"has-post-thumbnail","6":"product_cat-berufssprache","7":"series-deutsch-im-krankenhaus","8":"publisher-klett-verlag","10":"first","11":"onbackorder","12":"taxable","13":"shipping-taxable","14":"purchasable","15":"product-type-simple"},"acf":[],"_links":{"self":[{"href":"https:\/\/exlibris.ee\/en\/wp-json\/wp\/v2\/product\/44577","targetHints":{"allow":["GET"]}}],"collection":[{"href":"https:\/\/exlibris.ee\/en\/wp-json\/wp\/v2\/product"}],"about":[{"href":"https:\/\/exlibris.ee\/en\/wp-json\/wp\/v2\/types\/product"}],"wp:featuredmedia":[{"embeddable":true,"href":"https:\/\/exlibris.ee\/en\/wp-json\/wp\/v2\/media\/89580"}],"wp:attachment":[{"href":"https:\/\/exlibris.ee\/en\/wp-json\/wp\/v2\/media?parent=44577"}],"wp:term":[{"taxonomy":"product_brand","embeddable":true,"href":"https:\/\/exlibris.ee\/en\/wp-json\/wp\/v2\/product_brand?post=44577"},{"taxonomy":"product_cat","embeddable":true,"href":"https:\/\/exlibris.ee\/en\/wp-json\/wp\/v2\/product_cat?post=44577"},{"taxonomy":"product_tag","embeddable":true,"href":"https:\/\/exlibris.ee\/en\/wp-json\/wp\/v2\/product_tag?post=44577"},{"taxonomy":"series","embeddable":true,"href":"https:\/\/exlibris.ee\/en\/wp-json\/wp\/v2\/series?post=44577"},{"taxonomy":"publisher","embeddable":true,"href":"https:\/\/exlibris.ee\/en\/wp-json\/wp\/v2\/publisher?post=44577"}],"curies":[{"name":"wp","href":"https:\/\/api.w.org\/{rel}","templated":true}]}}