{"id":44579,"date":"2023-05-11T15:39:58","date_gmt":"2023-05-11T12:39:58","guid":{"rendered":"https:\/\/exlibris.ee\/toode\/das-testbuch-wirtschaftsdeutsch\/"},"modified":"2026-04-04T03:10:34","modified_gmt":"2026-04-04T00:10:34","slug":"das-testbuch-wirtschaftsdeutsch","status":"publish","type":"product","link":"https:\/\/exlibris.ee\/en\/product\/das-testbuch-wirtschaftsdeutsch\/","title":{"rendered":"Das Testbuch Wirtschaftsdeutsch"},"content":{"rendered":"<p>Aktualisierung des gut eingef\u00fchrten Trainingsbuchs zur Vorbereitung auf den von der deutsch-franz\u00f6sischen Handelskammer entwickelten Test WiDaF. Dieses Trainingsbuch informiert \u00fcber den Ablauf und die Anforderungen des Tests WiDaF, der au\u00dfer in Frankreich auch in Polen, Kanada und anderen L\u00e4ndern verbreitet ist. Das Buch ist in vier Schwerpunkte gegliedert: Fachlexikon, Grammatik, Leseverstehen und H\u00f6rverstehen. Die Ergebnisse des Modelltests sind skaliert und geben Auskunft \u00fcber die erreichte Niveaustufe innerhalb des europ\u00e4ischen Referenzrahmens. Die H\u00f6rtexte sind jetzt auf einer im Buch eingelegten Audio-CD verf\u00fcgbar.<\/p>\n","protected":false},"excerpt":{"rendered":"<p>Aktualisierung des gut eingef\u00fchrten Trainingsbuchs zur Vorbereitung auf den von der deutsch-franz\u00f6sischen Handelskammer entwickelten Test WiDaF. Dieses Trainingsbuch informiert \u00fcber den Ablauf und die Anforderungen des Tests WiDaF, der au\u00dfer in Frankreich auch in Polen, Kanada und anderen L\u00e4ndern verbreitet&#8230;<\/p>\n","protected":false},"featured_media":89589,"template":"","meta":{"_acf_changed":false,"inline_featured_image":false},"product_brand":[],"product_cat":[885],"product_tag":[],"series":[{"id":907,"name":"Wirtschaftsdeutsch","slug":"wirtschaftsdeutsch"}],"publisher":[{"id":473,"name":"Klett Verlag","slug":"klett-verlag"}],"class_list":{"0":"post-44579","1":"product","2":"type-product","3":"status-publish","4":"has-post-thumbnail","6":"product_cat-berufssprache","7":"series-wirtschaftsdeutsch","8":"publisher-klett-verlag","10":"first","11":"onbackorder","12":"taxable","13":"shipping-taxable","14":"purchasable","15":"product-type-simple"},"acf":[],"_links":{"self":[{"href":"https:\/\/exlibris.ee\/en\/wp-json\/wp\/v2\/product\/44579","targetHints":{"allow":["GET"]}}],"collection":[{"href":"https:\/\/exlibris.ee\/en\/wp-json\/wp\/v2\/product"}],"about":[{"href":"https:\/\/exlibris.ee\/en\/wp-json\/wp\/v2\/types\/product"}],"wp:featuredmedia":[{"embeddable":true,"href":"https:\/\/exlibris.ee\/en\/wp-json\/wp\/v2\/media\/89589"}],"wp:attachment":[{"href":"https:\/\/exlibris.ee\/en\/wp-json\/wp\/v2\/media?parent=44579"}],"wp:term":[{"taxonomy":"product_brand","embeddable":true,"href":"https:\/\/exlibris.ee\/en\/wp-json\/wp\/v2\/product_brand?post=44579"},{"taxonomy":"product_cat","embeddable":true,"href":"https:\/\/exlibris.ee\/en\/wp-json\/wp\/v2\/product_cat?post=44579"},{"taxonomy":"product_tag","embeddable":true,"href":"https:\/\/exlibris.ee\/en\/wp-json\/wp\/v2\/product_tag?post=44579"},{"taxonomy":"series","embeddable":true,"href":"https:\/\/exlibris.ee\/en\/wp-json\/wp\/v2\/series?post=44579"},{"taxonomy":"publisher","embeddable":true,"href":"https:\/\/exlibris.ee\/en\/wp-json\/wp\/v2\/publisher?post=44579"}],"curies":[{"name":"wp","href":"https:\/\/api.w.org\/{rel}","templated":true}]}}