{"id":44581,"date":"2023-05-11T15:39:59","date_gmt":"2023-05-11T12:39:59","guid":{"rendered":"https:\/\/exlibris.ee\/toode\/kommunizieren-im-beruf\/"},"modified":"2026-04-17T15:26:16","modified_gmt":"2026-04-17T12:26:16","slug":"kommunizieren-im-beruf","status":"publish","type":"product","link":"https:\/\/exlibris.ee\/en\/product\/kommunizieren-im-beruf\/","title":{"rendered":"Kommunizieren im Beruf"},"content":{"rendered":"<p>Eine Sammlung n\u00fctzlicher Redewendungen f\u00fcr den beruflichen Alltag und f\u00fcr das Studium. Dieses Redemittelbuch bietet neben den alphabetisch gelisteten Redewendungen ein Nachschlagesystem nach Szenarien in beruflichen und sozialen Kontexten mit englischer \u00dcbersetzung. Die \u00dcbungen werden erg\u00e4nzt durch hilfreiche Lerntipps. Interkulturelle Besonderheiten werden thematisiert, um Missverst\u00e4ndnisse zu vermeiden. Das Buch ist lehrwerkunabh\u00e4ngig einsetzbar und eignet sich auch f\u00fcr das Selbststudium.<\/p>\n","protected":false},"excerpt":{"rendered":"<p>Eine Sammlung n\u00fctzlicher Redewendungen f\u00fcr den beruflichen Alltag und f\u00fcr das Studium. Dieses Redemittelbuch bietet neben den alphabetisch gelisteten Redewendungen ein Nachschlagesystem nach Szenarien in beruflichen und sozialen Kontexten mit englischer \u00dcbersetzung. Die \u00dcbungen werden erg\u00e4nzt durch hilfreiche Lerntipps. Interkulturelle&#8230;<\/p>\n","protected":false},"featured_media":320125,"template":"","meta":{"_acf_changed":false,"inline_featured_image":false},"product_brand":[],"product_cat":[885],"product_tag":[],"series":[],"publisher":[{"id":473,"name":"Klett Verlag","slug":"klett-verlag"}],"class_list":{"0":"post-44581","1":"product","2":"type-product","3":"status-publish","4":"has-post-thumbnail","6":"product_cat-berufssprache","7":"publisher-klett-verlag","9":"first","10":"onbackorder","11":"taxable","12":"shipping-taxable","13":"purchasable","14":"product-type-simple"},"acf":[],"_links":{"self":[{"href":"https:\/\/exlibris.ee\/en\/wp-json\/wp\/v2\/product\/44581","targetHints":{"allow":["GET"]}}],"collection":[{"href":"https:\/\/exlibris.ee\/en\/wp-json\/wp\/v2\/product"}],"about":[{"href":"https:\/\/exlibris.ee\/en\/wp-json\/wp\/v2\/types\/product"}],"wp:featuredmedia":[{"embeddable":true,"href":"https:\/\/exlibris.ee\/en\/wp-json\/wp\/v2\/media\/320125"}],"wp:attachment":[{"href":"https:\/\/exlibris.ee\/en\/wp-json\/wp\/v2\/media?parent=44581"}],"wp:term":[{"taxonomy":"product_brand","embeddable":true,"href":"https:\/\/exlibris.ee\/en\/wp-json\/wp\/v2\/product_brand?post=44581"},{"taxonomy":"product_cat","embeddable":true,"href":"https:\/\/exlibris.ee\/en\/wp-json\/wp\/v2\/product_cat?post=44581"},{"taxonomy":"product_tag","embeddable":true,"href":"https:\/\/exlibris.ee\/en\/wp-json\/wp\/v2\/product_tag?post=44581"},{"taxonomy":"series","embeddable":true,"href":"https:\/\/exlibris.ee\/en\/wp-json\/wp\/v2\/series?post=44581"},{"taxonomy":"publisher","embeddable":true,"href":"https:\/\/exlibris.ee\/en\/wp-json\/wp\/v2\/publisher?post=44581"}],"curies":[{"name":"wp","href":"https:\/\/api.w.org\/{rel}","templated":true}]}}