{"id":44592,"date":"2023-05-11T15:40:00","date_gmt":"2023-05-11T12:40:00","guid":{"rendered":"https:\/\/exlibris.ee\/toode\/genial-klick-a2-lehrerhandbuch-mit-int-kb\/"},"modified":"2026-04-03T09:12:17","modified_gmt":"2026-04-03T06:12:17","slug":"genial-klick-a2-lehrerhandbuch-mit-int-kb","status":"publish","type":"product","link":"https:\/\/exlibris.ee\/en\/product\/genial-klick-a2-lehrerhandbuch-mit-int-kb\/","title":{"rendered":"geni@l klick A2, Lehrerhandbuch + integr. LB"},"content":{"rendered":"<p>Das Lehrerhandbuch zu geni@l klick A2 enth\u00e4lt: eine Einf\u00fchrung in das Lehrwerkskonzept konkrete Vorschl\u00e4ge f\u00fcr eine abwechslungsreiche Unterrichtsgestaltung das komplette Kursbuch Informationen zur Landeskunde Kopiervorlagen Transkripte der Audio- und Videomaterialien L\u00f6sungen zum Kurs- und Arbeitsbuch.<\/p>\n","protected":false},"excerpt":{"rendered":"<p>Das Lehrerhandbuch zu geni@l klick A2 enth\u00e4lt: eine Einf\u00fchrung in das Lehrwerkskonzept konkrete Vorschl\u00e4ge f\u00fcr eine abwechslungsreiche Unterrichtsgestaltung das komplette Kursbuch Informationen zur Landeskunde Kopiervorlagen Transkripte der Audio- und Videomaterialien L\u00f6sungen zum Kurs- und Arbeitsbuch.<\/p>\n","protected":false},"featured_media":55126,"template":"","meta":{"_acf_changed":false,"inline_featured_image":false},"product_brand":[],"product_cat":[477],"product_tag":[],"series":[{"id":910,"name":"Genial Klick A2","slug":"genial-klick-a2"}],"publisher":[{"id":473,"name":"Klett Verlag","slug":"klett-verlag"}],"class_list":{"0":"post-44592","1":"product","2":"type-product","3":"status-publish","4":"has-post-thumbnail","6":"product_cat-lehrwerke-fur-jugendliche","7":"series-genial-klick-a2","8":"publisher-klett-verlag","10":"first","11":"onbackorder","12":"taxable","13":"shipping-taxable","14":"purchasable","15":"product-type-simple"},"acf":[],"_links":{"self":[{"href":"https:\/\/exlibris.ee\/en\/wp-json\/wp\/v2\/product\/44592","targetHints":{"allow":["GET"]}}],"collection":[{"href":"https:\/\/exlibris.ee\/en\/wp-json\/wp\/v2\/product"}],"about":[{"href":"https:\/\/exlibris.ee\/en\/wp-json\/wp\/v2\/types\/product"}],"wp:featuredmedia":[{"embeddable":true,"href":"https:\/\/exlibris.ee\/en\/wp-json\/wp\/v2\/media\/55126"}],"wp:attachment":[{"href":"https:\/\/exlibris.ee\/en\/wp-json\/wp\/v2\/media?parent=44592"}],"wp:term":[{"taxonomy":"product_brand","embeddable":true,"href":"https:\/\/exlibris.ee\/en\/wp-json\/wp\/v2\/product_brand?post=44592"},{"taxonomy":"product_cat","embeddable":true,"href":"https:\/\/exlibris.ee\/en\/wp-json\/wp\/v2\/product_cat?post=44592"},{"taxonomy":"product_tag","embeddable":true,"href":"https:\/\/exlibris.ee\/en\/wp-json\/wp\/v2\/product_tag?post=44592"},{"taxonomy":"series","embeddable":true,"href":"https:\/\/exlibris.ee\/en\/wp-json\/wp\/v2\/series?post=44592"},{"taxonomy":"publisher","embeddable":true,"href":"https:\/\/exlibris.ee\/en\/wp-json\/wp\/v2\/publisher?post=44592"}],"curies":[{"name":"wp","href":"https:\/\/api.w.org\/{rel}","templated":true}]}}