{"id":44595,"date":"2023-05-11T15:40:01","date_gmt":"2023-05-11T12:40:01","guid":{"rendered":"https:\/\/exlibris.ee\/toode\/grammatik-konversatsion-1\/"},"modified":"2026-04-14T19:14:30","modified_gmt":"2026-04-14T16:14:30","slug":"grammatik-konversatsion-1","status":"publish","type":"product","link":"https:\/\/exlibris.ee\/en\/product\/grammatik-konversatsion-1\/","title":{"rendered":"Grammatik &amp; Konversation 1"},"content":{"rendered":"<p>105 kopierf\u00e4hige Arbeitsbl\u00e4tter zu zentralen grammatischen Themen ber\u00fccksichtigen unterschiedliche Lernerinteressen und garantieren eine abwechslungsreiche Unterrichtsgestaltung. Grammatik &amp; Konversation orientiert sich an den Niveaustufen des &#8220;Gemeinsamen europ\u00e4ischen Referenzrahmens&#8221; bzw. an &#8220;Profile deutsch&#8221;. Die Arbeitsbl\u00e4tter sind sowohl f\u00fcr die Grundstufe als auch zur Wiederholung mit fortgeschritteneren Lernenden geeignet.<\/p>\n","protected":false},"excerpt":{"rendered":"<p>105 kopierf\u00e4hige Arbeitsbl\u00e4tter zu zentralen grammatischen Themen ber\u00fccksichtigen unterschiedliche Lernerinteressen und garantieren eine abwechslungsreiche Unterrichtsgestaltung. Grammatik &amp; Konversation orientiert sich an den Niveaustufen des &#8220;Gemeinsamen europ\u00e4ischen Referenzrahmens&#8221; bzw. an &#8220;Profile deutsch&#8221;. Die Arbeitsbl\u00e4tter sind sowohl f\u00fcr die Grundstufe als auch&#8230;<\/p>\n","protected":false},"featured_media":268578,"template":"","meta":{"_acf_changed":false,"inline_featured_image":false},"product_brand":[],"product_cat":[480],"product_tag":[],"series":[{"id":911,"name":"Konversation","slug":"konversation"}],"publisher":[{"id":473,"name":"Klett Verlag","slug":"klett-verlag"}],"class_list":{"0":"post-44595","1":"product","2":"type-product","3":"status-publish","4":"has-post-thumbnail","6":"product_cat-grammatiken","7":"series-konversation","8":"publisher-klett-verlag","10":"first","11":"instock","12":"taxable","13":"shipping-taxable","14":"purchasable","15":"product-type-simple"},"acf":[],"_links":{"self":[{"href":"https:\/\/exlibris.ee\/en\/wp-json\/wp\/v2\/product\/44595","targetHints":{"allow":["GET"]}}],"collection":[{"href":"https:\/\/exlibris.ee\/en\/wp-json\/wp\/v2\/product"}],"about":[{"href":"https:\/\/exlibris.ee\/en\/wp-json\/wp\/v2\/types\/product"}],"wp:featuredmedia":[{"embeddable":true,"href":"https:\/\/exlibris.ee\/en\/wp-json\/wp\/v2\/media\/268578"}],"wp:attachment":[{"href":"https:\/\/exlibris.ee\/en\/wp-json\/wp\/v2\/media?parent=44595"}],"wp:term":[{"taxonomy":"product_brand","embeddable":true,"href":"https:\/\/exlibris.ee\/en\/wp-json\/wp\/v2\/product_brand?post=44595"},{"taxonomy":"product_cat","embeddable":true,"href":"https:\/\/exlibris.ee\/en\/wp-json\/wp\/v2\/product_cat?post=44595"},{"taxonomy":"product_tag","embeddable":true,"href":"https:\/\/exlibris.ee\/en\/wp-json\/wp\/v2\/product_tag?post=44595"},{"taxonomy":"series","embeddable":true,"href":"https:\/\/exlibris.ee\/en\/wp-json\/wp\/v2\/series?post=44595"},{"taxonomy":"publisher","embeddable":true,"href":"https:\/\/exlibris.ee\/en\/wp-json\/wp\/v2\/publisher?post=44595"}],"curies":[{"name":"wp","href":"https:\/\/api.w.org\/{rel}","templated":true}]}}