{"id":44602,"date":"2023-05-11T15:40:02","date_gmt":"2023-05-11T12:40:02","guid":{"rendered":"https:\/\/exlibris.ee\/toode\/linie-1-kurs-ubungsbuch-mit-mp3-a1-1\/"},"modified":"2026-04-07T21:16:08","modified_gmt":"2026-04-07T18:16:08","slug":"linie-1-kurs-ubungsbuch-mit-mp3-a1-1","status":"publish","type":"product","link":"https:\/\/exlibris.ee\/en\/product\/linie-1-kurs-ubungsbuch-mit-mp3-a1-1\/","title":{"rendered":"Linie 1, Kurs-\/\u00dcbungsbuch mit mp3, A1.1"},"content":{"rendered":"<p>Linie 1 A1 &#8211; das Lehrwerk zum Deutschlernen ohne Vorkenntnisse, um in Alltag und Beruf angemessen kommunizieren zu k\u00f6nnen. Das Deutschlehrwerk zeichnet sich durch lineare Lernwege und ein breites Angebot an Differenzierungsm\u00f6glichkeiten f\u00fcr heterogene Lernergruppen aus. Durch regelm\u00e4\u00dfige Aktivierung und Individualisierung des Gelernten f\u00fchrt Linie 1 zu stetigen Erfolgserlebnissen beim Deutsch lernen und motiviert zum eigenen Sprachhandeln au\u00dferhalb des Deutschkurses. Das Lehrwerk ist zum Einsatz im Einstiegskurs und Integrationskurs geeignet und hat die BAMF-Zulassung. Alle Video-Clips, H\u00f6rtexte und Aussprache\u00fcbungen zum Kurs- und \u00dcbungsbuch sind kostenlos online verf\u00fcgbar. Der Gesamtband Linie 1 A1 f\u00fchrt zur Niveaustufe A1 und bereitet auf die Pr\u00fcfung telc Deutsch (Start Deutsch 1) vor.<\/p>\n","protected":false},"excerpt":{"rendered":"<p>Linie 1 A1 &#8211; das Lehrwerk zum Deutschlernen ohne Vorkenntnisse, um in Alltag und Beruf angemessen kommunizieren zu k\u00f6nnen. Das Deutschlehrwerk zeichnet sich durch lineare Lernwege und ein breites Angebot an Differenzierungsm\u00f6glichkeiten f\u00fcr heterogene Lernergruppen aus. Durch regelm\u00e4\u00dfige Aktivierung und&#8230;<\/p>\n","protected":false},"featured_media":87239,"template":"","meta":{"_acf_changed":false,"inline_featured_image":false},"product_brand":[],"product_cat":[538],"product_tag":[],"series":[{"id":914,"name":"Linie 1","slug":"linie-1"}],"publisher":[{"id":473,"name":"Klett Verlag","slug":"klett-verlag"}],"class_list":{"0":"post-44602","1":"product","2":"type-product","3":"status-publish","4":"has-post-thumbnail","6":"product_cat-lehrwerke-fur-erwachsene","7":"series-linie-1","8":"publisher-klett-verlag","10":"first","11":"instock","12":"taxable","13":"shipping-taxable","14":"purchasable","15":"product-type-simple"},"acf":[],"_links":{"self":[{"href":"https:\/\/exlibris.ee\/en\/wp-json\/wp\/v2\/product\/44602","targetHints":{"allow":["GET"]}}],"collection":[{"href":"https:\/\/exlibris.ee\/en\/wp-json\/wp\/v2\/product"}],"about":[{"href":"https:\/\/exlibris.ee\/en\/wp-json\/wp\/v2\/types\/product"}],"wp:featuredmedia":[{"embeddable":true,"href":"https:\/\/exlibris.ee\/en\/wp-json\/wp\/v2\/media\/87239"}],"wp:attachment":[{"href":"https:\/\/exlibris.ee\/en\/wp-json\/wp\/v2\/media?parent=44602"}],"wp:term":[{"taxonomy":"product_brand","embeddable":true,"href":"https:\/\/exlibris.ee\/en\/wp-json\/wp\/v2\/product_brand?post=44602"},{"taxonomy":"product_cat","embeddable":true,"href":"https:\/\/exlibris.ee\/en\/wp-json\/wp\/v2\/product_cat?post=44602"},{"taxonomy":"product_tag","embeddable":true,"href":"https:\/\/exlibris.ee\/en\/wp-json\/wp\/v2\/product_tag?post=44602"},{"taxonomy":"series","embeddable":true,"href":"https:\/\/exlibris.ee\/en\/wp-json\/wp\/v2\/series?post=44602"},{"taxonomy":"publisher","embeddable":true,"href":"https:\/\/exlibris.ee\/en\/wp-json\/wp\/v2\/publisher?post=44602"}],"curies":[{"name":"wp","href":"https:\/\/api.w.org\/{rel}","templated":true}]}}