{"id":44608,"date":"2023-05-11T15:40:04","date_gmt":"2023-05-11T12:40:04","guid":{"rendered":"https:\/\/exlibris.ee\/toode\/klasse-a1-testheft-mit-audio-cd\/"},"modified":"2026-04-15T13:23:29","modified_gmt":"2026-04-15T10:23:29","slug":"klasse-a1-testheft-mit-audio-cd","status":"publish","type":"product","link":"https:\/\/exlibris.ee\/en\/product\/klasse-a1-testheft-mit-audio-cd\/","title":{"rendered":"Klasse A1 Testheft mit Audio-CD"},"content":{"rendered":"<p>Lernfortschritttests zu jedem Kapitel Training bzw. Testaufgaben zu allen vier Fertigkeiten S\u00e4mtliche Aufgabenformate der Pr\u00fcfungen Fit in Deutsch 1 des Goethe-Instituts und KID A1 des \u00d6SD Audios zu den Testaufgaben Transkripte und L\u00f6sungsschl\u00fcssel im Anhang.<\/p>\n","protected":false},"excerpt":{"rendered":"<p>Lernfortschritttests zu jedem Kapitel Training bzw. Testaufgaben zu allen vier Fertigkeiten S\u00e4mtliche Aufgabenformate der Pr\u00fcfungen Fit in Deutsch 1 des Goethe-Instituts und KID A1 des \u00d6SD Audios zu den Testaufgaben Transkripte und L\u00f6sungsschl\u00fcssel im Anhang.<\/p>\n","protected":false},"featured_media":285474,"template":"","meta":{"_acf_changed":false,"inline_featured_image":false},"product_brand":[],"product_cat":[477],"product_tag":[],"series":[{"id":916,"name":"Klasse","slug":"klasse"}],"publisher":[{"id":473,"name":"Klett Verlag","slug":"klett-verlag"}],"class_list":{"0":"post-44608","1":"product","2":"type-product","3":"status-publish","4":"has-post-thumbnail","6":"product_cat-lehrwerke-fur-jugendliche","7":"series-klasse","8":"publisher-klett-verlag","10":"first","11":"onbackorder","12":"taxable","13":"shipping-taxable","14":"purchasable","15":"product-type-simple"},"acf":[],"_links":{"self":[{"href":"https:\/\/exlibris.ee\/en\/wp-json\/wp\/v2\/product\/44608","targetHints":{"allow":["GET"]}}],"collection":[{"href":"https:\/\/exlibris.ee\/en\/wp-json\/wp\/v2\/product"}],"about":[{"href":"https:\/\/exlibris.ee\/en\/wp-json\/wp\/v2\/types\/product"}],"wp:featuredmedia":[{"embeddable":true,"href":"https:\/\/exlibris.ee\/en\/wp-json\/wp\/v2\/media\/285474"}],"wp:attachment":[{"href":"https:\/\/exlibris.ee\/en\/wp-json\/wp\/v2\/media?parent=44608"}],"wp:term":[{"taxonomy":"product_brand","embeddable":true,"href":"https:\/\/exlibris.ee\/en\/wp-json\/wp\/v2\/product_brand?post=44608"},{"taxonomy":"product_cat","embeddable":true,"href":"https:\/\/exlibris.ee\/en\/wp-json\/wp\/v2\/product_cat?post=44608"},{"taxonomy":"product_tag","embeddable":true,"href":"https:\/\/exlibris.ee\/en\/wp-json\/wp\/v2\/product_tag?post=44608"},{"taxonomy":"series","embeddable":true,"href":"https:\/\/exlibris.ee\/en\/wp-json\/wp\/v2\/series?post=44608"},{"taxonomy":"publisher","embeddable":true,"href":"https:\/\/exlibris.ee\/en\/wp-json\/wp\/v2\/publisher?post=44608"}],"curies":[{"name":"wp","href":"https:\/\/api.w.org\/{rel}","templated":true}]}}