{"id":44620,"date":"2023-05-11T15:40:07","date_gmt":"2023-05-11T12:40:07","guid":{"rendered":"https:\/\/exlibris.ee\/toode\/linie-1-pflege-b2-intensivtrainer\/"},"modified":"2026-04-07T21:16:11","modified_gmt":"2026-04-07T18:16:11","slug":"linie-1-pflege-b2-intensivtrainer","status":"publish","type":"product","link":"https:\/\/exlibris.ee\/en\/product\/linie-1-pflege-b2-intensivtrainer\/","title":{"rendered":"Linie 1 Pflege B2, Intensivtrainer"},"content":{"rendered":"<p>Erg\u00e4nzendes Training zum Kurs- und \u00dcbungsbuch \u00dcbungen zu Lernwortschatz, Grammatikstrukturen und Dokumentation Training beruflich relevanter W\u00f6rter und Fachausdr\u00fccke Wiederholung und Festigung von Grammatik Zum \u00dcben von schriftlicher Kommunikation in der Pflege Zahlreiche Pr\u00fcfungsaufgaben und zwei vollst\u00e4ndige Modelltests Vorbereitung auf die Pr\u00fcfungen telc Deutsch B1-B2 Pflege und Goethe-Test PRO Pflege Mit Pr\u00fcfungstipps, Transkripten und L\u00f6sungen online.<\/p>\n","protected":false},"excerpt":{"rendered":"<p>Erg\u00e4nzendes Training zum Kurs- und \u00dcbungsbuch \u00dcbungen zu Lernwortschatz, Grammatikstrukturen und Dokumentation Training beruflich relevanter W\u00f6rter und Fachausdr\u00fccke Wiederholung und Festigung von Grammatik Zum \u00dcben von schriftlicher Kommunikation in der Pflege Zahlreiche Pr\u00fcfungsaufgaben und zwei vollst\u00e4ndige Modelltests Vorbereitung auf die&#8230;<\/p>\n","protected":false},"featured_media":87356,"template":"","meta":{"_acf_changed":false,"inline_featured_image":false},"product_brand":[],"product_cat":[538],"product_tag":[],"series":[{"id":914,"name":"Linie 1","slug":"linie-1"}],"publisher":[{"id":473,"name":"Klett Verlag","slug":"klett-verlag"}],"class_list":{"0":"post-44620","1":"product","2":"type-product","3":"status-publish","4":"has-post-thumbnail","6":"product_cat-lehrwerke-fur-erwachsene","7":"series-linie-1","8":"publisher-klett-verlag","10":"first","11":"onbackorder","12":"taxable","13":"shipping-taxable","14":"purchasable","15":"product-type-simple"},"acf":[],"_links":{"self":[{"href":"https:\/\/exlibris.ee\/en\/wp-json\/wp\/v2\/product\/44620","targetHints":{"allow":["GET"]}}],"collection":[{"href":"https:\/\/exlibris.ee\/en\/wp-json\/wp\/v2\/product"}],"about":[{"href":"https:\/\/exlibris.ee\/en\/wp-json\/wp\/v2\/types\/product"}],"wp:featuredmedia":[{"embeddable":true,"href":"https:\/\/exlibris.ee\/en\/wp-json\/wp\/v2\/media\/87356"}],"wp:attachment":[{"href":"https:\/\/exlibris.ee\/en\/wp-json\/wp\/v2\/media?parent=44620"}],"wp:term":[{"taxonomy":"product_brand","embeddable":true,"href":"https:\/\/exlibris.ee\/en\/wp-json\/wp\/v2\/product_brand?post=44620"},{"taxonomy":"product_cat","embeddable":true,"href":"https:\/\/exlibris.ee\/en\/wp-json\/wp\/v2\/product_cat?post=44620"},{"taxonomy":"product_tag","embeddable":true,"href":"https:\/\/exlibris.ee\/en\/wp-json\/wp\/v2\/product_tag?post=44620"},{"taxonomy":"series","embeddable":true,"href":"https:\/\/exlibris.ee\/en\/wp-json\/wp\/v2\/series?post=44620"},{"taxonomy":"publisher","embeddable":true,"href":"https:\/\/exlibris.ee\/en\/wp-json\/wp\/v2\/publisher?post=44620"}],"curies":[{"name":"wp","href":"https:\/\/api.w.org\/{rel}","templated":true}]}}