{"id":44630,"date":"2023-05-11T15:40:09","date_gmt":"2023-05-11T12:40:09","guid":{"rendered":"https:\/\/exlibris.ee\/toode\/wir-alle-a1-testheft-mit-audios\/"},"modified":"2026-04-05T15:21:32","modified_gmt":"2026-04-05T12:21:32","slug":"wir-alle-a1-testheft-mit-audios","status":"publish","type":"product","link":"https:\/\/exlibris.ee\/en\/product\/wir-alle-a1-testheft-mit-audios\/","title":{"rendered":"Wir alle A1, Testheft mit Audios"},"content":{"rendered":"<p>12 Lektionstests mit Aufgaben zu Kommunikation und Grammatik alle Tests in zwei Varianten A und B f\u00fcr den Einsatz in gr\u00f6\u00dferen Klassen Fertigkeitentests (H\u00f6ren, Lesen, Schreiben) zu jedem Modul Aufgaben zum Sprechen separat am Ende \u2013 f\u00fcr mehr Flexibilit\u00e4t Transkription der H\u00f6rtexte und L\u00f6sungen im Anhang.<\/p>\n","protected":false},"excerpt":{"rendered":"<p>12 Lektionstests mit Aufgaben zu Kommunikation und Grammatik alle Tests in zwei Varianten A und B f\u00fcr den Einsatz in gr\u00f6\u00dferen Klassen Fertigkeitentests (H\u00f6ren, Lesen, Schreiben) zu jedem Modul Aufgaben zum Sprechen separat am Ende \u2013 f\u00fcr mehr Flexibilit\u00e4t Transkription&#8230;<\/p>\n","protected":false},"featured_media":55153,"template":"","meta":{"_acf_changed":false,"inline_featured_image":false},"product_brand":[],"product_cat":[477],"product_tag":[],"series":[{"id":919,"name":"Wir alle A1","slug":"wir-alle-a1"}],"publisher":[{"id":473,"name":"Klett Verlag","slug":"klett-verlag"}],"class_list":{"0":"post-44630","1":"product","2":"type-product","3":"status-publish","4":"has-post-thumbnail","6":"product_cat-lehrwerke-fur-jugendliche","7":"series-wir-alle-a1","8":"publisher-klett-verlag","10":"first","11":"onbackorder","12":"taxable","13":"shipping-taxable","14":"purchasable","15":"product-type-simple"},"acf":[],"_links":{"self":[{"href":"https:\/\/exlibris.ee\/en\/wp-json\/wp\/v2\/product\/44630","targetHints":{"allow":["GET"]}}],"collection":[{"href":"https:\/\/exlibris.ee\/en\/wp-json\/wp\/v2\/product"}],"about":[{"href":"https:\/\/exlibris.ee\/en\/wp-json\/wp\/v2\/types\/product"}],"wp:featuredmedia":[{"embeddable":true,"href":"https:\/\/exlibris.ee\/en\/wp-json\/wp\/v2\/media\/55153"}],"wp:attachment":[{"href":"https:\/\/exlibris.ee\/en\/wp-json\/wp\/v2\/media?parent=44630"}],"wp:term":[{"taxonomy":"product_brand","embeddable":true,"href":"https:\/\/exlibris.ee\/en\/wp-json\/wp\/v2\/product_brand?post=44630"},{"taxonomy":"product_cat","embeddable":true,"href":"https:\/\/exlibris.ee\/en\/wp-json\/wp\/v2\/product_cat?post=44630"},{"taxonomy":"product_tag","embeddable":true,"href":"https:\/\/exlibris.ee\/en\/wp-json\/wp\/v2\/product_tag?post=44630"},{"taxonomy":"series","embeddable":true,"href":"https:\/\/exlibris.ee\/en\/wp-json\/wp\/v2\/series?post=44630"},{"taxonomy":"publisher","embeddable":true,"href":"https:\/\/exlibris.ee\/en\/wp-json\/wp\/v2\/publisher?post=44630"}],"curies":[{"name":"wp","href":"https:\/\/api.w.org\/{rel}","templated":true}]}}