{"id":44642,"date":"2023-05-11T15:40:10","date_gmt":"2023-05-11T12:40:10","guid":{"rendered":"https:\/\/exlibris.ee\/toode\/66-wechselspiele-deutsch-als-fremdsprache\/"},"modified":"2026-04-09T09:19:44","modified_gmt":"2026-04-09T06:19:44","slug":"66-wechselspiele-deutsch-als-fremdsprache","status":"publish","type":"product","link":"https:\/\/exlibris.ee\/en\/product\/66-wechselspiele-deutsch-als-fremdsprache\/","title":{"rendered":"66 Wechselspiele"},"content":{"rendered":"<p>Diese Sammlung von Unterrichtsaktivit\u00e4ten bietet motivierende Impulse und aktivierende Anregungen, die begleitend zu jedem DaF-Sprachlehrwerk eingesetzt werden k\u00f6nnen. F\u00f6rdert das freie Sprechen durch Partner\u00fcbungen. Festigt und automatisiert grammatische Strukturen. Bietet Dialogaufgaben f\u00fcr Jugendliche und Erwachsene. Kann ohne Vorbereitung im Unterricht eingesetzt werden. Geeignet f\u00fcr Anf\u00e4nger und Fortgeschrittene (Niveau A1 bis B2).<\/p>\n","protected":false},"excerpt":{"rendered":"<p>Diese Sammlung von Unterrichtsaktivit\u00e4ten bietet motivierende Impulse und aktivierende Anregungen, die begleitend zu jedem DaF-Sprachlehrwerk eingesetzt werden k\u00f6nnen. F\u00f6rdert das freie Sprechen durch Partner\u00fcbungen. Festigt und automatisiert grammatische Strukturen. Bietet Dialogaufgaben f\u00fcr Jugendliche und Erwachsene. Kann ohne Vorbereitung im Unterricht&#8230;<\/p>\n","protected":false},"featured_media":55189,"template":"","meta":{"_acf_changed":false,"inline_featured_image":false},"product_brand":[],"product_cat":[503],"product_tag":[],"series":[{"id":922,"name":"Deutsch als Fremdsprache","slug":"deutsch-als-fremdsprache"}],"publisher":[{"id":473,"name":"Klett Verlag","slug":"klett-verlag"}],"class_list":{"0":"post-44642","1":"product","2":"type-product","3":"status-publish","4":"has-post-thumbnail","6":"product_cat-lernen-mit-bildern-und-spielen","7":"series-deutsch-als-fremdsprache","8":"publisher-klett-verlag","10":"first","11":"onbackorder","12":"taxable","13":"shipping-taxable","14":"purchasable","15":"product-type-simple"},"acf":[],"_links":{"self":[{"href":"https:\/\/exlibris.ee\/en\/wp-json\/wp\/v2\/product\/44642","targetHints":{"allow":["GET"]}}],"collection":[{"href":"https:\/\/exlibris.ee\/en\/wp-json\/wp\/v2\/product"}],"about":[{"href":"https:\/\/exlibris.ee\/en\/wp-json\/wp\/v2\/types\/product"}],"wp:featuredmedia":[{"embeddable":true,"href":"https:\/\/exlibris.ee\/en\/wp-json\/wp\/v2\/media\/55189"}],"wp:attachment":[{"href":"https:\/\/exlibris.ee\/en\/wp-json\/wp\/v2\/media?parent=44642"}],"wp:term":[{"taxonomy":"product_brand","embeddable":true,"href":"https:\/\/exlibris.ee\/en\/wp-json\/wp\/v2\/product_brand?post=44642"},{"taxonomy":"product_cat","embeddable":true,"href":"https:\/\/exlibris.ee\/en\/wp-json\/wp\/v2\/product_cat?post=44642"},{"taxonomy":"product_tag","embeddable":true,"href":"https:\/\/exlibris.ee\/en\/wp-json\/wp\/v2\/product_tag?post=44642"},{"taxonomy":"series","embeddable":true,"href":"https:\/\/exlibris.ee\/en\/wp-json\/wp\/v2\/series?post=44642"},{"taxonomy":"publisher","embeddable":true,"href":"https:\/\/exlibris.ee\/en\/wp-json\/wp\/v2\/publisher?post=44642"}],"curies":[{"name":"wp","href":"https:\/\/api.w.org\/{rel}","templated":true}]}}