{"id":44646,"date":"2023-05-11T15:40:12","date_gmt":"2023-05-11T12:40:12","guid":{"rendered":"https:\/\/exlibris.ee\/toode\/44-sprachratsel-spiele-deutsch-als-fremdsprache\/"},"modified":"2026-04-03T09:12:58","modified_gmt":"2026-04-03T06:12:58","slug":"44-sprachratsel-spiele-deutsch-als-fremdsprache","status":"publish","type":"product","link":"https:\/\/exlibris.ee\/en\/product\/44-sprachratsel-spiele-deutsch-als-fremdsprache\/","title":{"rendered":"44 Sprachr\u00e4tsel-Spiele"},"content":{"rendered":"<p>Diese Spielesammlung enth\u00e4lt 44 unterhaltsame, aktivierende Spiele zum abwechslungsreichen \u00dcben der Fertigkeiten Sprechen, H\u00f6ren, Lesen und Schreiben im Unterricht. Durch Aktivit\u00e4ten mit R\u00e4tselcharakter, wie beispielsweise Spiele mit Wissensl\u00fccken, Logik- und Knobelr\u00e4tsel, werden die Lernenden in besonderem Ma\u00dfe zum Lernen motiviert. Die Spiele k\u00f6nnen begleitend zu jedem DaF-Sprachlehrwerk eingesetzt werden und enthalten detaillierte Spielbeschreibungen und Kopiervorlagen f\u00fcr den sofortigen Einsatz im Unterricht.<\/p>\n","protected":false},"excerpt":{"rendered":"<p>Diese Spielesammlung enth\u00e4lt 44 unterhaltsame, aktivierende Spiele zum abwechslungsreichen \u00dcben der Fertigkeiten Sprechen, H\u00f6ren, Lesen und Schreiben im Unterricht. Durch Aktivit\u00e4ten mit R\u00e4tselcharakter, wie beispielsweise Spiele mit Wissensl\u00fccken, Logik- und Knobelr\u00e4tsel, werden die Lernenden in besonderem Ma\u00dfe zum Lernen motiviert&#8230;.<\/p>\n","protected":false},"featured_media":55201,"template":"","meta":{"_acf_changed":false,"inline_featured_image":false},"product_brand":[],"product_cat":[503],"product_tag":[],"series":[{"id":922,"name":"Deutsch als Fremdsprache","slug":"deutsch-als-fremdsprache"}],"publisher":[{"id":473,"name":"Klett Verlag","slug":"klett-verlag"}],"class_list":{"0":"post-44646","1":"product","2":"type-product","3":"status-publish","4":"has-post-thumbnail","6":"product_cat-lernen-mit-bildern-und-spielen","7":"series-deutsch-als-fremdsprache","8":"publisher-klett-verlag","10":"first","11":"instock","12":"taxable","13":"shipping-taxable","14":"purchasable","15":"product-type-simple"},"acf":[],"_links":{"self":[{"href":"https:\/\/exlibris.ee\/en\/wp-json\/wp\/v2\/product\/44646","targetHints":{"allow":["GET"]}}],"collection":[{"href":"https:\/\/exlibris.ee\/en\/wp-json\/wp\/v2\/product"}],"about":[{"href":"https:\/\/exlibris.ee\/en\/wp-json\/wp\/v2\/types\/product"}],"wp:featuredmedia":[{"embeddable":true,"href":"https:\/\/exlibris.ee\/en\/wp-json\/wp\/v2\/media\/55201"}],"wp:attachment":[{"href":"https:\/\/exlibris.ee\/en\/wp-json\/wp\/v2\/media?parent=44646"}],"wp:term":[{"taxonomy":"product_brand","embeddable":true,"href":"https:\/\/exlibris.ee\/en\/wp-json\/wp\/v2\/product_brand?post=44646"},{"taxonomy":"product_cat","embeddable":true,"href":"https:\/\/exlibris.ee\/en\/wp-json\/wp\/v2\/product_cat?post=44646"},{"taxonomy":"product_tag","embeddable":true,"href":"https:\/\/exlibris.ee\/en\/wp-json\/wp\/v2\/product_tag?post=44646"},{"taxonomy":"series","embeddable":true,"href":"https:\/\/exlibris.ee\/en\/wp-json\/wp\/v2\/series?post=44646"},{"taxonomy":"publisher","embeddable":true,"href":"https:\/\/exlibris.ee\/en\/wp-json\/wp\/v2\/publisher?post=44646"}],"curies":[{"name":"wp","href":"https:\/\/api.w.org\/{rel}","templated":true}]}}