{"id":44655,"date":"2023-05-11T15:40:13","date_gmt":"2023-05-11T12:40:13","guid":{"rendered":"https:\/\/exlibris.ee\/toode\/so-gehts-noch-besser-zu-b1-lesen-lh\/"},"modified":"2026-04-05T15:22:53","modified_gmt":"2026-04-05T12:22:53","slug":"so-gehts-noch-besser-zu-b1-lesen-lh","status":"publish","type":"product","link":"https:\/\/exlibris.ee\/en\/product\/so-gehts-noch-besser-zu-b1-lesen-lh\/","title":{"rendered":"So geht\u00b4s noch besser zu B1.Lesen LH"},"content":{"rendered":"<p>L\u00f6sungen aller Aufgaben und Modelltests im \u00dcbungsbuch, Transkriptionen aller H\u00f6rtexte, Kopiervorlagen f\u00fcr den Unterricht.<\/p>\n","protected":false},"excerpt":{"rendered":"<p>L\u00f6sungen aller Aufgaben und Modelltests im \u00dcbungsbuch, Transkriptionen aller H\u00f6rtexte, Kopiervorlagen f\u00fcr den Unterricht.<\/p>\n","protected":false},"featured_media":71050,"template":"","meta":{"_acf_changed":false,"inline_featured_image":false},"product_brand":[],"product_cat":[507],"product_tag":[],"series":[{"id":925,"name":"So geht\u2019s","slug":"so-gehts-2"}],"publisher":[{"id":473,"name":"Klett Verlag","slug":"klett-verlag"}],"class_list":{"0":"post-44655","1":"product","2":"type-product","3":"status-publish","4":"has-post-thumbnail","6":"product_cat-prufungsvorbereitung","7":"series-so-gehts-2","8":"publisher-klett-verlag","10":"first","11":"onbackorder","12":"taxable","13":"shipping-taxable","14":"purchasable","15":"product-type-simple"},"acf":[],"_links":{"self":[{"href":"https:\/\/exlibris.ee\/en\/wp-json\/wp\/v2\/product\/44655","targetHints":{"allow":["GET"]}}],"collection":[{"href":"https:\/\/exlibris.ee\/en\/wp-json\/wp\/v2\/product"}],"about":[{"href":"https:\/\/exlibris.ee\/en\/wp-json\/wp\/v2\/types\/product"}],"wp:featuredmedia":[{"embeddable":true,"href":"https:\/\/exlibris.ee\/en\/wp-json\/wp\/v2\/media\/71050"}],"wp:attachment":[{"href":"https:\/\/exlibris.ee\/en\/wp-json\/wp\/v2\/media?parent=44655"}],"wp:term":[{"taxonomy":"product_brand","embeddable":true,"href":"https:\/\/exlibris.ee\/en\/wp-json\/wp\/v2\/product_brand?post=44655"},{"taxonomy":"product_cat","embeddable":true,"href":"https:\/\/exlibris.ee\/en\/wp-json\/wp\/v2\/product_cat?post=44655"},{"taxonomy":"product_tag","embeddable":true,"href":"https:\/\/exlibris.ee\/en\/wp-json\/wp\/v2\/product_tag?post=44655"},{"taxonomy":"series","embeddable":true,"href":"https:\/\/exlibris.ee\/en\/wp-json\/wp\/v2\/series?post=44655"},{"taxonomy":"publisher","embeddable":true,"href":"https:\/\/exlibris.ee\/en\/wp-json\/wp\/v2\/publisher?post=44655"}],"curies":[{"name":"wp","href":"https:\/\/api.w.org\/{rel}","templated":true}]}}