{"id":44659,"date":"2023-05-11T15:40:14","date_gmt":"2023-05-11T12:40:14","guid":{"rendered":"https:\/\/exlibris.ee\/toode\/mit-erfolg-goethe-b2-neu-ub\/"},"modified":"2026-04-20T09:26:24","modified_gmt":"2026-04-20T06:26:24","slug":"mit-erfolg-goethe-b2-neu-ub","status":"publish","type":"product","link":"https:\/\/exlibris.ee\/en\/product\/mit-erfolg-goethe-b2-neu-ub\/","title":{"rendered":"Mit Erfolg zu Goethe B2 neu, \u00dcB"},"content":{"rendered":"<p>Gezielte Vorbereitung auf das neue Goethe-Zertifikat B2 (g\u00fcltig ab 2019). F\u00fcr Ihren Deutschkurs und f\u00fcr Selbstlerner. Das \u00dcbungsbuch enth\u00e4lt: Eine Vorstellung der B2-Pr\u00fcfung sowie das komplette Training zur Pr\u00fcfung, L\u00f6sungsstrategien und wichtige Hilfestellung zur Pr\u00fcfungsvorbereitung, Ein Schritt-f\u00fcr Schritt-Trainingsprogramm zu jedem Pr\u00fcfungsteil, \u00dcbungen zum Erschlie\u00dfen von pr\u00fcfungsrelevantem Wortschatz z.B. &#8220;&#8221;Studium&#8221;&#8221; und &#8220;&#8221;Beruf&#8221;&#8221;, \u00dcbungen zu den f\u00fcr die Pr\u00fcfungsteile relevanten Grammatikthemen, Transkriptionen der H\u00f6rtexte (verf\u00fcgbar \u00fcber Klett Augmented und Download),L\u00f6sungen zur Selbstkontrolle.<\/p>\n","protected":false},"excerpt":{"rendered":"<p>Gezielte Vorbereitung auf das neue Goethe-Zertifikat B2 (g\u00fcltig ab 2019). F\u00fcr Ihren Deutschkurs und f\u00fcr Selbstlerner. Das \u00dcbungsbuch enth\u00e4lt: Eine Vorstellung der B2-Pr\u00fcfung sowie das komplette Training zur Pr\u00fcfung, L\u00f6sungsstrategien und wichtige Hilfestellung zur Pr\u00fcfungsvorbereitung, Ein Schritt-f\u00fcr Schritt-Trainingsprogramm zu jedem&#8230;<\/p>\n","protected":false},"featured_media":371921,"template":"","meta":{"_acf_changed":false,"inline_featured_image":false},"product_brand":[],"product_cat":[507],"product_tag":[],"series":[{"id":927,"name":"Mit Erfolg","slug":"mit-erfolg"}],"publisher":[{"id":473,"name":"Klett Verlag","slug":"klett-verlag"}],"class_list":{"0":"post-44659","1":"product","2":"type-product","3":"status-publish","4":"has-post-thumbnail","6":"product_cat-prufungsvorbereitung","7":"series-mit-erfolg","8":"publisher-klett-verlag","10":"first","11":"onbackorder","12":"taxable","13":"shipping-taxable","14":"purchasable","15":"product-type-simple"},"acf":[],"_links":{"self":[{"href":"https:\/\/exlibris.ee\/en\/wp-json\/wp\/v2\/product\/44659","targetHints":{"allow":["GET"]}}],"collection":[{"href":"https:\/\/exlibris.ee\/en\/wp-json\/wp\/v2\/product"}],"about":[{"href":"https:\/\/exlibris.ee\/en\/wp-json\/wp\/v2\/types\/product"}],"wp:featuredmedia":[{"embeddable":true,"href":"https:\/\/exlibris.ee\/en\/wp-json\/wp\/v2\/media\/371921"}],"wp:attachment":[{"href":"https:\/\/exlibris.ee\/en\/wp-json\/wp\/v2\/media?parent=44659"}],"wp:term":[{"taxonomy":"product_brand","embeddable":true,"href":"https:\/\/exlibris.ee\/en\/wp-json\/wp\/v2\/product_brand?post=44659"},{"taxonomy":"product_cat","embeddable":true,"href":"https:\/\/exlibris.ee\/en\/wp-json\/wp\/v2\/product_cat?post=44659"},{"taxonomy":"product_tag","embeddable":true,"href":"https:\/\/exlibris.ee\/en\/wp-json\/wp\/v2\/product_tag?post=44659"},{"taxonomy":"series","embeddable":true,"href":"https:\/\/exlibris.ee\/en\/wp-json\/wp\/v2\/series?post=44659"},{"taxonomy":"publisher","embeddable":true,"href":"https:\/\/exlibris.ee\/en\/wp-json\/wp\/v2\/publisher?post=44659"}],"curies":[{"name":"wp","href":"https:\/\/api.w.org\/{rel}","templated":true}]}}