{"id":44660,"date":"2023-05-11T15:40:14","date_gmt":"2023-05-11T12:40:14","guid":{"rendered":"https:\/\/exlibris.ee\/toode\/mit-erfolg-goethe-b2-neu-tb\/"},"modified":"2026-04-18T15:26:30","modified_gmt":"2026-04-18T12:26:30","slug":"mit-erfolg-goethe-b2-neu-tb","status":"publish","type":"product","link":"https:\/\/exlibris.ee\/en\/product\/mit-erfolg-goethe-b2-neu-tb\/","title":{"rendered":"Mit Erfolg zu Goethe B2 neu, TB"},"content":{"rendered":"<p>Ausf\u00fchrliche Erl\u00e4uterungen zur Pr\u00fcfung. Vier komplette Modellpr\u00fcfungen zum \u00dcben. Detaillierte Beschreibungen aller vier Pr\u00fcfungsteile (Lesen, H\u00f6ren, Schreiben und Sprechen). L\u00f6sungsstrategien, Tipps und Hinweise zur optimalen Pr\u00fcfungsvorbereitung.Erl\u00e4uterungen zu den Bewertungskriterien.<\/p>\n","protected":false},"excerpt":{"rendered":"<p>Ausf\u00fchrliche Erl\u00e4uterungen zur Pr\u00fcfung. Vier komplette Modellpr\u00fcfungen zum \u00dcben. Detaillierte Beschreibungen aller vier Pr\u00fcfungsteile (Lesen, H\u00f6ren, Schreiben und Sprechen). L\u00f6sungsstrategien, Tipps und Hinweise zur optimalen Pr\u00fcfungsvorbereitung.Erl\u00e4uterungen zu den Bewertungskriterien.<\/p>\n","protected":false},"featured_media":337476,"template":"","meta":{"_acf_changed":false,"inline_featured_image":false},"product_brand":[],"product_cat":[507],"product_tag":[],"series":[{"id":927,"name":"Mit Erfolg","slug":"mit-erfolg"}],"publisher":[{"id":473,"name":"Klett Verlag","slug":"klett-verlag"}],"class_list":{"0":"post-44660","1":"product","2":"type-product","3":"status-publish","4":"has-post-thumbnail","6":"product_cat-prufungsvorbereitung","7":"series-mit-erfolg","8":"publisher-klett-verlag","10":"first","11":"onbackorder","12":"taxable","13":"shipping-taxable","14":"purchasable","15":"product-type-simple"},"acf":[],"_links":{"self":[{"href":"https:\/\/exlibris.ee\/en\/wp-json\/wp\/v2\/product\/44660","targetHints":{"allow":["GET"]}}],"collection":[{"href":"https:\/\/exlibris.ee\/en\/wp-json\/wp\/v2\/product"}],"about":[{"href":"https:\/\/exlibris.ee\/en\/wp-json\/wp\/v2\/types\/product"}],"wp:featuredmedia":[{"embeddable":true,"href":"https:\/\/exlibris.ee\/en\/wp-json\/wp\/v2\/media\/337476"}],"wp:attachment":[{"href":"https:\/\/exlibris.ee\/en\/wp-json\/wp\/v2\/media?parent=44660"}],"wp:term":[{"taxonomy":"product_brand","embeddable":true,"href":"https:\/\/exlibris.ee\/en\/wp-json\/wp\/v2\/product_brand?post=44660"},{"taxonomy":"product_cat","embeddable":true,"href":"https:\/\/exlibris.ee\/en\/wp-json\/wp\/v2\/product_cat?post=44660"},{"taxonomy":"product_tag","embeddable":true,"href":"https:\/\/exlibris.ee\/en\/wp-json\/wp\/v2\/product_tag?post=44660"},{"taxonomy":"series","embeddable":true,"href":"https:\/\/exlibris.ee\/en\/wp-json\/wp\/v2\/series?post=44660"},{"taxonomy":"publisher","embeddable":true,"href":"https:\/\/exlibris.ee\/en\/wp-json\/wp\/v2\/publisher?post=44660"}],"curies":[{"name":"wp","href":"https:\/\/api.w.org\/{rel}","templated":true}]}}