{"id":44662,"date":"2023-05-11T15:40:16","date_gmt":"2023-05-11T12:40:16","guid":{"rendered":"https:\/\/exlibris.ee\/toode\/44-aussprachespiele-deutsch-als-fremdsprache\/"},"modified":"2026-04-07T21:18:33","modified_gmt":"2026-04-07T18:18:33","slug":"44-aussprachespiele-deutsch-als-fremdsprache","status":"publish","type":"product","link":"https:\/\/exlibris.ee\/en\/product\/44-aussprachespiele-deutsch-als-fremdsprache\/","title":{"rendered":"44 Aussprachespiele"},"content":{"rendered":"<p>Die spielerischen Unterrichtsmaterialien \u00fcben sowohl das H\u00f6ren (Identifizieren und Differenzieren) als auch das Aussprechen der deutschen Standardsprache, bieten abwechslungsreiche Spielformen nach phonetischen Themen geordnet, sind f\u00fcr alle Altersstufen, Niveaus und Ausgangssprachen geeignet, beschreiben Tipps und Tricks zur Umsetzung im Unterricht. Extras: H\u00f6rbeispiele zu allen Aussprachespielen auf 2 Audio-CDs auch online abrufbar (Code im Buch), Weitere Druckvorlagen online (Code im Buch) f\u00fcr Redemittel-, Wort-, Bild- und Spielkarten, sowie f\u00fcr gro\u00dfformatige Spielpl\u00e4ne.<\/p>\n","protected":false},"excerpt":{"rendered":"<p>Die spielerischen Unterrichtsmaterialien \u00fcben sowohl das H\u00f6ren (Identifizieren und Differenzieren) als auch das Aussprechen der deutschen Standardsprache, bieten abwechslungsreiche Spielformen nach phonetischen Themen geordnet, sind f\u00fcr alle Altersstufen, Niveaus und Ausgangssprachen geeignet, beschreiben Tipps und Tricks zur Umsetzung im Unterricht&#8230;.<\/p>\n","protected":false},"featured_media":55237,"template":"","meta":{"_acf_changed":false,"inline_featured_image":false},"product_brand":[],"product_cat":[503],"product_tag":[],"series":[{"id":922,"name":"Deutsch als Fremdsprache","slug":"deutsch-als-fremdsprache"}],"publisher":[{"id":473,"name":"Klett Verlag","slug":"klett-verlag"}],"class_list":{"0":"post-44662","1":"product","2":"type-product","3":"status-publish","4":"has-post-thumbnail","6":"product_cat-lernen-mit-bildern-und-spielen","7":"series-deutsch-als-fremdsprache","8":"publisher-klett-verlag","10":"first","11":"onbackorder","12":"taxable","13":"shipping-taxable","14":"purchasable","15":"product-type-simple"},"acf":[],"_links":{"self":[{"href":"https:\/\/exlibris.ee\/en\/wp-json\/wp\/v2\/product\/44662","targetHints":{"allow":["GET"]}}],"collection":[{"href":"https:\/\/exlibris.ee\/en\/wp-json\/wp\/v2\/product"}],"about":[{"href":"https:\/\/exlibris.ee\/en\/wp-json\/wp\/v2\/types\/product"}],"wp:featuredmedia":[{"embeddable":true,"href":"https:\/\/exlibris.ee\/en\/wp-json\/wp\/v2\/media\/55237"}],"wp:attachment":[{"href":"https:\/\/exlibris.ee\/en\/wp-json\/wp\/v2\/media?parent=44662"}],"wp:term":[{"taxonomy":"product_brand","embeddable":true,"href":"https:\/\/exlibris.ee\/en\/wp-json\/wp\/v2\/product_brand?post=44662"},{"taxonomy":"product_cat","embeddable":true,"href":"https:\/\/exlibris.ee\/en\/wp-json\/wp\/v2\/product_cat?post=44662"},{"taxonomy":"product_tag","embeddable":true,"href":"https:\/\/exlibris.ee\/en\/wp-json\/wp\/v2\/product_tag?post=44662"},{"taxonomy":"series","embeddable":true,"href":"https:\/\/exlibris.ee\/en\/wp-json\/wp\/v2\/series?post=44662"},{"taxonomy":"publisher","embeddable":true,"href":"https:\/\/exlibris.ee\/en\/wp-json\/wp\/v2\/publisher?post=44662"}],"curies":[{"name":"wp","href":"https:\/\/api.w.org\/{rel}","templated":true}]}}