{"id":44667,"date":"2023-05-11T15:40:16","date_gmt":"2023-05-11T12:40:16","guid":{"rendered":"https:\/\/exlibris.ee\/toode\/deutsch-intensiv-horen-und-sprechen-b2\/"},"modified":"2026-04-06T09:09:13","modified_gmt":"2026-04-06T06:09:13","slug":"deutsch-intensiv-horen-und-sprechen-b2","status":"publish","type":"product","link":"https:\/\/exlibris.ee\/en\/product\/deutsch-intensiv-horen-und-sprechen-b2\/","title":{"rendered":"H\u00f6ren &amp; Sprechen B2"},"content":{"rendered":"<p>\u00dcbungsbuch f\u00fcr intensives Training des H\u00f6rverstehens und Sprechens auf Niveau B2 \u2013  f\u00fcr DaF-Selbstlernende oder kursbegleitend \u00dcbungen zum H\u00f6ren und Sprechen aus Alltag und Beruf: Beruf und Karriere, Leben im digitalen Zeitalter, Nachrichten und Falschmeldungen, Reisen und Mobilit\u00e4t, Arbeitsmarkt, Umwelt und Klima, Ern\u00e4hrung, Interkulturalit\u00e4t, Deutsch im Unternehmen u.v.m., Training unterschiedlicher H\u00f6rstrategien: globales, selektives und detailliertes H\u00f6ren, Sprechanl\u00e4sse und wichtige Redemittel zu jedem Thema, Selbsttest zur \u00dcberpr\u00fcfung der eigenen H\u00f6rkompetenz, Mit L\u00f6sungsschl\u00fcssel und L\u00f6sungshinweisen, Extra: Pr\u00fcfungstraining zur Vorbereitung auf relevante Pr\u00fcfungsformate und -aufgaben.<\/p>\n","protected":false},"excerpt":{"rendered":"<p>\u00dcbungsbuch f\u00fcr intensives Training des H\u00f6rverstehens und Sprechens auf Niveau B2 \u2013 f\u00fcr DaF-Selbstlernende oder kursbegleitend \u00dcbungen zum H\u00f6ren und Sprechen aus Alltag und Beruf: Beruf und Karriere, Leben im digitalen Zeitalter, Nachrichten und Falschmeldungen, Reisen und Mobilit\u00e4t, Arbeitsmarkt, Umwelt&#8230;<\/p>\n","protected":false},"featured_media":55252,"template":"","meta":{"_acf_changed":false,"inline_featured_image":false},"product_brand":[],"product_cat":[538],"product_tag":[],"series":[{"id":926,"name":"Deutsch intensiv","slug":"deutsch-intensiv"}],"publisher":[{"id":473,"name":"Klett Verlag","slug":"klett-verlag"}],"class_list":{"0":"post-44667","1":"product","2":"type-product","3":"status-publish","4":"has-post-thumbnail","6":"product_cat-lehrwerke-fur-erwachsene","7":"series-deutsch-intensiv","8":"publisher-klett-verlag","10":"first","11":"onbackorder","12":"taxable","13":"shipping-taxable","14":"purchasable","15":"product-type-simple"},"acf":[],"_links":{"self":[{"href":"https:\/\/exlibris.ee\/en\/wp-json\/wp\/v2\/product\/44667","targetHints":{"allow":["GET"]}}],"collection":[{"href":"https:\/\/exlibris.ee\/en\/wp-json\/wp\/v2\/product"}],"about":[{"href":"https:\/\/exlibris.ee\/en\/wp-json\/wp\/v2\/types\/product"}],"wp:featuredmedia":[{"embeddable":true,"href":"https:\/\/exlibris.ee\/en\/wp-json\/wp\/v2\/media\/55252"}],"wp:attachment":[{"href":"https:\/\/exlibris.ee\/en\/wp-json\/wp\/v2\/media?parent=44667"}],"wp:term":[{"taxonomy":"product_brand","embeddable":true,"href":"https:\/\/exlibris.ee\/en\/wp-json\/wp\/v2\/product_brand?post=44667"},{"taxonomy":"product_cat","embeddable":true,"href":"https:\/\/exlibris.ee\/en\/wp-json\/wp\/v2\/product_cat?post=44667"},{"taxonomy":"product_tag","embeddable":true,"href":"https:\/\/exlibris.ee\/en\/wp-json\/wp\/v2\/product_tag?post=44667"},{"taxonomy":"series","embeddable":true,"href":"https:\/\/exlibris.ee\/en\/wp-json\/wp\/v2\/series?post=44667"},{"taxonomy":"publisher","embeddable":true,"href":"https:\/\/exlibris.ee\/en\/wp-json\/wp\/v2\/publisher?post=44667"}],"curies":[{"name":"wp","href":"https:\/\/api.w.org\/{rel}","templated":true}]}}