{"id":44668,"date":"2023-05-11T15:40:16","date_gmt":"2023-05-11T12:40:16","guid":{"rendered":"https:\/\/exlibris.ee\/toode\/bewerbungstraining\/"},"modified":"2026-04-04T03:12:44","modified_gmt":"2026-04-04T00:12:44","slug":"bewerbungstraining","status":"publish","type":"product","link":"https:\/\/exlibris.ee\/en\/product\/bewerbungstraining\/","title":{"rendered":"Bewerbungstraining"},"content":{"rendered":"<p>Bewerbungstraining macht Zuwanderinnen und Zuwanderer fit f\u00fcr die Arbeitssuche: Der ma\u00dfgeschneiderte Kurs verdeutlicht die spezifisch deutschen Eigenheiten der Arbeitssuche, vermittelt das notwendige Vokabular und bietet Informationen zu Hilfsangeboten und Arbeitsm\u00f6glichkeiten. Zudem schlie\u00dft er auf Coaching basierende \u00dcbungen ein. Kursbuch: &#8211; Informationen zu den Anforderungen an eine gute Bewerbung, -Schrittweises Training hin zu einer vollst\u00e4ndigen Bewerbung, &#8211; Coaching-Methoden und landeskundliche Informationen, &#8211; Mit Vokabular und Grammatik, &#8211; Das Portfolio ergibt eine komplette Bewerbungsmappe, &#8211; Redemittel und Tipps zur Arbeitssuche, &#8211; L\u00f6sungen, &#8211; Auch als Selbstlernmaterial einsetzbar. Das Bewerbungstraining wurde als Zusatzmaterial in die BAMF-Liste der f\u00fcr den Integrationskurs zugelassenen Lehrwerke aufgenommen. Handreichungen f\u00fcr Kursleitende stehen zum kostenlosen Download bereit.&#8221;<\/p>\n","protected":false},"excerpt":{"rendered":"<p>Bewerbungstraining macht Zuwanderinnen und Zuwanderer fit f\u00fcr die Arbeitssuche: Der ma\u00dfgeschneiderte Kurs verdeutlicht die spezifisch deutschen Eigenheiten der Arbeitssuche, vermittelt das notwendige Vokabular und bietet Informationen zu Hilfsangeboten und Arbeitsm\u00f6glichkeiten. Zudem schlie\u00dft er auf Coaching basierende \u00dcbungen ein. Kursbuch: &#8211;&#8230;<\/p>\n","protected":false},"featured_media":89845,"template":"","meta":{"_acf_changed":false,"inline_featured_image":false},"product_brand":[],"product_cat":[885],"product_tag":[],"series":[{"id":907,"name":"Wirtschaftsdeutsch","slug":"wirtschaftsdeutsch"}],"publisher":[{"id":473,"name":"Klett Verlag","slug":"klett-verlag"}],"class_list":{"0":"post-44668","1":"product","2":"type-product","3":"status-publish","4":"has-post-thumbnail","6":"product_cat-berufssprache","7":"series-wirtschaftsdeutsch","8":"publisher-klett-verlag","10":"first","11":"instock","12":"taxable","13":"shipping-taxable","14":"purchasable","15":"product-type-simple"},"acf":[],"_links":{"self":[{"href":"https:\/\/exlibris.ee\/en\/wp-json\/wp\/v2\/product\/44668","targetHints":{"allow":["GET"]}}],"collection":[{"href":"https:\/\/exlibris.ee\/en\/wp-json\/wp\/v2\/product"}],"about":[{"href":"https:\/\/exlibris.ee\/en\/wp-json\/wp\/v2\/types\/product"}],"wp:featuredmedia":[{"embeddable":true,"href":"https:\/\/exlibris.ee\/en\/wp-json\/wp\/v2\/media\/89845"}],"wp:attachment":[{"href":"https:\/\/exlibris.ee\/en\/wp-json\/wp\/v2\/media?parent=44668"}],"wp:term":[{"taxonomy":"product_brand","embeddable":true,"href":"https:\/\/exlibris.ee\/en\/wp-json\/wp\/v2\/product_brand?post=44668"},{"taxonomy":"product_cat","embeddable":true,"href":"https:\/\/exlibris.ee\/en\/wp-json\/wp\/v2\/product_cat?post=44668"},{"taxonomy":"product_tag","embeddable":true,"href":"https:\/\/exlibris.ee\/en\/wp-json\/wp\/v2\/product_tag?post=44668"},{"taxonomy":"series","embeddable":true,"href":"https:\/\/exlibris.ee\/en\/wp-json\/wp\/v2\/series?post=44668"},{"taxonomy":"publisher","embeddable":true,"href":"https:\/\/exlibris.ee\/en\/wp-json\/wp\/v2\/publisher?post=44668"}],"curies":[{"name":"wp","href":"https:\/\/api.w.org\/{rel}","templated":true}]}}