{"id":44669,"date":"2023-05-11T15:40:16","date_gmt":"2023-05-11T12:40:16","guid":{"rendered":"https:\/\/exlibris.ee\/toode\/mitreden\/"},"modified":"2026-04-18T15:26:32","modified_gmt":"2026-04-18T12:26:32","slug":"mitreden","status":"publish","type":"product","link":"https:\/\/exlibris.ee\/en\/product\/mitreden\/","title":{"rendered":"Mitreden."},"content":{"rendered":"<p>Mit dieser innovativen Materialsammlung f\u00f6rdern Sie die Diskurskompetenz Ihrer Lernenden und erm\u00f6glichen ihnen die aktive Teilhabe an aktuellen deutschsprachigen Diskussionen. Das Lehrermaterial bietet: 3 Module zu den Themenbereichen, Menschen (A2), Essen (B1), Mobilit\u00e4t (B2). Authentische Materialien und Textsortenvielfalt. Lernergerechte, aufgabenorientierte Arbeitsformen nach aktuellen methodisch-didaktischen Prinzipien, Intensive \u00dcbung der Sprachhandlungen Beschreiben, Begr\u00fcnden und Argumentieren, Ausf\u00fchrliche didaktische Hinweise und Lernzielbeschreibungen.60 Kopiervorlagen f\u00fcr den direkten Einsatz im Unterricht sowie zus\u00e4tzliche Materialien online (Zugangscode im Buch). L\u00f6sungen im Buch.<\/p>\n","protected":false},"excerpt":{"rendered":"<p>Mit dieser innovativen Materialsammlung f\u00f6rdern Sie die Diskurskompetenz Ihrer Lernenden und erm\u00f6glichen ihnen die aktive Teilhabe an aktuellen deutschsprachigen Diskussionen. Das Lehrermaterial bietet: 3 Module zu den Themenbereichen, Menschen (A2), Essen (B1), Mobilit\u00e4t (B2). Authentische Materialien und Textsortenvielfalt. Lernergerechte, aufgabenorientierte&#8230;<\/p>\n","protected":false},"featured_media":337488,"template":"","meta":{"_acf_changed":false,"inline_featured_image":false},"product_brand":[],"product_cat":[490],"product_tag":[],"series":[],"publisher":[{"id":473,"name":"Klett Verlag","slug":"klett-verlag"}],"class_list":{"0":"post-44669","1":"product","2":"type-product","3":"status-publish","4":"has-post-thumbnail","6":"product_cat-landeskunde","7":"publisher-klett-verlag","9":"first","10":"onbackorder","11":"taxable","12":"shipping-taxable","13":"purchasable","14":"product-type-simple"},"acf":[],"_links":{"self":[{"href":"https:\/\/exlibris.ee\/en\/wp-json\/wp\/v2\/product\/44669","targetHints":{"allow":["GET"]}}],"collection":[{"href":"https:\/\/exlibris.ee\/en\/wp-json\/wp\/v2\/product"}],"about":[{"href":"https:\/\/exlibris.ee\/en\/wp-json\/wp\/v2\/types\/product"}],"wp:featuredmedia":[{"embeddable":true,"href":"https:\/\/exlibris.ee\/en\/wp-json\/wp\/v2\/media\/337488"}],"wp:attachment":[{"href":"https:\/\/exlibris.ee\/en\/wp-json\/wp\/v2\/media?parent=44669"}],"wp:term":[{"taxonomy":"product_brand","embeddable":true,"href":"https:\/\/exlibris.ee\/en\/wp-json\/wp\/v2\/product_brand?post=44669"},{"taxonomy":"product_cat","embeddable":true,"href":"https:\/\/exlibris.ee\/en\/wp-json\/wp\/v2\/product_cat?post=44669"},{"taxonomy":"product_tag","embeddable":true,"href":"https:\/\/exlibris.ee\/en\/wp-json\/wp\/v2\/product_tag?post=44669"},{"taxonomy":"series","embeddable":true,"href":"https:\/\/exlibris.ee\/en\/wp-json\/wp\/v2\/series?post=44669"},{"taxonomy":"publisher","embeddable":true,"href":"https:\/\/exlibris.ee\/en\/wp-json\/wp\/v2\/publisher?post=44669"}],"curies":[{"name":"wp","href":"https:\/\/api.w.org\/{rel}","templated":true}]}}