{"id":44671,"date":"2023-05-11T15:40:17","date_gmt":"2023-05-11T12:40:17","guid":{"rendered":"https:\/\/exlibris.ee\/toode\/wissenschaftssprache-verstehen-bd-1-losungen-praxisempf\/"},"modified":"2026-04-04T21:16:30","modified_gmt":"2026-04-04T18:16:30","slug":"wissenschaftssprache-verstehen-bd-1-losungen-praxisempf","status":"publish","type":"product","link":"https:\/\/exlibris.ee\/en\/product\/wissenschaftssprache-verstehen-bd-1-losungen-praxisempf\/","title":{"rendered":"Wissenschaftssprache verstehen, Bd 1, L\u00f6sungen\/Praxisempf."},"content":{"rendered":"<p>Diese Handreichung bietet Lehrenden Musterl\u00f6sungen sowie ausf\u00fchrliche Empfehlungen f\u00fcr die Unterrichtspraxis, abgestimmt auf das Lehr- und Arbeitsbuch Wissenschaftssprache verstehen.<\/p>\n","protected":false},"excerpt":{"rendered":"<p>Diese Handreichung bietet Lehrenden Musterl\u00f6sungen sowie ausf\u00fchrliche Empfehlungen f\u00fcr die Unterrichtspraxis, abgestimmt auf das Lehr- und Arbeitsbuch Wissenschaftssprache verstehen.<\/p>\n","protected":false},"featured_media":89854,"template":"","meta":{"_acf_changed":false,"inline_featured_image":false},"product_brand":[],"product_cat":[885],"product_tag":[],"series":[{"id":929,"name":"Deutsch f\u00fcr das Studium","slug":"deutsch-fur-das-studium"}],"publisher":[{"id":473,"name":"Klett Verlag","slug":"klett-verlag"}],"class_list":{"0":"post-44671","1":"product","2":"type-product","3":"status-publish","4":"has-post-thumbnail","6":"product_cat-berufssprache","7":"series-deutsch-fur-das-studium","8":"publisher-klett-verlag","10":"first","11":"onbackorder","12":"taxable","13":"shipping-taxable","14":"purchasable","15":"product-type-simple"},"acf":[],"_links":{"self":[{"href":"https:\/\/exlibris.ee\/en\/wp-json\/wp\/v2\/product\/44671","targetHints":{"allow":["GET"]}}],"collection":[{"href":"https:\/\/exlibris.ee\/en\/wp-json\/wp\/v2\/product"}],"about":[{"href":"https:\/\/exlibris.ee\/en\/wp-json\/wp\/v2\/types\/product"}],"wp:featuredmedia":[{"embeddable":true,"href":"https:\/\/exlibris.ee\/en\/wp-json\/wp\/v2\/media\/89854"}],"wp:attachment":[{"href":"https:\/\/exlibris.ee\/en\/wp-json\/wp\/v2\/media?parent=44671"}],"wp:term":[{"taxonomy":"product_brand","embeddable":true,"href":"https:\/\/exlibris.ee\/en\/wp-json\/wp\/v2\/product_brand?post=44671"},{"taxonomy":"product_cat","embeddable":true,"href":"https:\/\/exlibris.ee\/en\/wp-json\/wp\/v2\/product_cat?post=44671"},{"taxonomy":"product_tag","embeddable":true,"href":"https:\/\/exlibris.ee\/en\/wp-json\/wp\/v2\/product_tag?post=44671"},{"taxonomy":"series","embeddable":true,"href":"https:\/\/exlibris.ee\/en\/wp-json\/wp\/v2\/series?post=44671"},{"taxonomy":"publisher","embeddable":true,"href":"https:\/\/exlibris.ee\/en\/wp-json\/wp\/v2\/publisher?post=44671"}],"curies":[{"name":"wp","href":"https:\/\/api.w.org\/{rel}","templated":true}]}}