{"id":44672,"date":"2023-05-11T15:40:17","date_gmt":"2023-05-11T12:40:17","guid":{"rendered":"https:\/\/exlibris.ee\/toode\/daf-unterrichten\/"},"modified":"2026-04-12T11:22:48","modified_gmt":"2026-04-12T08:22:48","slug":"daf-unterrichten","status":"publish","type":"product","link":"https:\/\/exlibris.ee\/en\/product\/daf-unterrichten\/","title":{"rendered":"DaF unterrichten"},"content":{"rendered":"<p>Die Neuauflage dieses praktischen Ratgebers wurde erweitert und erg\u00e4nzt. Das ist neu: Leitfaden f\u00fcr Neueinsteiger und Ehrenamtliche. Extrakapitel: F\u00fcr alle, die auf einmal Deutsch unterrichten, Perfekt f\u00fcr den Einstieg: In vier Abschnitten wird gezeigt, wie man die ersten Unterrichtstunden gestaltet, W\u00f6rter erkl\u00e4rt, die Lernenden zum Sprechen bringt und Grammatik anschaulich macht. Mit Zusatzmaterial: Kopiervorlagen als Download (Zugangscodes im Buch). Das ist bew\u00e4hrt: Fundierte Einf\u00fchrung in die DaF-Didaktik Verstehen und Vermitteln der vier Fertigkeiten Sprechen, H\u00f6ren, Schreiben und Lesen Einf\u00fchrung und Anwendung der Basiskompetenzen Wortschatz, Grammatik, Phonetik und Landeskunde. Vermittlung von unterrichtsrelevanten Themen wie Interaktion im Unterricht, heterogene Lerngruppen und Binnendifferenzierung, Strategien und Lernerautonomie, Medien- und Aktivit\u00e4tenrepertoire, Unterrichtsplanung, Tests und Pr\u00fcfungen.<\/p>\n","protected":false},"excerpt":{"rendered":"<p>Die Neuauflage dieses praktischen Ratgebers wurde erweitert und erg\u00e4nzt. Das ist neu: Leitfaden f\u00fcr Neueinsteiger und Ehrenamtliche. Extrakapitel: F\u00fcr alle, die auf einmal Deutsch unterrichten, Perfekt f\u00fcr den Einstieg: In vier Abschnitten wird gezeigt, wie man die ersten Unterrichtstunden gestaltet,&#8230;<\/p>\n","protected":false},"featured_media":218630,"template":"","meta":{"_acf_changed":false,"inline_featured_image":false},"product_brand":[],"product_cat":[886],"product_tag":[],"series":[],"publisher":[{"id":473,"name":"Klett Verlag","slug":"klett-verlag"}],"class_list":{"0":"post-44672","1":"product","2":"type-product","3":"status-publish","4":"has-post-thumbnail","6":"product_cat-methodik","7":"publisher-klett-verlag","9":"first","10":"onbackorder","11":"taxable","12":"shipping-taxable","13":"purchasable","14":"product-type-simple"},"acf":[],"_links":{"self":[{"href":"https:\/\/exlibris.ee\/en\/wp-json\/wp\/v2\/product\/44672","targetHints":{"allow":["GET"]}}],"collection":[{"href":"https:\/\/exlibris.ee\/en\/wp-json\/wp\/v2\/product"}],"about":[{"href":"https:\/\/exlibris.ee\/en\/wp-json\/wp\/v2\/types\/product"}],"wp:featuredmedia":[{"embeddable":true,"href":"https:\/\/exlibris.ee\/en\/wp-json\/wp\/v2\/media\/218630"}],"wp:attachment":[{"href":"https:\/\/exlibris.ee\/en\/wp-json\/wp\/v2\/media?parent=44672"}],"wp:term":[{"taxonomy":"product_brand","embeddable":true,"href":"https:\/\/exlibris.ee\/en\/wp-json\/wp\/v2\/product_brand?post=44672"},{"taxonomy":"product_cat","embeddable":true,"href":"https:\/\/exlibris.ee\/en\/wp-json\/wp\/v2\/product_cat?post=44672"},{"taxonomy":"product_tag","embeddable":true,"href":"https:\/\/exlibris.ee\/en\/wp-json\/wp\/v2\/product_tag?post=44672"},{"taxonomy":"series","embeddable":true,"href":"https:\/\/exlibris.ee\/en\/wp-json\/wp\/v2\/series?post=44672"},{"taxonomy":"publisher","embeddable":true,"href":"https:\/\/exlibris.ee\/en\/wp-json\/wp\/v2\/publisher?post=44672"}],"curies":[{"name":"wp","href":"https:\/\/api.w.org\/{rel}","templated":true}]}}