{"id":44674,"date":"2023-05-11T15:40:17","date_gmt":"2023-05-11T12:40:17","guid":{"rendered":"https:\/\/exlibris.ee\/toode\/wissenschaftlich-arbeiten-u-schreiben-bd-2-intensivtrainer\/"},"modified":"2026-04-04T03:12:45","modified_gmt":"2026-04-04T00:12:45","slug":"wissenschaftlich-arbeiten-u-schreiben-bd-2-intensivtrainer","status":"publish","type":"product","link":"https:\/\/exlibris.ee\/en\/product\/wissenschaftlich-arbeiten-u-schreiben-bd-2-intensivtrainer\/","title":{"rendered":"Wissenschaftlich arbeiten u. schreiben, Bd 2, Intensivtrainer"},"content":{"rendered":"<p>Dieser Intensivtrainer enth\u00e4lt viele vertiefende Schreib\u00fcbungen und begleitet Schreibprojekte Schritt f\u00fcr Schritt.<\/p>\n","protected":false},"excerpt":{"rendered":"<p>Dieser Intensivtrainer enth\u00e4lt viele vertiefende Schreib\u00fcbungen und begleitet Schreibprojekte Schritt f\u00fcr Schritt.<\/p>\n","protected":false},"featured_media":89863,"template":"","meta":{"_acf_changed":false,"inline_featured_image":false},"product_brand":[],"product_cat":[885],"product_tag":[],"series":[{"id":929,"name":"Deutsch f\u00fcr das Studium","slug":"deutsch-fur-das-studium"}],"publisher":[{"id":473,"name":"Klett Verlag","slug":"klett-verlag"}],"class_list":{"0":"post-44674","1":"product","2":"type-product","3":"status-publish","4":"has-post-thumbnail","6":"product_cat-berufssprache","7":"series-deutsch-fur-das-studium","8":"publisher-klett-verlag","10":"first","11":"onbackorder","12":"taxable","13":"shipping-taxable","14":"purchasable","15":"product-type-simple"},"acf":[],"_links":{"self":[{"href":"https:\/\/exlibris.ee\/en\/wp-json\/wp\/v2\/product\/44674","targetHints":{"allow":["GET"]}}],"collection":[{"href":"https:\/\/exlibris.ee\/en\/wp-json\/wp\/v2\/product"}],"about":[{"href":"https:\/\/exlibris.ee\/en\/wp-json\/wp\/v2\/types\/product"}],"wp:featuredmedia":[{"embeddable":true,"href":"https:\/\/exlibris.ee\/en\/wp-json\/wp\/v2\/media\/89863"}],"wp:attachment":[{"href":"https:\/\/exlibris.ee\/en\/wp-json\/wp\/v2\/media?parent=44674"}],"wp:term":[{"taxonomy":"product_brand","embeddable":true,"href":"https:\/\/exlibris.ee\/en\/wp-json\/wp\/v2\/product_brand?post=44674"},{"taxonomy":"product_cat","embeddable":true,"href":"https:\/\/exlibris.ee\/en\/wp-json\/wp\/v2\/product_cat?post=44674"},{"taxonomy":"product_tag","embeddable":true,"href":"https:\/\/exlibris.ee\/en\/wp-json\/wp\/v2\/product_tag?post=44674"},{"taxonomy":"series","embeddable":true,"href":"https:\/\/exlibris.ee\/en\/wp-json\/wp\/v2\/series?post=44674"},{"taxonomy":"publisher","embeddable":true,"href":"https:\/\/exlibris.ee\/en\/wp-json\/wp\/v2\/publisher?post=44674"}],"curies":[{"name":"wp","href":"https:\/\/api.w.org\/{rel}","templated":true}]}}