{"id":44676,"date":"2023-05-11T15:40:29","date_gmt":"2023-05-11T12:40:29","guid":{"rendered":"https:\/\/exlibris.ee\/toode\/perspektive-deutsch-ubungsbuch\/"},"modified":"2026-04-05T15:22:56","modified_gmt":"2026-04-05T12:22:56","slug":"perspektive-deutsch-ubungsbuch","status":"publish","type":"product","link":"https:\/\/exlibris.ee\/en\/product\/perspektive-deutsch-ubungsbuch\/","title":{"rendered":"Perspektive Deutsch, \u00dcbungsbuch"},"content":{"rendered":"<p>Perspektive Deutsch macht Lernende Schritt f\u00fcr Schritt fit f\u00fcr die Arbeitssuche in Deutschland und die Kommunikation am Arbeitsplatz.<\/p>\n","protected":false},"excerpt":{"rendered":"<p>Perspektive Deutsch macht Lernende Schritt f\u00fcr Schritt fit f\u00fcr die Arbeitssuche in Deutschland und die Kommunikation am Arbeitsplatz.<\/p>\n","protected":false},"featured_media":89869,"template":"","meta":{"_acf_changed":false,"inline_featured_image":false},"product_brand":[],"product_cat":[885],"product_tag":[],"series":[{"id":930,"name":"Perspektive Deutsch","slug":"perspektive-deutsch"}],"publisher":[{"id":473,"name":"Klett Verlag","slug":"klett-verlag"}],"class_list":{"0":"post-44676","1":"product","2":"type-product","3":"status-publish","4":"has-post-thumbnail","6":"product_cat-berufssprache","7":"series-perspektive-deutsch","8":"publisher-klett-verlag","10":"first","11":"onbackorder","12":"taxable","13":"shipping-taxable","14":"purchasable","15":"product-type-simple"},"acf":[],"_links":{"self":[{"href":"https:\/\/exlibris.ee\/en\/wp-json\/wp\/v2\/product\/44676","targetHints":{"allow":["GET"]}}],"collection":[{"href":"https:\/\/exlibris.ee\/en\/wp-json\/wp\/v2\/product"}],"about":[{"href":"https:\/\/exlibris.ee\/en\/wp-json\/wp\/v2\/types\/product"}],"wp:featuredmedia":[{"embeddable":true,"href":"https:\/\/exlibris.ee\/en\/wp-json\/wp\/v2\/media\/89869"}],"wp:attachment":[{"href":"https:\/\/exlibris.ee\/en\/wp-json\/wp\/v2\/media?parent=44676"}],"wp:term":[{"taxonomy":"product_brand","embeddable":true,"href":"https:\/\/exlibris.ee\/en\/wp-json\/wp\/v2\/product_brand?post=44676"},{"taxonomy":"product_cat","embeddable":true,"href":"https:\/\/exlibris.ee\/en\/wp-json\/wp\/v2\/product_cat?post=44676"},{"taxonomy":"product_tag","embeddable":true,"href":"https:\/\/exlibris.ee\/en\/wp-json\/wp\/v2\/product_tag?post=44676"},{"taxonomy":"series","embeddable":true,"href":"https:\/\/exlibris.ee\/en\/wp-json\/wp\/v2\/series?post=44676"},{"taxonomy":"publisher","embeddable":true,"href":"https:\/\/exlibris.ee\/en\/wp-json\/wp\/v2\/publisher?post=44676"}],"curies":[{"name":"wp","href":"https:\/\/api.w.org\/{rel}","templated":true}]}}