{"id":44681,"date":"2023-05-11T15:40:30","date_gmt":"2023-05-11T12:40:30","guid":{"rendered":"https:\/\/exlibris.ee\/toode\/berufspraxis-deutsch-kub-cd\/"},"modified":"2026-04-04T03:12:47","modified_gmt":"2026-04-04T00:12:47","slug":"berufspraxis-deutsch-kub-cd","status":"publish","type":"product","link":"https:\/\/exlibris.ee\/en\/product\/berufspraxis-deutsch-kub-cd\/","title":{"rendered":"Berufspraxis Deutsch, K\u00dcB + CD"},"content":{"rendered":"<p>Ist \u00fcbersichtlich und klar nach den Fertigkeiten Lesen, H\u00f6ren, Sprechen, Schreiben aufgebaut, Behandelt die wichtigsten Gesch\u00e4ftsvorg\u00e4nge: Anfrage und Auskunft, Angebot, Bestellung und Reservierung, Lieferung und Lieferverzug, Reklamation, Trainiert eine erfolgreiche Bewerbung, Vermittelt Sicherheit durch zahlreiche Musterbriefe, verschiedene Textsorten und Redemittel aus der beruflichen Kommunikation, Ist handlungsorientiert mit beispielhaften Situations- und Rollenbeschreibungen im Anhang, Eignet sich in der Berufspraxis auch als Nachschlagewerk, Bietet ein alphabetisches und ein thematisch geordnetes Glossar, Enth\u00e4lt alle Transkriptionen der H\u00f6rtexte.<\/p>\n","protected":false},"excerpt":{"rendered":"<p>Ist \u00fcbersichtlich und klar nach den Fertigkeiten Lesen, H\u00f6ren, Sprechen, Schreiben aufgebaut, Behandelt die wichtigsten Gesch\u00e4ftsvorg\u00e4nge: Anfrage und Auskunft, Angebot, Bestellung und Reservierung, Lieferung und Lieferverzug, Reklamation, Trainiert eine erfolgreiche Bewerbung, Vermittelt Sicherheit durch zahlreiche Musterbriefe, verschiedene Textsorten und Redemittel&#8230;<\/p>\n","protected":false},"featured_media":89878,"template":"","meta":{"_acf_changed":false,"inline_featured_image":false},"product_brand":[],"product_cat":[885],"product_tag":[],"series":[{"id":907,"name":"Wirtschaftsdeutsch","slug":"wirtschaftsdeutsch"}],"publisher":[{"id":473,"name":"Klett Verlag","slug":"klett-verlag"}],"class_list":{"0":"post-44681","1":"product","2":"type-product","3":"status-publish","4":"has-post-thumbnail","6":"product_cat-berufssprache","7":"series-wirtschaftsdeutsch","8":"publisher-klett-verlag","10":"first","11":"onbackorder","12":"taxable","13":"shipping-taxable","14":"purchasable","15":"product-type-simple"},"acf":[],"_links":{"self":[{"href":"https:\/\/exlibris.ee\/en\/wp-json\/wp\/v2\/product\/44681","targetHints":{"allow":["GET"]}}],"collection":[{"href":"https:\/\/exlibris.ee\/en\/wp-json\/wp\/v2\/product"}],"about":[{"href":"https:\/\/exlibris.ee\/en\/wp-json\/wp\/v2\/types\/product"}],"wp:featuredmedia":[{"embeddable":true,"href":"https:\/\/exlibris.ee\/en\/wp-json\/wp\/v2\/media\/89878"}],"wp:attachment":[{"href":"https:\/\/exlibris.ee\/en\/wp-json\/wp\/v2\/media?parent=44681"}],"wp:term":[{"taxonomy":"product_brand","embeddable":true,"href":"https:\/\/exlibris.ee\/en\/wp-json\/wp\/v2\/product_brand?post=44681"},{"taxonomy":"product_cat","embeddable":true,"href":"https:\/\/exlibris.ee\/en\/wp-json\/wp\/v2\/product_cat?post=44681"},{"taxonomy":"product_tag","embeddable":true,"href":"https:\/\/exlibris.ee\/en\/wp-json\/wp\/v2\/product_tag?post=44681"},{"taxonomy":"series","embeddable":true,"href":"https:\/\/exlibris.ee\/en\/wp-json\/wp\/v2\/series?post=44681"},{"taxonomy":"publisher","embeddable":true,"href":"https:\/\/exlibris.ee\/en\/wp-json\/wp\/v2\/publisher?post=44681"}],"curies":[{"name":"wp","href":"https:\/\/api.w.org\/{rel}","templated":true}]}}