{"id":44683,"date":"2023-05-11T15:40:30","date_gmt":"2023-05-11T12:40:30","guid":{"rendered":"https:\/\/exlibris.ee\/toode\/deutsch-fur-das-berufsleben-ubungsbuch\/"},"modified":"2026-04-14T19:17:21","modified_gmt":"2026-04-14T16:17:21","slug":"deutsch-fur-das-berufsleben-ubungsbuch","status":"publish","type":"product","link":"https:\/\/exlibris.ee\/en\/product\/deutsch-fur-das-berufsleben-ubungsbuch\/","title":{"rendered":"Deutsch f\u00fcr das Berufsleben, \u00dcbungsbuch"},"content":{"rendered":"<p>Das \u00dcbungsbuch: vermittelt kommunikative Kompetenzen im beruflichen und privaten Kontext verbunden mit Grammatiktraining, legt den Schwerpunkt auf die Fertigkeiten Schreiben, Grammatik und Wortschatz, f\u00f6rdert das formale Sprachwissen durch pr\u00e4gnante Darstellung der Grammatikregeln, enth\u00e4lt L\u00f6sungen.<\/p>\n","protected":false},"excerpt":{"rendered":"<p>Das \u00dcbungsbuch: vermittelt kommunikative Kompetenzen im beruflichen und privaten Kontext verbunden mit Grammatiktraining, legt den Schwerpunkt auf die Fertigkeiten Schreiben, Grammatik und Wortschatz, f\u00f6rdert das formale Sprachwissen durch pr\u00e4gnante Darstellung der Grammatikregeln, enth\u00e4lt L\u00f6sungen.<\/p>\n","protected":false},"featured_media":268984,"template":"","meta":{"_acf_changed":false,"inline_featured_image":false},"product_brand":[],"product_cat":[885],"product_tag":[],"series":[{"id":931,"name":"Deutsch f\u00fcr das Berufsleben","slug":"deutsch-fur-das-berufsleben"}],"publisher":[{"id":473,"name":"Klett Verlag","slug":"klett-verlag"}],"class_list":{"0":"post-44683","1":"product","2":"type-product","3":"status-publish","4":"has-post-thumbnail","6":"product_cat-berufssprache","7":"series-deutsch-fur-das-berufsleben","8":"publisher-klett-verlag","10":"first","11":"instock","12":"taxable","13":"shipping-taxable","14":"purchasable","15":"product-type-simple"},"acf":[],"_links":{"self":[{"href":"https:\/\/exlibris.ee\/en\/wp-json\/wp\/v2\/product\/44683","targetHints":{"allow":["GET"]}}],"collection":[{"href":"https:\/\/exlibris.ee\/en\/wp-json\/wp\/v2\/product"}],"about":[{"href":"https:\/\/exlibris.ee\/en\/wp-json\/wp\/v2\/types\/product"}],"wp:featuredmedia":[{"embeddable":true,"href":"https:\/\/exlibris.ee\/en\/wp-json\/wp\/v2\/media\/268984"}],"wp:attachment":[{"href":"https:\/\/exlibris.ee\/en\/wp-json\/wp\/v2\/media?parent=44683"}],"wp:term":[{"taxonomy":"product_brand","embeddable":true,"href":"https:\/\/exlibris.ee\/en\/wp-json\/wp\/v2\/product_brand?post=44683"},{"taxonomy":"product_cat","embeddable":true,"href":"https:\/\/exlibris.ee\/en\/wp-json\/wp\/v2\/product_cat?post=44683"},{"taxonomy":"product_tag","embeddable":true,"href":"https:\/\/exlibris.ee\/en\/wp-json\/wp\/v2\/product_tag?post=44683"},{"taxonomy":"series","embeddable":true,"href":"https:\/\/exlibris.ee\/en\/wp-json\/wp\/v2\/series?post=44683"},{"taxonomy":"publisher","embeddable":true,"href":"https:\/\/exlibris.ee\/en\/wp-json\/wp\/v2\/publisher?post=44683"}],"curies":[{"name":"wp","href":"https:\/\/api.w.org\/{rel}","templated":true}]}}