{"id":44685,"date":"2023-05-11T15:40:30","date_gmt":"2023-05-11T12:40:30","guid":{"rendered":"https:\/\/exlibris.ee\/toode\/mit-erfolg-dt-test-f-zuw-ub-tbcd\/"},"modified":"2026-04-20T09:26:28","modified_gmt":"2026-04-20T06:26:28","slug":"mit-erfolg-dt-test-f-zuw-ub-tbcd","status":"publish","type":"product","link":"https:\/\/exlibris.ee\/en\/product\/mit-erfolg-dt-test-f-zuw-ub-tbcd\/","title":{"rendered":"Mit Erf. z. Dt-Test f. Zuw. \u00dcB\/TB+CD"},"content":{"rendered":"<p>Mit Erfolg zum Deutsch-Test f\u00fcr Zuwanderer wird empfohlen von telc und ist eine gezielte Pr\u00fcfungsvorbereitung f\u00fcr den Deutsch-Test f\u00fcr Zuwanderer. Das \u00dcbungs- und Testbuch eignet sich f\u00fcr Ihren Deutschkurs und f\u00fcr Selbstlerner.<\/p>\n","protected":false},"excerpt":{"rendered":"<p>Mit Erfolg zum Deutsch-Test f\u00fcr Zuwanderer wird empfohlen von telc und ist eine gezielte Pr\u00fcfungsvorbereitung f\u00fcr den Deutsch-Test f\u00fcr Zuwanderer. Das \u00dcbungs- und Testbuch eignet sich f\u00fcr Ihren Deutschkurs und f\u00fcr Selbstlerner.<\/p>\n","protected":false},"featured_media":371963,"template":"","meta":{"_acf_changed":false,"inline_featured_image":false},"product_brand":[],"product_cat":[507],"product_tag":[],"series":[{"id":927,"name":"Mit Erfolg","slug":"mit-erfolg"}],"publisher":[{"id":473,"name":"Klett Verlag","slug":"klett-verlag"}],"class_list":{"0":"post-44685","1":"product","2":"type-product","3":"status-publish","4":"has-post-thumbnail","6":"product_cat-prufungsvorbereitung","7":"series-mit-erfolg","8":"publisher-klett-verlag","10":"first","11":"onbackorder","12":"taxable","13":"shipping-taxable","14":"purchasable","15":"product-type-simple"},"acf":[],"_links":{"self":[{"href":"https:\/\/exlibris.ee\/en\/wp-json\/wp\/v2\/product\/44685","targetHints":{"allow":["GET"]}}],"collection":[{"href":"https:\/\/exlibris.ee\/en\/wp-json\/wp\/v2\/product"}],"about":[{"href":"https:\/\/exlibris.ee\/en\/wp-json\/wp\/v2\/types\/product"}],"wp:featuredmedia":[{"embeddable":true,"href":"https:\/\/exlibris.ee\/en\/wp-json\/wp\/v2\/media\/371963"}],"wp:attachment":[{"href":"https:\/\/exlibris.ee\/en\/wp-json\/wp\/v2\/media?parent=44685"}],"wp:term":[{"taxonomy":"product_brand","embeddable":true,"href":"https:\/\/exlibris.ee\/en\/wp-json\/wp\/v2\/product_brand?post=44685"},{"taxonomy":"product_cat","embeddable":true,"href":"https:\/\/exlibris.ee\/en\/wp-json\/wp\/v2\/product_cat?post=44685"},{"taxonomy":"product_tag","embeddable":true,"href":"https:\/\/exlibris.ee\/en\/wp-json\/wp\/v2\/product_tag?post=44685"},{"taxonomy":"series","embeddable":true,"href":"https:\/\/exlibris.ee\/en\/wp-json\/wp\/v2\/series?post=44685"},{"taxonomy":"publisher","embeddable":true,"href":"https:\/\/exlibris.ee\/en\/wp-json\/wp\/v2\/publisher?post=44685"}],"curies":[{"name":"wp","href":"https:\/\/api.w.org\/{rel}","templated":true}]}}