{"id":44688,"date":"2023-05-11T15:40:31","date_gmt":"2023-05-11T12:40:31","guid":{"rendered":"https:\/\/exlibris.ee\/toode\/so-gehts-zu-a2-b1-lehrerhandbuch\/"},"modified":"2026-04-05T15:22:59","modified_gmt":"2026-04-05T12:22:59","slug":"so-gehts-zu-a2-b1-lehrerhandbuch","status":"publish","type":"product","link":"https:\/\/exlibris.ee\/en\/product\/so-gehts-zu-a2-b1-lehrerhandbuch\/","title":{"rendered":"So geht\u00b4s zu A2-B1, Lehrerhandbuch"},"content":{"rendered":"<p>Das Lehrerhandbuch enth\u00e4lt: Hinweise zur Unterrichtsdurchf\u00fchrung, Antwortb\u00f6gen als Kopiervorlagen, Korrektur- und L\u00f6sungsbeispiele zu den Modulen Schreiben und Sprechen, L\u00f6sungen zu allen Einheiten, Transkriptionen der H\u00f6rtexte.<\/p>\n","protected":false},"excerpt":{"rendered":"<p>Das Lehrerhandbuch enth\u00e4lt: Hinweise zur Unterrichtsdurchf\u00fchrung, Antwortb\u00f6gen als Kopiervorlagen, Korrektur- und L\u00f6sungsbeispiele zu den Modulen Schreiben und Sprechen, L\u00f6sungen zu allen Einheiten, Transkriptionen der H\u00f6rtexte.<\/p>\n","protected":false},"featured_media":55288,"template":"","meta":{"_acf_changed":false,"inline_featured_image":false},"product_brand":[],"product_cat":[507],"product_tag":[],"series":[{"id":925,"name":"So geht\u2019s","slug":"so-gehts-2"}],"publisher":[{"id":473,"name":"Klett Verlag","slug":"klett-verlag"}],"class_list":{"0":"post-44688","1":"product","2":"type-product","3":"status-publish","4":"has-post-thumbnail","6":"product_cat-prufungsvorbereitung","7":"series-so-gehts-2","8":"publisher-klett-verlag","10":"first","11":"onbackorder","12":"taxable","13":"shipping-taxable","14":"purchasable","15":"product-type-simple"},"acf":[],"_links":{"self":[{"href":"https:\/\/exlibris.ee\/en\/wp-json\/wp\/v2\/product\/44688","targetHints":{"allow":["GET"]}}],"collection":[{"href":"https:\/\/exlibris.ee\/en\/wp-json\/wp\/v2\/product"}],"about":[{"href":"https:\/\/exlibris.ee\/en\/wp-json\/wp\/v2\/types\/product"}],"wp:featuredmedia":[{"embeddable":true,"href":"https:\/\/exlibris.ee\/en\/wp-json\/wp\/v2\/media\/55288"}],"wp:attachment":[{"href":"https:\/\/exlibris.ee\/en\/wp-json\/wp\/v2\/media?parent=44688"}],"wp:term":[{"taxonomy":"product_brand","embeddable":true,"href":"https:\/\/exlibris.ee\/en\/wp-json\/wp\/v2\/product_brand?post=44688"},{"taxonomy":"product_cat","embeddable":true,"href":"https:\/\/exlibris.ee\/en\/wp-json\/wp\/v2\/product_cat?post=44688"},{"taxonomy":"product_tag","embeddable":true,"href":"https:\/\/exlibris.ee\/en\/wp-json\/wp\/v2\/product_tag?post=44688"},{"taxonomy":"series","embeddable":true,"href":"https:\/\/exlibris.ee\/en\/wp-json\/wp\/v2\/series?post=44688"},{"taxonomy":"publisher","embeddable":true,"href":"https:\/\/exlibris.ee\/en\/wp-json\/wp\/v2\/publisher?post=44688"}],"curies":[{"name":"wp","href":"https:\/\/api.w.org\/{rel}","templated":true}]}}