{"id":44701,"date":"2023-05-11T15:40:33","date_gmt":"2023-05-11T12:40:33","guid":{"rendered":"https:\/\/exlibris.ee\/toode\/daf-kompakt-a2-kurs-ubungsbuch-2-cds\/"},"modified":"2026-04-10T03:22:53","modified_gmt":"2026-04-10T00:22:53","slug":"daf-kompakt-a2-kurs-ubungsbuch-2-cds","status":"publish","type":"product","link":"https:\/\/exlibris.ee\/en\/product\/daf-kompakt-a2-kurs-ubungsbuch-2-cds\/","title":{"rendered":"DaF kompakt A2, Kurs-\/\u00dcbungsbuch + 2 CDs"},"content":{"rendered":"<p>Das Kurs- und \u00dcbungsbuch mit 2 Audio-CDs bietet: 10 Lektionen Je Lektion 3 inhaltliche Doppelseiten sowie 1 Doppelseite \u00dcberblick \u00fcber Lektionswortschatz, Grammatik und Redemittel Klare Zuordnung der Kannbeschreibungen zu den Doppelseiten DaF kompakt, das Anf\u00e4ngerlehrwerk f\u00fcr Lernende, die schnell das Niveau B1 erreichen wollen, f\u00fchrt Erwachsene von A1 bis B1.<\/p>\n","protected":false},"excerpt":{"rendered":"<p>Das Kurs- und \u00dcbungsbuch mit 2 Audio-CDs bietet: 10 Lektionen Je Lektion 3 inhaltliche Doppelseiten sowie 1 Doppelseite \u00dcberblick \u00fcber Lektionswortschatz, Grammatik und Redemittel Klare Zuordnung der Kannbeschreibungen zu den Doppelseiten DaF kompakt, das Anf\u00e4ngerlehrwerk f\u00fcr Lernende, die schnell das&#8230;<\/p>\n","protected":false},"featured_media":87529,"template":"","meta":{"_acf_changed":false,"inline_featured_image":false},"product_brand":[],"product_cat":[538],"product_tag":[],"series":[{"id":935,"name":"DaF kompakt","slug":"daf-kompakt"}],"publisher":[{"id":473,"name":"Klett Verlag","slug":"klett-verlag"}],"class_list":{"0":"post-44701","1":"product","2":"type-product","3":"status-publish","4":"has-post-thumbnail","6":"product_cat-lehrwerke-fur-erwachsene","7":"series-daf-kompakt","8":"publisher-klett-verlag","10":"first","11":"instock","12":"taxable","13":"shipping-taxable","14":"purchasable","15":"product-type-simple"},"acf":[],"_links":{"self":[{"href":"https:\/\/exlibris.ee\/en\/wp-json\/wp\/v2\/product\/44701","targetHints":{"allow":["GET"]}}],"collection":[{"href":"https:\/\/exlibris.ee\/en\/wp-json\/wp\/v2\/product"}],"about":[{"href":"https:\/\/exlibris.ee\/en\/wp-json\/wp\/v2\/types\/product"}],"wp:featuredmedia":[{"embeddable":true,"href":"https:\/\/exlibris.ee\/en\/wp-json\/wp\/v2\/media\/87529"}],"wp:attachment":[{"href":"https:\/\/exlibris.ee\/en\/wp-json\/wp\/v2\/media?parent=44701"}],"wp:term":[{"taxonomy":"product_brand","embeddable":true,"href":"https:\/\/exlibris.ee\/en\/wp-json\/wp\/v2\/product_brand?post=44701"},{"taxonomy":"product_cat","embeddable":true,"href":"https:\/\/exlibris.ee\/en\/wp-json\/wp\/v2\/product_cat?post=44701"},{"taxonomy":"product_tag","embeddable":true,"href":"https:\/\/exlibris.ee\/en\/wp-json\/wp\/v2\/product_tag?post=44701"},{"taxonomy":"series","embeddable":true,"href":"https:\/\/exlibris.ee\/en\/wp-json\/wp\/v2\/series?post=44701"},{"taxonomy":"publisher","embeddable":true,"href":"https:\/\/exlibris.ee\/en\/wp-json\/wp\/v2\/publisher?post=44701"}],"curies":[{"name":"wp","href":"https:\/\/api.w.org\/{rel}","templated":true}]}}