{"id":44703,"date":"2023-05-11T15:40:34","date_gmt":"2023-05-11T12:40:34","guid":{"rendered":"https:\/\/exlibris.ee\/toode\/aussichten-a1-kursbuch-cds\/"},"modified":"2026-04-04T03:13:47","modified_gmt":"2026-04-04T00:13:47","slug":"aussichten-a1-kursbuch-cds","status":"publish","type":"product","link":"https:\/\/exlibris.ee\/en\/product\/aussichten-a1-kursbuch-cds\/","title":{"rendered":"Aussichten A1, Kursbuch + CDs"},"content":{"rendered":"<p>Das Kursbuch mit 2 Audio-CDs enth\u00e4lt: 10 Lektionen mit je 16 Seiten durchg\u00e4ngige Lektionsgeschichten als H\u00f6rspiel ein kleinschrittiges Strategietraining nach Lektion 5 und 10 einen ausf\u00fchrlicher Anhang mit Strategierezepten, einer \u00dcberblicksgrammatik und einer alphabetischen Wortliste.<\/p>\n","protected":false},"excerpt":{"rendered":"<p>Das Kursbuch mit 2 Audio-CDs enth\u00e4lt: 10 Lektionen mit je 16 Seiten durchg\u00e4ngige Lektionsgeschichten als H\u00f6rspiel ein kleinschrittiges Strategietraining nach Lektion 5 und 10 einen ausf\u00fchrlicher Anhang mit Strategierezepten, einer \u00dcberblicksgrammatik und einer alphabetischen Wortliste.<\/p>\n","protected":false},"featured_media":87541,"template":"","meta":{"_acf_changed":false,"inline_featured_image":false},"product_brand":[],"product_cat":[538],"product_tag":[],"series":[{"id":936,"name":"Aussichten","slug":"aussichten"}],"publisher":[{"id":473,"name":"Klett Verlag","slug":"klett-verlag"}],"class_list":{"0":"post-44703","1":"product","2":"type-product","3":"status-publish","4":"has-post-thumbnail","6":"product_cat-lehrwerke-fur-erwachsene","7":"series-aussichten","8":"publisher-klett-verlag","10":"first","11":"instock","12":"taxable","13":"shipping-taxable","14":"purchasable","15":"product-type-simple"},"acf":[],"_links":{"self":[{"href":"https:\/\/exlibris.ee\/en\/wp-json\/wp\/v2\/product\/44703","targetHints":{"allow":["GET"]}}],"collection":[{"href":"https:\/\/exlibris.ee\/en\/wp-json\/wp\/v2\/product"}],"about":[{"href":"https:\/\/exlibris.ee\/en\/wp-json\/wp\/v2\/types\/product"}],"wp:featuredmedia":[{"embeddable":true,"href":"https:\/\/exlibris.ee\/en\/wp-json\/wp\/v2\/media\/87541"}],"wp:attachment":[{"href":"https:\/\/exlibris.ee\/en\/wp-json\/wp\/v2\/media?parent=44703"}],"wp:term":[{"taxonomy":"product_brand","embeddable":true,"href":"https:\/\/exlibris.ee\/en\/wp-json\/wp\/v2\/product_brand?post=44703"},{"taxonomy":"product_cat","embeddable":true,"href":"https:\/\/exlibris.ee\/en\/wp-json\/wp\/v2\/product_cat?post=44703"},{"taxonomy":"product_tag","embeddable":true,"href":"https:\/\/exlibris.ee\/en\/wp-json\/wp\/v2\/product_tag?post=44703"},{"taxonomy":"series","embeddable":true,"href":"https:\/\/exlibris.ee\/en\/wp-json\/wp\/v2\/series?post=44703"},{"taxonomy":"publisher","embeddable":true,"href":"https:\/\/exlibris.ee\/en\/wp-json\/wp\/v2\/publisher?post=44703"}],"curies":[{"name":"wp","href":"https:\/\/api.w.org\/{rel}","templated":true}]}}