{"id":44711,"date":"2023-05-11T15:40:35","date_gmt":"2023-05-11T12:40:35","guid":{"rendered":"https:\/\/exlibris.ee\/toode\/aussichten-a2-integr-spezial-cd\/"},"modified":"2026-04-05T15:24:18","modified_gmt":"2026-04-05T12:24:18","slug":"aussichten-a2-integr-spezial-cd","status":"publish","type":"product","link":"https:\/\/exlibris.ee\/en\/product\/aussichten-a2-integr-spezial-cd\/","title":{"rendered":"Aussichten A2, Integr. Spezial + CD"},"content":{"rendered":"<p>Integration Spezial mit Audio-CD enth\u00e4lt: erg\u00e4nzendes Material f\u00fcr Integrationskurse vertiefende Informationen und Aufgaben zu einzelnen Handlungsbereichen des \u00f6ffentlichen Lebens Training der Kompetenzen f\u00fcr den Umgang mit \u00c4mtern und Beh\u00f6rden F\u00f6rderung von alltagsrelevantem und landeskundlichem Wissen.<\/p>\n","protected":false},"excerpt":{"rendered":"<p>Integration Spezial mit Audio-CD enth\u00e4lt: erg\u00e4nzendes Material f\u00fcr Integrationskurse vertiefende Informationen und Aufgaben zu einzelnen Handlungsbereichen des \u00f6ffentlichen Lebens Training der Kompetenzen f\u00fcr den Umgang mit \u00c4mtern und Beh\u00f6rden F\u00f6rderung von alltagsrelevantem und landeskundlichem Wissen.<\/p>\n","protected":false},"featured_media":87565,"template":"","meta":{"_acf_changed":false,"inline_featured_image":false},"product_brand":[],"product_cat":[538],"product_tag":[],"series":[{"id":936,"name":"Aussichten","slug":"aussichten"}],"publisher":[{"id":473,"name":"Klett Verlag","slug":"klett-verlag"}],"class_list":{"0":"post-44711","1":"product","2":"type-product","3":"status-publish","4":"has-post-thumbnail","6":"product_cat-lehrwerke-fur-erwachsene","7":"series-aussichten","8":"publisher-klett-verlag","10":"first","11":"instock","12":"taxable","13":"shipping-taxable","14":"purchasable","15":"product-type-simple"},"acf":[],"_links":{"self":[{"href":"https:\/\/exlibris.ee\/en\/wp-json\/wp\/v2\/product\/44711","targetHints":{"allow":["GET"]}}],"collection":[{"href":"https:\/\/exlibris.ee\/en\/wp-json\/wp\/v2\/product"}],"about":[{"href":"https:\/\/exlibris.ee\/en\/wp-json\/wp\/v2\/types\/product"}],"wp:featuredmedia":[{"embeddable":true,"href":"https:\/\/exlibris.ee\/en\/wp-json\/wp\/v2\/media\/87565"}],"wp:attachment":[{"href":"https:\/\/exlibris.ee\/en\/wp-json\/wp\/v2\/media?parent=44711"}],"wp:term":[{"taxonomy":"product_brand","embeddable":true,"href":"https:\/\/exlibris.ee\/en\/wp-json\/wp\/v2\/product_brand?post=44711"},{"taxonomy":"product_cat","embeddable":true,"href":"https:\/\/exlibris.ee\/en\/wp-json\/wp\/v2\/product_cat?post=44711"},{"taxonomy":"product_tag","embeddable":true,"href":"https:\/\/exlibris.ee\/en\/wp-json\/wp\/v2\/product_tag?post=44711"},{"taxonomy":"series","embeddable":true,"href":"https:\/\/exlibris.ee\/en\/wp-json\/wp\/v2\/series?post=44711"},{"taxonomy":"publisher","embeddable":true,"href":"https:\/\/exlibris.ee\/en\/wp-json\/wp\/v2\/publisher?post=44711"}],"curies":[{"name":"wp","href":"https:\/\/api.w.org\/{rel}","templated":true}]}}