{"id":44721,"date":"2023-05-11T15:40:37","date_gmt":"2023-05-11T12:40:37","guid":{"rendered":"https:\/\/exlibris.ee\/toode\/daf-leicht-lehrerhandbuch-a1\/"},"modified":"2026-04-04T03:13:48","modified_gmt":"2026-04-04T00:13:48","slug":"daf-leicht-lehrerhandbuch-a1","status":"publish","type":"product","link":"https:\/\/exlibris.ee\/en\/product\/daf-leicht-lehrerhandbuch-a1\/","title":{"rendered":"DaF leicht, Lehrerhandbuch A1"},"content":{"rendered":"<p>Lehrerhandbuch zum Kurs- und \u00dcbungsbuch A1. 1 und A1.2 leicht unterrichten! Originelle Ideen zum Einstieg Gezielte Tipps zu einzelnen \u00dcbungen Tafelanschriebe klar visualisiert Landeskunde einfach erkl\u00e4rt Weiterf\u00fchrende Unterrichtsvorschl\u00e4ge 4 Kopiervorlagen, 6 \u00dcbungen zu den Grammatik-Clips und 1 Test pro Lektion.<\/p>\n","protected":false},"excerpt":{"rendered":"<p>Lehrerhandbuch zum Kurs- und \u00dcbungsbuch A1. 1 und A1.2 leicht unterrichten! Originelle Ideen zum Einstieg Gezielte Tipps zu einzelnen \u00dcbungen Tafelanschriebe klar visualisiert Landeskunde einfach erkl\u00e4rt Weiterf\u00fchrende Unterrichtsvorschl\u00e4ge 4 Kopiervorlagen, 6 \u00dcbungen zu den Grammatik-Clips und 1 Test pro Lektion.<\/p>\n","protected":false},"featured_media":87601,"template":"","meta":{"_acf_changed":false,"inline_featured_image":false},"product_brand":[],"product_cat":[538],"product_tag":[],"series":[{"id":937,"name":"DaF leicht","slug":"daf-leicht"}],"publisher":[{"id":473,"name":"Klett Verlag","slug":"klett-verlag"}],"class_list":{"0":"post-44721","1":"product","2":"type-product","3":"status-publish","4":"has-post-thumbnail","6":"product_cat-lehrwerke-fur-erwachsene","7":"series-daf-leicht","8":"publisher-klett-verlag","10":"first","11":"instock","12":"taxable","13":"shipping-taxable","14":"purchasable","15":"product-type-simple"},"acf":[],"_links":{"self":[{"href":"https:\/\/exlibris.ee\/en\/wp-json\/wp\/v2\/product\/44721","targetHints":{"allow":["GET"]}}],"collection":[{"href":"https:\/\/exlibris.ee\/en\/wp-json\/wp\/v2\/product"}],"about":[{"href":"https:\/\/exlibris.ee\/en\/wp-json\/wp\/v2\/types\/product"}],"wp:featuredmedia":[{"embeddable":true,"href":"https:\/\/exlibris.ee\/en\/wp-json\/wp\/v2\/media\/87601"}],"wp:attachment":[{"href":"https:\/\/exlibris.ee\/en\/wp-json\/wp\/v2\/media?parent=44721"}],"wp:term":[{"taxonomy":"product_brand","embeddable":true,"href":"https:\/\/exlibris.ee\/en\/wp-json\/wp\/v2\/product_brand?post=44721"},{"taxonomy":"product_cat","embeddable":true,"href":"https:\/\/exlibris.ee\/en\/wp-json\/wp\/v2\/product_cat?post=44721"},{"taxonomy":"product_tag","embeddable":true,"href":"https:\/\/exlibris.ee\/en\/wp-json\/wp\/v2\/product_tag?post=44721"},{"taxonomy":"series","embeddable":true,"href":"https:\/\/exlibris.ee\/en\/wp-json\/wp\/v2\/series?post=44721"},{"taxonomy":"publisher","embeddable":true,"href":"https:\/\/exlibris.ee\/en\/wp-json\/wp\/v2\/publisher?post=44721"}],"curies":[{"name":"wp","href":"https:\/\/api.w.org\/{rel}","templated":true}]}}