{"id":44752,"date":"2023-05-11T15:40:42","date_gmt":"2023-05-11T12:40:42","guid":{"rendered":"https:\/\/exlibris.ee\/toode\/mit-erfolg-deutsch-b1-und-beruf-ubungsbuch\/"},"modified":"2026-04-18T15:30:07","modified_gmt":"2026-04-18T12:30:07","slug":"mit-erfolg-deutsch-b1-und-beruf-ubungsbuch","status":"publish","type":"product","link":"https:\/\/exlibris.ee\/en\/product\/mit-erfolg-deutsch-b1-und-beruf-ubungsbuch\/","title":{"rendered":"Mit Erfolg zu telc Deutsch B1+ und Beruf, \u00dcbungsbuch"},"content":{"rendered":"<p>Mit Erfolg zu telc Deutsch B1 + Beruf. Gezielte Vorbereitung auf die Pr\u00fcfung telc Deutsch B1+ Beruf. F\u00fcr Ihren Deutschkurs und f\u00fcr Selbstlerner.<\/p>\n","protected":false},"excerpt":{"rendered":"<p>Mit Erfolg zu telc Deutsch B1 + Beruf. Gezielte Vorbereitung auf die Pr\u00fcfung telc Deutsch B1+ Beruf. F\u00fcr Ihren Deutschkurs und f\u00fcr Selbstlerner.<\/p>\n","protected":false},"featured_media":337694,"template":"","meta":{"_acf_changed":false,"inline_featured_image":false},"product_brand":[],"product_cat":[507],"product_tag":[],"series":[{"id":927,"name":"Mit Erfolg","slug":"mit-erfolg"}],"publisher":[{"id":473,"name":"Klett Verlag","slug":"klett-verlag"}],"class_list":{"0":"post-44752","1":"product","2":"type-product","3":"status-publish","4":"has-post-thumbnail","6":"product_cat-prufungsvorbereitung","7":"series-mit-erfolg","8":"publisher-klett-verlag","10":"first","11":"onbackorder","12":"taxable","13":"shipping-taxable","14":"purchasable","15":"product-type-simple"},"acf":[],"_links":{"self":[{"href":"https:\/\/exlibris.ee\/en\/wp-json\/wp\/v2\/product\/44752","targetHints":{"allow":["GET"]}}],"collection":[{"href":"https:\/\/exlibris.ee\/en\/wp-json\/wp\/v2\/product"}],"about":[{"href":"https:\/\/exlibris.ee\/en\/wp-json\/wp\/v2\/types\/product"}],"wp:featuredmedia":[{"embeddable":true,"href":"https:\/\/exlibris.ee\/en\/wp-json\/wp\/v2\/media\/337694"}],"wp:attachment":[{"href":"https:\/\/exlibris.ee\/en\/wp-json\/wp\/v2\/media?parent=44752"}],"wp:term":[{"taxonomy":"product_brand","embeddable":true,"href":"https:\/\/exlibris.ee\/en\/wp-json\/wp\/v2\/product_brand?post=44752"},{"taxonomy":"product_cat","embeddable":true,"href":"https:\/\/exlibris.ee\/en\/wp-json\/wp\/v2\/product_cat?post=44752"},{"taxonomy":"product_tag","embeddable":true,"href":"https:\/\/exlibris.ee\/en\/wp-json\/wp\/v2\/product_tag?post=44752"},{"taxonomy":"series","embeddable":true,"href":"https:\/\/exlibris.ee\/en\/wp-json\/wp\/v2\/series?post=44752"},{"taxonomy":"publisher","embeddable":true,"href":"https:\/\/exlibris.ee\/en\/wp-json\/wp\/v2\/publisher?post=44752"}],"curies":[{"name":"wp","href":"https:\/\/api.w.org\/{rel}","templated":true}]}}