{"id":44758,"date":"2023-05-11T15:40:43","date_gmt":"2023-05-11T12:40:43","guid":{"rendered":"https:\/\/exlibris.ee\/toode\/vielfalt-b1-add-on-zum-kurs-und-arbeitsbuch-auf-hueber-interaktiv-digitaler-unterrichtsplaner\/"},"modified":"2026-04-15T13:30:31","modified_gmt":"2026-04-15T10:30:31","slug":"vielfalt-b1-add-on-zum-kurs-und-arbeitsbuch-auf-hueber-interaktiv-digitaler-unterrichtsplaner","status":"publish","type":"product","link":"https:\/\/exlibris.ee\/en\/product\/vielfalt-b1-add-on-zum-kurs-und-arbeitsbuch-auf-hueber-interaktiv-digitaler-unterrichtsplaner\/","title":{"rendered":"Vielfalt B1+: Kurs- und Arbeitsbuch plus interaktive Version"},"content":{"rendered":"<p>Vielfalt \u2013 Lehrwerk f\u00fcr Deutsch als Fremdsprache Kurs- und Arbeitsbuch Vielfalt B1+ \u2013 Buch inklusive Code zur interaktiven Version Zielgruppe: Erwachsene und Jugendliche ab 16 Jahren in B1-Kursen Mit Storytelling und unseren beliebten Protagonist:innen wiederholt und festigt Vielfalt B1+ den Stoff von A1 bis B1 aus vielf\u00e4ltigen Perspektiven in den Bereichen Wortschatz, Grammatik, Kommunikation und Schreiben. Und ebnet so einen einfachen und sicheren \u00dcbergang zu einem B2-Lehrwerk. Kursbuchteil: \u2022 inklusive Code f\u00fcr interaktive Version \u2022 modularer Aufbau: 4 Module mit je drei kurzen Lektionen \u2022 emotionaler Moduleinstieg mit Film: unterschiedlichste Protagonistinnen und Protagonisten erm\u00f6glichen einen pers\u00f6nlichen Einstieg in die aktuellen, lebensnahen und vielf\u00e4ltigen Themen \u2022 Extra-Beruf-Seiten:berufs\u00fcbergreifende Szenarien, Textsorten und Sprachhandlungen \u2022 Plurilingualit\u00e4t: sprachvergleichende Aufgaben erweitern das Wissen \u00fcber Sprache und erleichtern die Sprachverwendung in unterschiedlichen Kommunikationssituationen \u2022 Plurikulturalit\u00e4t: spannende Aufgabenstellungen laden zum Perspektivenwechsel und zum wertedialog ein \u2022 Wortschatzarbeit: thematische und systematische intensive Erarbeitung \u2022 weitere Filme: Beispielantworten von Deutschlernenden aus aller Welt stellen erreichbare Sprachmodelle dar \u2022 Erkl\u00e4r-Clips zur gesamten Grammatik: ideal f\u00fcr den Pr\u00e4senz- oder Online-Unterricht und das individuelle Lernen Arbeitsbuchteil: \u2022 Fit-f\u00fcr-Seite: Wiederholung von relevantem, bereits bekanntem Wortschatz und Grammatikstrukturen \u2022 Wiederholung und Festigung: In den Kategorien W\u00f6rter, Grammatik und Kommunikation wird der Lernstoff des Kursbuchs in abwechslungsreichen \u00dcbungen und authentischen Kontexten trainiert \u2022 gezieltes \u00dcben der eigenen Textproduktion mit authentischen Schreibanl\u00e4ssen \u2022 am Ende einer jeden Lektion: Aussprache\u00fcbungen und Selbsttests \u2022 am Ende jedes Moduls: gezielte Pr\u00fcfungsvorbereitung \u2022 Lernwortschatz im Anhang.<\/p>\n","protected":false},"excerpt":{"rendered":"<p>Vielfalt \u2013 Lehrwerk f\u00fcr Deutsch als Fremdsprache Kurs- und Arbeitsbuch Vielfalt B1+ \u2013 Buch inklusive Code zur interaktiven Version Zielgruppe: Erwachsene und Jugendliche ab 16 Jahren in B1-Kursen Mit Storytelling und unseren beliebten Protagonist:innen wiederholt und festigt Vielfalt B1+ den&#8230;<\/p>\n","protected":false},"featured_media":55435,"template":"","meta":{"_acf_changed":false,"inline_featured_image":false},"product_brand":[],"product_cat":[477],"product_tag":[],"series":[{"id":942,"name":"Vielfalt B1+","slug":"vielfalt-b1"}],"publisher":[{"id":497,"name":"Hueber Verlag","slug":"hueber-verlag"}],"class_list":{"0":"post-44758","1":"product","2":"type-product","3":"status-publish","4":"has-post-thumbnail","6":"product_cat-lehrwerke-fur-jugendliche","7":"series-vielfalt-b1","8":"publisher-hueber-verlag","10":"first","11":"instock","12":"taxable","13":"shipping-taxable","14":"purchasable","15":"product-type-simple"},"acf":[],"_links":{"self":[{"href":"https:\/\/exlibris.ee\/en\/wp-json\/wp\/v2\/product\/44758","targetHints":{"allow":["GET"]}}],"collection":[{"href":"https:\/\/exlibris.ee\/en\/wp-json\/wp\/v2\/product"}],"about":[{"href":"https:\/\/exlibris.ee\/en\/wp-json\/wp\/v2\/types\/product"}],"wp:featuredmedia":[{"embeddable":true,"href":"https:\/\/exlibris.ee\/en\/wp-json\/wp\/v2\/media\/55435"}],"wp:attachment":[{"href":"https:\/\/exlibris.ee\/en\/wp-json\/wp\/v2\/media?parent=44758"}],"wp:term":[{"taxonomy":"product_brand","embeddable":true,"href":"https:\/\/exlibris.ee\/en\/wp-json\/wp\/v2\/product_brand?post=44758"},{"taxonomy":"product_cat","embeddable":true,"href":"https:\/\/exlibris.ee\/en\/wp-json\/wp\/v2\/product_cat?post=44758"},{"taxonomy":"product_tag","embeddable":true,"href":"https:\/\/exlibris.ee\/en\/wp-json\/wp\/v2\/product_tag?post=44758"},{"taxonomy":"series","embeddable":true,"href":"https:\/\/exlibris.ee\/en\/wp-json\/wp\/v2\/series?post=44758"},{"taxonomy":"publisher","embeddable":true,"href":"https:\/\/exlibris.ee\/en\/wp-json\/wp\/v2\/publisher?post=44758"}],"curies":[{"name":"wp","href":"https:\/\/api.w.org\/{rel}","templated":true}]}}