{"id":44760,"date":"2023-05-11T15:40:43","date_gmt":"2023-05-11T12:40:43","guid":{"rendered":"https:\/\/exlibris.ee\/toode\/delfin-lehrbuch-mit-integrierten-audio-cds\/"},"modified":"2026-04-04T21:18:43","modified_gmt":"2026-04-04T18:18:43","slug":"delfin-lehrbuch-mit-integrierten-audio-cds","status":"publish","type":"product","link":"https:\/\/exlibris.ee\/en\/product\/delfin-lehrbuch-mit-integrierten-audio-cds\/","title":{"rendered":"Delfin  \/ Lehrbuch mit integrierten Audio-CDs"},"content":{"rendered":"<p>Tauchen Sie ein in die Welt der deutschen Sprache mit unserem neuen kompakten Lehrwerk Delfin! Interessante Texte und Themen, von den Themen-Autoren Hartmut Aufderstra\u00dfe und Jutta M\u00fcller sowie Thomas Storz in 20 \u00fcbersichtliche Lektionen verpackt.Delfin gibt es auch als inhaltsgleiche zweib\u00e4ndige Ausgabe. Zielgruppe: Erwachsene und Jugendliche ohne Vorkenntnisse. Lernziel: Sprachfertigkeit auf Grundstufen-Niveau; f\u00fchrt zum Zertifikat Deutsch. Eintauchen &#8211; Lesen &#8211; H\u00f6ren &#8211; Sprechen &#8211; Schreiben:<\/p>\n","protected":false},"excerpt":{"rendered":"<p>Tauchen Sie ein in die Welt der deutschen Sprache mit unserem neuen kompakten Lehrwerk Delfin! Interessante Texte und Themen, von den Themen-Autoren Hartmut Aufderstra\u00dfe und Jutta M\u00fcller sowie Thomas Storz in 20 \u00fcbersichtliche Lektionen verpackt.Delfin gibt es auch als inhaltsgleiche&#8230;<\/p>\n","protected":false},"featured_media":55444,"template":"","meta":{"_acf_changed":false,"inline_featured_image":false},"product_brand":[],"product_cat":[538],"product_tag":[],"series":[{"id":945,"name":"Delfin","slug":"delfin"}],"publisher":[{"id":497,"name":"Hueber Verlag","slug":"hueber-verlag"}],"class_list":{"0":"post-44760","1":"product","2":"type-product","3":"status-publish","4":"has-post-thumbnail","6":"product_cat-lehrwerke-fur-erwachsene","7":"series-delfin","8":"publisher-hueber-verlag","10":"first","11":"instock","12":"taxable","13":"shipping-taxable","14":"purchasable","15":"product-type-simple"},"acf":[],"_links":{"self":[{"href":"https:\/\/exlibris.ee\/en\/wp-json\/wp\/v2\/product\/44760","targetHints":{"allow":["GET"]}}],"collection":[{"href":"https:\/\/exlibris.ee\/en\/wp-json\/wp\/v2\/product"}],"about":[{"href":"https:\/\/exlibris.ee\/en\/wp-json\/wp\/v2\/types\/product"}],"wp:featuredmedia":[{"embeddable":true,"href":"https:\/\/exlibris.ee\/en\/wp-json\/wp\/v2\/media\/55444"}],"wp:attachment":[{"href":"https:\/\/exlibris.ee\/en\/wp-json\/wp\/v2\/media?parent=44760"}],"wp:term":[{"taxonomy":"product_brand","embeddable":true,"href":"https:\/\/exlibris.ee\/en\/wp-json\/wp\/v2\/product_brand?post=44760"},{"taxonomy":"product_cat","embeddable":true,"href":"https:\/\/exlibris.ee\/en\/wp-json\/wp\/v2\/product_cat?post=44760"},{"taxonomy":"product_tag","embeddable":true,"href":"https:\/\/exlibris.ee\/en\/wp-json\/wp\/v2\/product_tag?post=44760"},{"taxonomy":"series","embeddable":true,"href":"https:\/\/exlibris.ee\/en\/wp-json\/wp\/v2\/series?post=44760"},{"taxonomy":"publisher","embeddable":true,"href":"https:\/\/exlibris.ee\/en\/wp-json\/wp\/v2\/publisher?post=44760"}],"curies":[{"name":"wp","href":"https:\/\/api.w.org\/{rel}","templated":true}]}}