{"id":44761,"date":"2023-05-11T15:40:44","date_gmt":"2023-05-11T12:40:44","guid":{"rendered":"https:\/\/exlibris.ee\/toode\/deutsch-mit-vater-und-sohn-10-bildgeschichten-von-e-o-plauen-fur-den-unterricht-deutsch-als-fremdsprache-lesebuch\/"},"modified":"2026-04-07T03:28:53","modified_gmt":"2026-04-07T00:28:53","slug":"deutsch-mit-vater-und-sohn-10-bildgeschichten-von-e-o-plauen-fur-den-unterricht-deutsch-als-fremdsprache-lesebuch","status":"publish","type":"product","link":"https:\/\/exlibris.ee\/en\/product\/deutsch-mit-vater-und-sohn-10-bildgeschichten-von-e-o-plauen-fur-den-unterricht-deutsch-als-fremdsprache-lesebuch\/","title":{"rendered":"Deutsch mit Vater und Sohn  10 Bildgeschichten von E. O. Plauen f\u00fcr den Unterricht Deutsch als Fremdsprache \/ Lesebuch"},"content":{"rendered":"<p>Von einem muttersprachlichen Moderator begleitet, eignet sich der Lerner schnell wichtige Basiskenntnisse der deutschen Sprache an, die er f\u00fcr die Kommunikation im Alltag und im Beruf braucht. Der Moderator f\u00fchrt den Lerner von den Dialogen zum Wortschatz, der Grammatik und den \u00dcbungen zu den Tests. Die Audio-CDs erm\u00f6glichen bequemes Lernen zu jeder Zeit an jedem Ort &#8211; ob zu Hause, unterwegs oder im Auto.<\/p>\n","protected":false},"excerpt":{"rendered":"<p>Von einem muttersprachlichen Moderator begleitet, eignet sich der Lerner schnell wichtige Basiskenntnisse der deutschen Sprache an, die er f\u00fcr die Kommunikation im Alltag und im Beruf braucht. Der Moderator f\u00fchrt den Lerner von den Dialogen zum Wortschatz, der Grammatik und&#8230;<\/p>\n","protected":false},"featured_media":55459,"template":"","meta":{"_acf_changed":false,"inline_featured_image":false},"product_brand":[],"product_cat":[503],"product_tag":[],"series":[],"publisher":[{"id":497,"name":"Hueber Verlag","slug":"hueber-verlag"}],"class_list":{"0":"post-44761","1":"product","2":"type-product","3":"status-publish","4":"has-post-thumbnail","6":"product_cat-lernen-mit-bildern-und-spielen","7":"publisher-hueber-verlag","9":"first","10":"onbackorder","11":"taxable","12":"shipping-taxable","13":"purchasable","14":"product-type-simple"},"acf":[],"_links":{"self":[{"href":"https:\/\/exlibris.ee\/en\/wp-json\/wp\/v2\/product\/44761","targetHints":{"allow":["GET"]}}],"collection":[{"href":"https:\/\/exlibris.ee\/en\/wp-json\/wp\/v2\/product"}],"about":[{"href":"https:\/\/exlibris.ee\/en\/wp-json\/wp\/v2\/types\/product"}],"wp:featuredmedia":[{"embeddable":true,"href":"https:\/\/exlibris.ee\/en\/wp-json\/wp\/v2\/media\/55459"}],"wp:attachment":[{"href":"https:\/\/exlibris.ee\/en\/wp-json\/wp\/v2\/media?parent=44761"}],"wp:term":[{"taxonomy":"product_brand","embeddable":true,"href":"https:\/\/exlibris.ee\/en\/wp-json\/wp\/v2\/product_brand?post=44761"},{"taxonomy":"product_cat","embeddable":true,"href":"https:\/\/exlibris.ee\/en\/wp-json\/wp\/v2\/product_cat?post=44761"},{"taxonomy":"product_tag","embeddable":true,"href":"https:\/\/exlibris.ee\/en\/wp-json\/wp\/v2\/product_tag?post=44761"},{"taxonomy":"series","embeddable":true,"href":"https:\/\/exlibris.ee\/en\/wp-json\/wp\/v2\/series?post=44761"},{"taxonomy":"publisher","embeddable":true,"href":"https:\/\/exlibris.ee\/en\/wp-json\/wp\/v2\/publisher?post=44761"}],"curies":[{"name":"wp","href":"https:\/\/api.w.org\/{rel}","templated":true}]}}