{"id":44763,"date":"2023-05-11T15:40:44","date_gmt":"2023-05-11T12:40:44","guid":{"rendered":"https:\/\/exlibris.ee\/toode\/deutsche-handelskorrespondenz-neu-der-schriftwechsel-in-export-und-import-lehrbuch\/"},"modified":"2026-04-13T23:31:13","modified_gmt":"2026-04-13T20:31:13","slug":"deutsche-handelskorrespondenz-neu-der-schriftwechsel-in-export-und-import-lehrbuch","status":"publish","type":"product","link":"https:\/\/exlibris.ee\/en\/product\/deutsche-handelskorrespondenz-neu-der-schriftwechsel-in-export-und-import-lehrbuch\/","title":{"rendered":"Deutsche Handelskorrespondenz \u2013 Neu  Der Schriftwechsel in Export und Import \/ Lehrbuch"},"content":{"rendered":"<p>Esel, Hund, Katze und Hahn wollen Bremer Stadtmusikanten werden, finden dann aber schnell ein anderes Zuhause. Rotk\u00e4ppchen m\u00f6chte nur seine Gro\u00dfmutter besuchen und besiegt dann den b\u00f6sen Wolf. Das arme Aschenputtel hat eigentlich keine Chance und bekommt am Ende den Prinzen. Das sind nicht nur Geschichten mit Happy End, sondern auch Geschichten mit langer Tradition. Als M\u00e4rchen der Br\u00fcder Grimm sind sie auf der ganzen Welt bekannt und beliebt.<\/p>\n","protected":false},"excerpt":{"rendered":"<p>Esel, Hund, Katze und Hahn wollen Bremer Stadtmusikanten werden, finden dann aber schnell ein anderes Zuhause. Rotk\u00e4ppchen m\u00f6chte nur seine Gro\u00dfmutter besuchen und besiegt dann den b\u00f6sen Wolf. Das arme Aschenputtel hat eigentlich keine Chance und bekommt am Ende den&#8230;<\/p>\n","protected":false},"featured_media":55483,"template":"","meta":{"_acf_changed":false,"inline_featured_image":false},"product_brand":[],"product_cat":[897],"product_tag":[],"series":[],"publisher":[{"id":497,"name":"Hueber Verlag","slug":"hueber-verlag"}],"class_list":{"0":"post-44763","1":"product","2":"type-product","3":"status-publish","4":"has-post-thumbnail","6":"product_cat-keeleope-leiunurk","7":"publisher-hueber-verlag","9":"first","10":"instock","11":"taxable","12":"shipping-taxable","13":"purchasable","14":"product-type-simple"},"acf":[],"_links":{"self":[{"href":"https:\/\/exlibris.ee\/en\/wp-json\/wp\/v2\/product\/44763","targetHints":{"allow":["GET"]}}],"collection":[{"href":"https:\/\/exlibris.ee\/en\/wp-json\/wp\/v2\/product"}],"about":[{"href":"https:\/\/exlibris.ee\/en\/wp-json\/wp\/v2\/types\/product"}],"wp:featuredmedia":[{"embeddable":true,"href":"https:\/\/exlibris.ee\/en\/wp-json\/wp\/v2\/media\/55483"}],"wp:attachment":[{"href":"https:\/\/exlibris.ee\/en\/wp-json\/wp\/v2\/media?parent=44763"}],"wp:term":[{"taxonomy":"product_brand","embeddable":true,"href":"https:\/\/exlibris.ee\/en\/wp-json\/wp\/v2\/product_brand?post=44763"},{"taxonomy":"product_cat","embeddable":true,"href":"https:\/\/exlibris.ee\/en\/wp-json\/wp\/v2\/product_cat?post=44763"},{"taxonomy":"product_tag","embeddable":true,"href":"https:\/\/exlibris.ee\/en\/wp-json\/wp\/v2\/product_tag?post=44763"},{"taxonomy":"series","embeddable":true,"href":"https:\/\/exlibris.ee\/en\/wp-json\/wp\/v2\/series?post=44763"},{"taxonomy":"publisher","embeddable":true,"href":"https:\/\/exlibris.ee\/en\/wp-json\/wp\/v2\/publisher?post=44763"}],"curies":[{"name":"wp","href":"https:\/\/api.w.org\/{rel}","templated":true}]}}