{"id":44768,"date":"2023-05-11T15:40:45","date_gmt":"2023-05-11T12:40:45","guid":{"rendered":"https:\/\/exlibris.ee\/toode\/der-hase-und-der-igel-leseheft\/"},"modified":"2026-04-16T17:27:09","modified_gmt":"2026-04-16T14:27:09","slug":"der-hase-und-der-igel-leseheft","status":"publish","type":"product","link":"https:\/\/exlibris.ee\/en\/product\/der-hase-und-der-igel-leseheft\/","title":{"rendered":"Der Hase und der Igel  Leseheft"},"content":{"rendered":"<p>Leseclub&#8221; ist eine Reihe mit Lekt\u00fcren f\u00fcr Kinder in der Grundstufe. Auf der Niveaustufe A1 werden M\u00e4rchen nacherz\u00e4hlt. Die durchgehend vierfarbigen Illustrationen stehen im Mittelpunkt und unterst\u00fctzen das Verst\u00e4ndnis des Textes. Der zentrale Wortschatz ist am Anfang des Buches aufgelistet. Der Igel \u00e4rgert den sportlichen Hasen, indem er behauptet, er k\u00f6nne schneller laufen. Sie wetten um ein Goldst\u00fcck und Schokolade. Mithilfe einer List kann der Igel die Wette gewinnen.<\/p>\n","protected":false},"excerpt":{"rendered":"<p>Leseclub&#8221; ist eine Reihe mit Lekt\u00fcren f\u00fcr Kinder in der Grundstufe. Auf der Niveaustufe A1 werden M\u00e4rchen nacherz\u00e4hlt. Die durchgehend vierfarbigen Illustrationen stehen im Mittelpunkt und unterst\u00fctzen das Verst\u00e4ndnis des Textes. Der zentrale Wortschatz ist am Anfang des Buches aufgelistet&#8230;.<\/p>\n","protected":false},"featured_media":55558,"template":"","meta":{"_acf_changed":false,"inline_featured_image":false},"product_brand":[],"product_cat":[851],"product_tag":[],"series":[],"publisher":[{"id":497,"name":"Hueber Verlag","slug":"hueber-verlag"}],"class_list":{"0":"post-44768","1":"product","2":"type-product","3":"status-publish","4":"has-post-thumbnail","6":"product_cat-lesetexte-deutsch","7":"publisher-hueber-verlag","9":"first","10":"onbackorder","11":"taxable","12":"shipping-taxable","13":"purchasable","14":"product-type-simple"},"acf":[],"_links":{"self":[{"href":"https:\/\/exlibris.ee\/en\/wp-json\/wp\/v2\/product\/44768","targetHints":{"allow":["GET"]}}],"collection":[{"href":"https:\/\/exlibris.ee\/en\/wp-json\/wp\/v2\/product"}],"about":[{"href":"https:\/\/exlibris.ee\/en\/wp-json\/wp\/v2\/types\/product"}],"wp:featuredmedia":[{"embeddable":true,"href":"https:\/\/exlibris.ee\/en\/wp-json\/wp\/v2\/media\/55558"}],"wp:attachment":[{"href":"https:\/\/exlibris.ee\/en\/wp-json\/wp\/v2\/media?parent=44768"}],"wp:term":[{"taxonomy":"product_brand","embeddable":true,"href":"https:\/\/exlibris.ee\/en\/wp-json\/wp\/v2\/product_brand?post=44768"},{"taxonomy":"product_cat","embeddable":true,"href":"https:\/\/exlibris.ee\/en\/wp-json\/wp\/v2\/product_cat?post=44768"},{"taxonomy":"product_tag","embeddable":true,"href":"https:\/\/exlibris.ee\/en\/wp-json\/wp\/v2\/product_tag?post=44768"},{"taxonomy":"series","embeddable":true,"href":"https:\/\/exlibris.ee\/en\/wp-json\/wp\/v2\/series?post=44768"},{"taxonomy":"publisher","embeddable":true,"href":"https:\/\/exlibris.ee\/en\/wp-json\/wp\/v2\/publisher?post=44768"}],"curies":[{"name":"wp","href":"https:\/\/api.w.org\/{rel}","templated":true}]}}