{"id":44770,"date":"2023-05-11T15:41:00","date_gmt":"2023-05-11T12:41:00","guid":{"rendered":"https:\/\/exlibris.ee\/toode\/der-die-oder-das-ubungen-zum-artikel-buch\/"},"modified":"2026-04-07T03:30:07","modified_gmt":"2026-04-07T00:30:07","slug":"der-die-oder-das-ubungen-zum-artikel-buch","status":"publish","type":"product","link":"https:\/\/exlibris.ee\/en\/product\/der-die-oder-das-ubungen-zum-artikel-buch\/","title":{"rendered":"\u201eder\u201c, \u201edie\u201c oder \u201edas\u201c?  \u00dcbungen zum Artikel \/ Buch"},"content":{"rendered":"<p>\u00dcbungsbuch f\u00fcr Anf\u00e4nger und Fortgeschrittene &#8211; Schrittweise Hinf\u00fchrung zur Bestimmung des Artikels anhand von Regeln und Beispielen &#8211; Klarer und \u00fcbersichtlicher Aufbau in drei Teilen &#8211; Umfangreicher Trainingsteil -Kurstragend oder als Zusatzmaterial einsetzbar &#8211; Integrierter L\u00f6sungsschl\u00fcssel- Zum Selbstlernen und als Erg\u00e4nzung Zum Unterricht.<\/p>\n","protected":false},"excerpt":{"rendered":"<p>\u00dcbungsbuch f\u00fcr Anf\u00e4nger und Fortgeschrittene &#8211; Schrittweise Hinf\u00fchrung zur Bestimmung des Artikels anhand von Regeln und Beispielen &#8211; Klarer und \u00fcbersichtlicher Aufbau in drei Teilen &#8211; Umfangreicher Trainingsteil -Kurstragend oder als Zusatzmaterial einsetzbar &#8211; Integrierter L\u00f6sungsschl\u00fcssel- Zum Selbstlernen und als&#8230;<\/p>\n","protected":false},"featured_media":55594,"template":"","meta":{"_acf_changed":false,"inline_featured_image":false},"product_brand":[],"product_cat":[558],"product_tag":[],"series":[],"publisher":[{"id":497,"name":"Hueber Verlag","slug":"hueber-verlag"}],"class_list":{"0":"post-44770","1":"product","2":"type-product","3":"status-publish","4":"has-post-thumbnail","6":"product_cat-deutsch-uben","7":"publisher-hueber-verlag","9":"first","10":"instock","11":"taxable","12":"shipping-taxable","13":"purchasable","14":"product-type-simple"},"acf":[],"_links":{"self":[{"href":"https:\/\/exlibris.ee\/en\/wp-json\/wp\/v2\/product\/44770","targetHints":{"allow":["GET"]}}],"collection":[{"href":"https:\/\/exlibris.ee\/en\/wp-json\/wp\/v2\/product"}],"about":[{"href":"https:\/\/exlibris.ee\/en\/wp-json\/wp\/v2\/types\/product"}],"wp:featuredmedia":[{"embeddable":true,"href":"https:\/\/exlibris.ee\/en\/wp-json\/wp\/v2\/media\/55594"}],"wp:attachment":[{"href":"https:\/\/exlibris.ee\/en\/wp-json\/wp\/v2\/media?parent=44770"}],"wp:term":[{"taxonomy":"product_brand","embeddable":true,"href":"https:\/\/exlibris.ee\/en\/wp-json\/wp\/v2\/product_brand?post=44770"},{"taxonomy":"product_cat","embeddable":true,"href":"https:\/\/exlibris.ee\/en\/wp-json\/wp\/v2\/product_cat?post=44770"},{"taxonomy":"product_tag","embeddable":true,"href":"https:\/\/exlibris.ee\/en\/wp-json\/wp\/v2\/product_tag?post=44770"},{"taxonomy":"series","embeddable":true,"href":"https:\/\/exlibris.ee\/en\/wp-json\/wp\/v2\/series?post=44770"},{"taxonomy":"publisher","embeddable":true,"href":"https:\/\/exlibris.ee\/en\/wp-json\/wp\/v2\/publisher?post=44770"}],"curies":[{"name":"wp","href":"https:\/\/api.w.org\/{rel}","templated":true}]}}