{"id":44771,"date":"2023-05-11T15:41:00","date_gmt":"2023-05-11T12:41:00","guid":{"rendered":"https:\/\/exlibris.ee\/toode\/diktate-horen-schreiben-korrigieren-ubungsbuch-mit-2-audio-cds\/"},"modified":"2026-04-05T15:27:07","modified_gmt":"2026-04-05T12:27:07","slug":"diktate-horen-schreiben-korrigieren-ubungsbuch-mit-2-audio-cds","status":"publish","type":"product","link":"https:\/\/exlibris.ee\/en\/product\/diktate-horen-schreiben-korrigieren-ubungsbuch-mit-2-audio-cds\/","title":{"rendered":"Diktate h\u00f6ren \u2013 schreiben \u2013 korrigieren  \u00dcbungsbuch mit 2 Audio-CDs"},"content":{"rendered":"<p>Greta hasst das Feriencamp, f\u00fcr das ihre Mutter sie angemeldet hat. Max dagegen genie\u00dft die Aktivit\u00e4ten in der Ferienfreizeit. Als die zwei Jugendlichen gemeinsam einen Parcours bew\u00e4ltigen m\u00fcssen, \u00e4ndert sich alles \u2026 Der erste Band der Lekt\u00fcrereihe Lesespa\u00df f\u00fcr Jugendliche ist geeignet f\u00fcr Sch\u00fcler von 11-13 Jahren mit Lernniveau A1. Das gesamte H\u00f6rbuch der Lekt\u00fcre und die Tracks zu den \u00dcbungen stehen als kostenloser MP3-Download zur Verf\u00fcgung. Die vierfarbigen, beschrifteten Comic-Illustrationen unterst\u00fctzen das Leseverstehen.<\/p>\n","protected":false},"excerpt":{"rendered":"<p>Greta hasst das Feriencamp, f\u00fcr das ihre Mutter sie angemeldet hat. Max dagegen genie\u00dft die Aktivit\u00e4ten in der Ferienfreizeit. Als die zwei Jugendlichen gemeinsam einen Parcours bew\u00e4ltigen m\u00fcssen, \u00e4ndert sich alles \u2026 Der erste Band der Lekt\u00fcrereihe Lesespa\u00df f\u00fcr Jugendliche&#8230;<\/p>\n","protected":false},"featured_media":55597,"template":"","meta":{"_acf_changed":false,"inline_featured_image":false},"product_brand":[],"product_cat":[558],"product_tag":[],"series":[],"publisher":[{"id":497,"name":"Hueber Verlag","slug":"hueber-verlag"}],"class_list":{"0":"post-44771","1":"product","2":"type-product","3":"status-publish","4":"has-post-thumbnail","6":"product_cat-deutsch-uben","7":"publisher-hueber-verlag","9":"first","10":"instock","11":"taxable","12":"shipping-taxable","13":"purchasable","14":"product-type-simple"},"acf":[],"_links":{"self":[{"href":"https:\/\/exlibris.ee\/en\/wp-json\/wp\/v2\/product\/44771","targetHints":{"allow":["GET"]}}],"collection":[{"href":"https:\/\/exlibris.ee\/en\/wp-json\/wp\/v2\/product"}],"about":[{"href":"https:\/\/exlibris.ee\/en\/wp-json\/wp\/v2\/types\/product"}],"wp:featuredmedia":[{"embeddable":true,"href":"https:\/\/exlibris.ee\/en\/wp-json\/wp\/v2\/media\/55597"}],"wp:attachment":[{"href":"https:\/\/exlibris.ee\/en\/wp-json\/wp\/v2\/media?parent=44771"}],"wp:term":[{"taxonomy":"product_brand","embeddable":true,"href":"https:\/\/exlibris.ee\/en\/wp-json\/wp\/v2\/product_brand?post=44771"},{"taxonomy":"product_cat","embeddable":true,"href":"https:\/\/exlibris.ee\/en\/wp-json\/wp\/v2\/product_cat?post=44771"},{"taxonomy":"product_tag","embeddable":true,"href":"https:\/\/exlibris.ee\/en\/wp-json\/wp\/v2\/product_tag?post=44771"},{"taxonomy":"series","embeddable":true,"href":"https:\/\/exlibris.ee\/en\/wp-json\/wp\/v2\/series?post=44771"},{"taxonomy":"publisher","embeddable":true,"href":"https:\/\/exlibris.ee\/en\/wp-json\/wp\/v2\/publisher?post=44771"}],"curies":[{"name":"wp","href":"https:\/\/api.w.org\/{rel}","templated":true}]}}