{"id":44774,"date":"2023-05-11T15:41:05","date_gmt":"2023-05-11T12:41:05","guid":{"rendered":"https:\/\/exlibris.ee\/toode\/deutsch-in-handel-und-verkauf-griechisch-spanisch-polnisch-rumanisch-buch-mit-mp3-download\/"},"modified":"2026-04-20T09:32:01","modified_gmt":"2026-04-20T06:32:01","slug":"deutsch-in-handel-und-verkauf-griechisch-spanisch-polnisch-rumanisch-buch-mit-mp3-download","status":"publish","type":"product","link":"https:\/\/exlibris.ee\/en\/product\/deutsch-in-handel-und-verkauf-griechisch-spanisch-polnisch-rumanisch-buch-mit-mp3-download\/","title":{"rendered":"Deutsch in Handel und Verkauf  Griechisch, Spanisch, Polnisch, Rum\u00e4nisch \/ Buch mit MP3-Download"},"content":{"rendered":"<p>Der Selbstlernkurs &#8220;deutsch kompakt Neu &#8211; Englische Ausgabe&#8221; begleitet Anf\u00e4nger ohne Vorkenntnisse in ihrer Muttersprache und schafft eine Sprachkompetenz, die die m\u00fcndliche und schriftliche Teilnahme an der Alltagskommunikation erm\u00f6glicht. Ein unterhaltsamer, effektiver und motivierender Einstieg in die deutsche Sprache! Jeder Kurs besteht aus einem einsprachigen Textbuch, einem zweisprachigen Arbeitsbuch und 3 Audio-CDs: &#8211; Das einsprachige Textbuch enth\u00e4lt die kompletten Dialoge der Audio CDs mit \u00dcbungen und kurzen Anmerkungen zur Grammatik. &#8211; Das zweisprachige Arbeitsbuch f\u00fchrt den Lerner in seiner Muttersprache durch die Lektionen, die in wiederkehrende Rubriken aufgeteilt sind: Dialog mit \u00dcbungen \u2013 Grammatik, Neue W\u00f6rter, \u00dcbungen \u2013 Aussprache. &#8211; Die einsprachigen Audio-CDs enthalten Dialoge, Texte und \u00dcbungen.<\/p>\n","protected":false},"excerpt":{"rendered":"<p>Der Selbstlernkurs &#8220;deutsch kompakt Neu &#8211; Englische Ausgabe&#8221; begleitet Anf\u00e4nger ohne Vorkenntnisse in ihrer Muttersprache und schafft eine Sprachkompetenz, die die m\u00fcndliche und schriftliche Teilnahme an der Alltagskommunikation erm\u00f6glicht. Ein unterhaltsamer, effektiver und motivierender Einstieg in die deutsche Sprache! Jeder&#8230;<\/p>\n","protected":false},"featured_media":55606,"template":"","meta":{"_acf_changed":false,"inline_featured_image":false},"product_brand":[],"product_cat":[885],"product_tag":[],"series":[{"id":961,"name":"Deutsch in Handel und Verkauf","slug":"deutsch-in-handel-und-verkauf"}],"publisher":[{"id":497,"name":"Hueber Verlag","slug":"hueber-verlag"}],"class_list":{"0":"post-44774","1":"product","2":"type-product","3":"status-publish","4":"has-post-thumbnail","6":"product_cat-berufssprache","7":"series-deutsch-in-handel-und-verkauf","8":"publisher-hueber-verlag","10":"first","11":"onbackorder","12":"taxable","13":"shipping-taxable","14":"purchasable","15":"product-type-simple"},"acf":[],"_links":{"self":[{"href":"https:\/\/exlibris.ee\/en\/wp-json\/wp\/v2\/product\/44774","targetHints":{"allow":["GET"]}}],"collection":[{"href":"https:\/\/exlibris.ee\/en\/wp-json\/wp\/v2\/product"}],"about":[{"href":"https:\/\/exlibris.ee\/en\/wp-json\/wp\/v2\/types\/product"}],"wp:featuredmedia":[{"embeddable":true,"href":"https:\/\/exlibris.ee\/en\/wp-json\/wp\/v2\/media\/55606"}],"wp:attachment":[{"href":"https:\/\/exlibris.ee\/en\/wp-json\/wp\/v2\/media?parent=44774"}],"wp:term":[{"taxonomy":"product_brand","embeddable":true,"href":"https:\/\/exlibris.ee\/en\/wp-json\/wp\/v2\/product_brand?post=44774"},{"taxonomy":"product_cat","embeddable":true,"href":"https:\/\/exlibris.ee\/en\/wp-json\/wp\/v2\/product_cat?post=44774"},{"taxonomy":"product_tag","embeddable":true,"href":"https:\/\/exlibris.ee\/en\/wp-json\/wp\/v2\/product_tag?post=44774"},{"taxonomy":"series","embeddable":true,"href":"https:\/\/exlibris.ee\/en\/wp-json\/wp\/v2\/series?post=44774"},{"taxonomy":"publisher","embeddable":true,"href":"https:\/\/exlibris.ee\/en\/wp-json\/wp\/v2\/publisher?post=44774"}],"curies":[{"name":"wp","href":"https:\/\/api.w.org\/{rel}","templated":true}]}}