{"id":44778,"date":"2023-05-11T15:41:08","date_gmt":"2023-05-11T12:41:08","guid":{"rendered":"https:\/\/exlibris.ee\/toode\/anna-berlin-epub-download\/"},"modified":"2026-04-07T21:21:17","modified_gmt":"2026-04-07T18:21:17","slug":"anna-berlin-epub-download","status":"publish","type":"product","link":"https:\/\/exlibris.ee\/en\/product\/anna-berlin-epub-download\/","title":{"rendered":"Anna, Berlin  EPUB-Download"},"content":{"rendered":"<p>Echte Lekt\u00fcre auf der Niveaustufe A1! Kurze, einfache S\u00e4tze lassen vor dem inneren Auge des Lesers einen Film erstehen \u2013 Menschen, die mit ihren Gef\u00fchlen, ihren Hoffnungen, ihren Tr\u00e4umen und Begehrlichkeiten aufeinander treffen und ihr gegenseitiges Schicksal beeinflussen. Die Hueber Lese-Novelas bieten echten Lesestoff auf einem denkbar einfachen sprachlichen Niveau: Lesespa\u00df, der nicht durch didaktische Ma\u00dfnahmen ged\u00e4mpft wird; das gro\u00dfartige Gef\u00fchl, schon auf dieser fr\u00fchen Stufe des Lernens authentische Lese-Erlebnisse genie\u00dfen zu k\u00f6nnen; die Chance, sich einfach von den Geschehnissen mitrei\u00dfen zu lassen und dabei schon fast zu vergessen, dass es sich um Lekt\u00fcre in der \u201eschwierigen\u201c Zielsprache handelt: Anna wohnt noch bei ihren Eltern. Die m\u00f6chten, dass sie in der Familienfirma mitarbeitet. Aber Anna m\u00f6chte lieber mit einer Freundin zusammen eine Internetfirma aufmachen. Dann lernt sie in der Disco einen Mann kennen. \u2026<\/p>\n","protected":false},"excerpt":{"rendered":"<p>Echte Lekt\u00fcre auf der Niveaustufe A1! Kurze, einfache S\u00e4tze lassen vor dem inneren Auge des Lesers einen Film erstehen \u2013 Menschen, die mit ihren Gef\u00fchlen, ihren Hoffnungen, ihren Tr\u00e4umen und Begehrlichkeiten aufeinander treffen und ihr gegenseitiges Schicksal beeinflussen. Die Hueber&#8230;<\/p>\n","protected":false},"featured_media":55627,"template":"","meta":{"_acf_changed":false,"inline_featured_image":false},"product_brand":[],"product_cat":[851],"product_tag":[],"series":[{"id":964,"name":"Anna, Berlin","slug":"anna-berlin"}],"publisher":[{"id":497,"name":"Hueber Verlag","slug":"hueber-verlag"}],"class_list":{"0":"post-44778","1":"product","2":"type-product","3":"status-publish","4":"has-post-thumbnail","6":"product_cat-lesetexte-deutsch","7":"series-anna-berlin","8":"publisher-hueber-verlag","10":"first","11":"onbackorder","12":"taxable","13":"shipping-taxable","14":"purchasable","15":"product-type-simple"},"acf":[],"_links":{"self":[{"href":"https:\/\/exlibris.ee\/en\/wp-json\/wp\/v2\/product\/44778","targetHints":{"allow":["GET"]}}],"collection":[{"href":"https:\/\/exlibris.ee\/en\/wp-json\/wp\/v2\/product"}],"about":[{"href":"https:\/\/exlibris.ee\/en\/wp-json\/wp\/v2\/types\/product"}],"wp:featuredmedia":[{"embeddable":true,"href":"https:\/\/exlibris.ee\/en\/wp-json\/wp\/v2\/media\/55627"}],"wp:attachment":[{"href":"https:\/\/exlibris.ee\/en\/wp-json\/wp\/v2\/media?parent=44778"}],"wp:term":[{"taxonomy":"product_brand","embeddable":true,"href":"https:\/\/exlibris.ee\/en\/wp-json\/wp\/v2\/product_brand?post=44778"},{"taxonomy":"product_cat","embeddable":true,"href":"https:\/\/exlibris.ee\/en\/wp-json\/wp\/v2\/product_cat?post=44778"},{"taxonomy":"product_tag","embeddable":true,"href":"https:\/\/exlibris.ee\/en\/wp-json\/wp\/v2\/product_tag?post=44778"},{"taxonomy":"series","embeddable":true,"href":"https:\/\/exlibris.ee\/en\/wp-json\/wp\/v2\/series?post=44778"},{"taxonomy":"publisher","embeddable":true,"href":"https:\/\/exlibris.ee\/en\/wp-json\/wp\/v2\/publisher?post=44778"}],"curies":[{"name":"wp","href":"https:\/\/api.w.org\/{rel}","templated":true}]}}