{"id":44784,"date":"2023-05-11T15:41:10","date_gmt":"2023-05-11T12:41:10","guid":{"rendered":"https:\/\/exlibris.ee\/toode\/die-angst-und-der-tod-carsten-tsara-macht-sich-sorgen-epub-download\/"},"modified":"2026-04-05T15:27:08","modified_gmt":"2026-04-05T12:27:08","slug":"die-angst-und-der-tod-carsten-tsara-macht-sich-sorgen-epub-download","status":"publish","type":"product","link":"https:\/\/exlibris.ee\/en\/product\/die-angst-und-der-tod-carsten-tsara-macht-sich-sorgen-epub-download\/","title":{"rendered":"Die Angst und der Tod  Carsten Tsara macht sich Sorgen \/ EPUB-Download"},"content":{"rendered":"<p>Nach 18 Jahren meldet eine fr\u00fchere Mitsch\u00fclerin von Carsten Tsara ihren pl\u00f6tzlichen Besuch an. Der Detektiv kann sich nicht an sie erinnern, aber als er sie sieht, ist er fasziniert. Trotzdem: Diese Christine hat Geheimnisse, sie l\u00fcgt ganz offensichtlich und pl\u00f6tzlich ist sie weg.Und da ist Tsaras Auftrag als Detektiv: die Suche nach einer skrupellosen Betr\u00fcgerin. Seine Nachforschungen offenbaren ein verwirrendes Netz an Lug und Trug. Und mittendrin seine sch\u00f6ne Christine. Carsten Tsara macht eine erstaunliche Entdeckung.<\/p>\n","protected":false},"excerpt":{"rendered":"<p>Nach 18 Jahren meldet eine fr\u00fchere Mitsch\u00fclerin von Carsten Tsara ihren pl\u00f6tzlichen Besuch an. Der Detektiv kann sich nicht an sie erinnern, aber als er sie sieht, ist er fasziniert. Trotzdem: Diese Christine hat Geheimnisse, sie l\u00fcgt ganz offensichtlich und&#8230;<\/p>\n","protected":false},"featured_media":55645,"template":"","meta":{"_acf_changed":false,"inline_featured_image":false},"product_brand":[],"product_cat":[851],"product_tag":[],"series":[{"id":950,"name":"Die Angst und der Tod","slug":"die-angst-und-der-tod"}],"publisher":[{"id":497,"name":"Hueber Verlag","slug":"hueber-verlag"}],"class_list":{"0":"post-44784","1":"product","2":"type-product","3":"status-publish","4":"has-post-thumbnail","6":"product_cat-lesetexte-deutsch","7":"series-die-angst-und-der-tod","8":"publisher-hueber-verlag","10":"first","11":"onbackorder","12":"taxable","13":"shipping-taxable","14":"purchasable","15":"product-type-simple"},"acf":[],"_links":{"self":[{"href":"https:\/\/exlibris.ee\/en\/wp-json\/wp\/v2\/product\/44784","targetHints":{"allow":["GET"]}}],"collection":[{"href":"https:\/\/exlibris.ee\/en\/wp-json\/wp\/v2\/product"}],"about":[{"href":"https:\/\/exlibris.ee\/en\/wp-json\/wp\/v2\/types\/product"}],"wp:featuredmedia":[{"embeddable":true,"href":"https:\/\/exlibris.ee\/en\/wp-json\/wp\/v2\/media\/55645"}],"wp:attachment":[{"href":"https:\/\/exlibris.ee\/en\/wp-json\/wp\/v2\/media?parent=44784"}],"wp:term":[{"taxonomy":"product_brand","embeddable":true,"href":"https:\/\/exlibris.ee\/en\/wp-json\/wp\/v2\/product_brand?post=44784"},{"taxonomy":"product_cat","embeddable":true,"href":"https:\/\/exlibris.ee\/en\/wp-json\/wp\/v2\/product_cat?post=44784"},{"taxonomy":"product_tag","embeddable":true,"href":"https:\/\/exlibris.ee\/en\/wp-json\/wp\/v2\/product_tag?post=44784"},{"taxonomy":"series","embeddable":true,"href":"https:\/\/exlibris.ee\/en\/wp-json\/wp\/v2\/series?post=44784"},{"taxonomy":"publisher","embeddable":true,"href":"https:\/\/exlibris.ee\/en\/wp-json\/wp\/v2\/publisher?post=44784"}],"curies":[{"name":"wp","href":"https:\/\/api.w.org\/{rel}","templated":true}]}}