{"id":44807,"date":"2023-05-11T15:41:14","date_gmt":"2023-05-11T12:41:14","guid":{"rendered":"https:\/\/exlibris.ee\/toode\/aladdin-und-die-wunderlampe-leseheft\/"},"modified":"2026-04-18T15:33:50","modified_gmt":"2026-04-18T12:33:50","slug":"aladdin-und-die-wunderlampe-leseheft","status":"publish","type":"product","link":"https:\/\/exlibris.ee\/en\/product\/aladdin-und-die-wunderlampe-leseheft\/","title":{"rendered":"Aladdin und die Wunderlampe  Leseheft"},"content":{"rendered":"<p>&#8220;Leseclub&#8221; ist eine Reihe mit Lekt\u00fcren f\u00fcr Kinder in der Grundstufe. Auf der Niveaustufe A1 werden M\u00e4rchen nacherz\u00e4hlt. Die durchgehend vierfarbigen Illustrationen stehen im Mittelpunkt und unterst\u00fctzen das Verst\u00e4ndnis des Textes. Der zentrale Wortschatz ist am Anfang des Buches aufgelistet. Mithilfe eines Zauberrings und des Geistes aus der Wunderlampe bringt es der arme Aladdin zu Reichtum und Gl\u00fcck. Doch der b\u00f6se Magier m\u00f6chte ihm diese wieder entrei\u00dfen.<\/p>\n","protected":false},"excerpt":{"rendered":"<p>&#8220;Leseclub&#8221; ist eine Reihe mit Lekt\u00fcren f\u00fcr Kinder in der Grundstufe. Auf der Niveaustufe A1 werden M\u00e4rchen nacherz\u00e4hlt. Die durchgehend vierfarbigen Illustrationen stehen im Mittelpunkt und unterst\u00fctzen das Verst\u00e4ndnis des Textes. Der zentrale Wortschatz ist am Anfang des Buches aufgelistet&#8230;.<\/p>\n","protected":false},"featured_media":55897,"template":"","meta":{"_acf_changed":false,"inline_featured_image":false},"product_brand":[],"product_cat":[851],"product_tag":[],"series":[],"publisher":[{"id":497,"name":"Hueber Verlag","slug":"hueber-verlag"}],"class_list":{"0":"post-44807","1":"product","2":"type-product","3":"status-publish","4":"has-post-thumbnail","6":"product_cat-lesetexte-deutsch","7":"publisher-hueber-verlag","9":"first","10":"onbackorder","11":"taxable","12":"shipping-taxable","13":"purchasable","14":"product-type-simple"},"acf":[],"_links":{"self":[{"href":"https:\/\/exlibris.ee\/en\/wp-json\/wp\/v2\/product\/44807","targetHints":{"allow":["GET"]}}],"collection":[{"href":"https:\/\/exlibris.ee\/en\/wp-json\/wp\/v2\/product"}],"about":[{"href":"https:\/\/exlibris.ee\/en\/wp-json\/wp\/v2\/types\/product"}],"wp:featuredmedia":[{"embeddable":true,"href":"https:\/\/exlibris.ee\/en\/wp-json\/wp\/v2\/media\/55897"}],"wp:attachment":[{"href":"https:\/\/exlibris.ee\/en\/wp-json\/wp\/v2\/media?parent=44807"}],"wp:term":[{"taxonomy":"product_brand","embeddable":true,"href":"https:\/\/exlibris.ee\/en\/wp-json\/wp\/v2\/product_brand?post=44807"},{"taxonomy":"product_cat","embeddable":true,"href":"https:\/\/exlibris.ee\/en\/wp-json\/wp\/v2\/product_cat?post=44807"},{"taxonomy":"product_tag","embeddable":true,"href":"https:\/\/exlibris.ee\/en\/wp-json\/wp\/v2\/product_tag?post=44807"},{"taxonomy":"series","embeddable":true,"href":"https:\/\/exlibris.ee\/en\/wp-json\/wp\/v2\/series?post=44807"},{"taxonomy":"publisher","embeddable":true,"href":"https:\/\/exlibris.ee\/en\/wp-json\/wp\/v2\/publisher?post=44807"}],"curies":[{"name":"wp","href":"https:\/\/api.w.org\/{rel}","templated":true}]}}